{"id":588,"date":"2023-01-02T20:22:16","date_gmt":"2023-01-02T19:22:16","guid":{"rendered":"https:\/\/together-for-safety.com\/otisk\/"},"modified":"2023-02-20T15:54:15","modified_gmt":"2023-02-20T14:54:15","slug":"otisk","status":"publish","type":"page","link":"https:\/\/together-for-safety.com\/cs\/otisk\/","title":{"rendered":"Tisk"},"content":{"rendered":"<p>[et_pb_section fb_built=&#8220;1&#8243; theme_builder_area=&#8220;post_content&#8220; _builder_version=&#8220;4.19.4&#8243; _module_preset=&#8220;default&#8220;][et_pb_row _builder_version=&#8220;4.19.4&#8243; _module_preset=&#8220;default&#8220; custom_padding=&#8220;0px||||false|false&#8220; animation_style=&#8220;fade&#8220; global_colors_info=&#8220;{}&#8220; theme_builder_area=&#8220;post_content&#8220;][et_pb_column type=&#8220;4_4&#8243; _builder_version=&#8220;4.19.4&#8243; _module_preset=&#8220;default&#8220; global_colors_info=&#8220;{}&#8220; theme_builder_area=&#8220;post_content&#8220;][et_pb_text _builder_version=&#8220;4.19.4&#8243; _module_preset=&#8220;default&#8220; custom_margin=&#8220;||60px||false|false&#8220; animation_style=&#8220;fade&#8220; hover_enabled=&#8220;0&#8243; global_colors_info=&#8220;{}&#8220; theme_builder_area=&#8220;post_content&#8220; sticky_enabled=&#8220;0&#8243;]<\/p>\n<h1 class=\"p1\"><span class=\"s1\" style=\"color: #392152;\">Tisk<\/span><\/h1>\n<p>[\/et_pb_text][et_pb_text _builder_version=&#8220;4.19.4&#8243; _module_preset=&#8220;default&#8220; animation_style=&#8220;fade&#8220; hover_enabled=&#8220;0&#8243; global_colors_info=&#8220;{}&#8220; custom_css_before_last_edited=&#8220;on|desktop&#8220; theme_builder_area=&#8220;post_content&#8220; sticky_enabled=&#8220;0&#8243;]<\/p>\n<p>Dyckerhoff GmbH (spole\u010dnost s ru\u010den\u00edm omezen\u00fdm)<br \/>Biebricher Strasse 68<br \/>65203 Wiesbaden<br \/>PO Box 22 47<br \/>65012 Wiesbaden  <\/p>\n<p>Centr\u00e1ln\u00ed:<br \/>Telefon: +49 611 676-0<br \/>Fax: +49 611 676-10 40<br \/>E-mail:<span> <\/span><a href=\"mailto:info@dyckerhoff.com\">info@dyckerhoff.com<\/a><\/p>\n<p>Zastoupeni gener\u00e1ln\u00edmi \u0159editeli: Dirk Beese, Luigi (Gigi) Buzzi  <\/p>\n<p>Rejst\u0159\u00edkov\u00fd soud Wiesbaden HRB 27594 Identifika\u010dn\u00ed \u010d\u00edslo pro da\u0148 z prodeje: DE 113 822 533<\/p>\n<p class=\"p1\"><span class=\"s1\"><\/span><\/p>\n<p>[\/et_pb_text][\/et_pb_column][\/et_pb_row][\/et_pb_section]<\/p>\n","protected":false},"excerpt":{"rendered":"<p>TiskDyckerhoff GmbH (spole\u010dnost s ru\u010den\u00edm omezen\u00fdm)Biebricher Strasse 6865203 WiesbadenPO Box 22 4765012 Wiesbaden Centr\u00e1ln\u00ed:Telefon: +49 611 676-0Fax: +49 611 676-10 40E-mail: info@dyckerhoff.com Zastoupeni gener\u00e1ln\u00edmi \u0159editeli: Dirk Beese, Luigi (Gigi) Buzzi Rejst\u0159\u00edkov\u00fd soud Wiesbaden HRB 27594 Identifika\u010dn\u00ed \u010d\u00edslo pro da\u0148 z prodeje: DE 113 822 533<\/p>\n","protected":false},"author":2,"featured_media":0,"parent":0,"menu_order":0,"comment_status":"closed","ping_status":"closed","template":"","meta":{"_et_pb_use_builder":"on","_et_pb_old_content":"","_et_gb_content_width":"","_themeisle_gutenberg_block_has_review":false,"footnotes":""},"class_list":["post-588","page","type-page","status-publish","hentry"],"yoast_head":"<!-- This site is optimized with the Yoast SEO plugin v27.4 - https:\/\/yoast.com\/product\/yoast-seo-wordpress\/ -->\n<title>Tisk - Together for Safety<\/title>\n<meta name=\"robots\" content=\"index, follow, max-snippet:-1, max-image-preview:large, max-video-preview:-1\" \/>\n<link rel=\"canonical\" href=\"https:\/\/together-for-safety.com\/cs\/otisk\/\" \/>\n<meta property=\"og:locale\" content=\"cs_CZ\" \/>\n<meta property=\"og:type\" content=\"article\" \/>\n<meta property=\"og:title\" content=\"Tisk - Together for Safety\" \/>\n<meta property=\"og:description\" content=\"TiskDyckerhoff GmbH (spole\u010dnost s ru\u010den\u00edm omezen\u00fdm)Biebricher Strasse 6865203 WiesbadenPO Box 22 4765012 Wiesbaden Centr\u00e1ln\u00ed:Telefon: +49 611 676-0Fax: +49 611 676-10 40E-mail: info@dyckerhoff.com Zastoupeni gener\u00e1ln\u00edmi \u0159editeli: Dirk Beese, Luigi (Gigi) Buzzi Rejst\u0159\u00edkov\u00fd soud Wiesbaden HRB 27594 Identifika\u010dn\u00ed \u010d\u00edslo pro da\u0148 z prodeje: DE 113 822 533\" \/>\n<meta property=\"og:url\" content=\"https:\/\/together-for-safety.com\/cs\/otisk\/\" \/>\n<meta property=\"og:site_name\" content=\"Together for Safety\" \/>\n<meta property=\"article:modified_time\" content=\"2023-02-20T14:54:15+00:00\" \/>\n<meta name=\"twitter:card\" content=\"summary_large_image\" \/>\n<meta name=\"twitter:label1\" content=\"Odhadovan\u00e1 doba \u010dten\u00ed\" \/>\n\t<meta name=\"twitter:data1\" content=\"1 minuta\" \/>\n<script type=\"application\/ld+json\" class=\"yoast-schema-graph\">{\"@context\":\"https:\\\/\\\/schema.org\",\"@graph\":[{\"@type\":\"WebPage\",\"@id\":\"https:\\\/\\\/together-for-safety.com\\\/cs\\\/otisk\\\/\",\"url\":\"https:\\\/\\\/together-for-safety.com\\\/cs\\\/otisk\\\/\",\"name\":\"Tisk - Together for Safety\",\"isPartOf\":{\"@id\":\"https:\\\/\\\/together-for-safety.com\\\/cs\\\/#website\"},\"datePublished\":\"2023-01-02T19:22:16+00:00\",\"dateModified\":\"2023-02-20T14:54:15+00:00\",\"breadcrumb\":{\"@id\":\"https:\\\/\\\/together-for-safety.com\\\/cs\\\/otisk\\\/#breadcrumb\"},\"inLanguage\":\"cs\",\"potentialAction\":[{\"@type\":\"ReadAction\",\"target\":[\"https:\\\/\\\/together-for-safety.com\\\/cs\\\/otisk\\\/\"]}]},{\"@type\":\"BreadcrumbList\",\"@id\":\"https:\\\/\\\/together-for-safety.com\\\/cs\\\/otisk\\\/#breadcrumb\",\"itemListElement\":[{\"@type\":\"ListItem\",\"position\":1,\"name\":\"Startseite\",\"item\":\"https:\\\/\\\/together-for-safety.com\\\/cs\\\/\"},{\"@type\":\"ListItem\",\"position\":2,\"name\":\"Tisk\"}]},{\"@type\":\"WebSite\",\"@id\":\"https:\\\/\\\/together-for-safety.com\\\/cs\\\/#website\",\"url\":\"https:\\\/\\\/together-for-safety.com\\\/cs\\\/\",\"name\":\"Together for Safety\",\"description\":\"Kampagne zur Arbeitssicherheit von Dyckerhoff\",\"potentialAction\":[{\"@type\":\"SearchAction\",\"target\":{\"@type\":\"EntryPoint\",\"urlTemplate\":\"https:\\\/\\\/together-for-safety.com\\\/cs\\\/?s={search_term_string}\"},\"query-input\":{\"@type\":\"PropertyValueSpecification\",\"valueRequired\":true,\"valueName\":\"search_term_string\"}}],\"inLanguage\":\"cs\"}]}<\/script>\n<!-- \/ Yoast SEO plugin. -->","yoast_head_json":{"title":"Tisk - Together for Safety","robots":{"index":"index","follow":"follow","max-snippet":"max-snippet:-1","max-image-preview":"max-image-preview:large","max-video-preview":"max-video-preview:-1"},"canonical":"https:\/\/together-for-safety.com\/cs\/otisk\/","og_locale":"cs_CZ","og_type":"article","og_title":"Tisk - Together for Safety","og_description":"TiskDyckerhoff GmbH (spole\u010dnost s ru\u010den\u00edm omezen\u00fdm)Biebricher Strasse 6865203 WiesbadenPO Box 22 4765012 Wiesbaden Centr\u00e1ln\u00ed:Telefon: +49 611 676-0Fax: +49 611 676-10 40E-mail: info@dyckerhoff.com Zastoupeni gener\u00e1ln\u00edmi \u0159editeli: Dirk Beese, Luigi (Gigi) Buzzi Rejst\u0159\u00edkov\u00fd soud Wiesbaden HRB 27594 Identifika\u010dn\u00ed \u010d\u00edslo pro da\u0148 z prodeje: DE 113 822 533","og_url":"https:\/\/together-for-safety.com\/cs\/otisk\/","og_site_name":"Together for Safety","article_modified_time":"2023-02-20T14:54:15+00:00","twitter_card":"summary_large_image","twitter_misc":{"Odhadovan\u00e1 doba \u010dten\u00ed":"1 minuta"},"schema":{"@context":"https:\/\/schema.org","@graph":[{"@type":"WebPage","@id":"https:\/\/together-for-safety.com\/cs\/otisk\/","url":"https:\/\/together-for-safety.com\/cs\/otisk\/","name":"Tisk - Together for Safety","isPartOf":{"@id":"https:\/\/together-for-safety.com\/cs\/#website"},"datePublished":"2023-01-02T19:22:16+00:00","dateModified":"2023-02-20T14:54:15+00:00","breadcrumb":{"@id":"https:\/\/together-for-safety.com\/cs\/otisk\/#breadcrumb"},"inLanguage":"cs","potentialAction":[{"@type":"ReadAction","target":["https:\/\/together-for-safety.com\/cs\/otisk\/"]}]},{"@type":"BreadcrumbList","@id":"https:\/\/together-for-safety.com\/cs\/otisk\/#breadcrumb","itemListElement":[{"@type":"ListItem","position":1,"name":"Startseite","item":"https:\/\/together-for-safety.com\/cs\/"},{"@type":"ListItem","position":2,"name":"Tisk"}]},{"@type":"WebSite","@id":"https:\/\/together-for-safety.com\/cs\/#website","url":"https:\/\/together-for-safety.com\/cs\/","name":"Together for Safety","description":"Kampagne zur Arbeitssicherheit von Dyckerhoff","potentialAction":[{"@type":"SearchAction","target":{"@type":"EntryPoint","urlTemplate":"https:\/\/together-for-safety.com\/cs\/?s={search_term_string}"},"query-input":{"@type":"PropertyValueSpecification","valueRequired":true,"valueName":"search_term_string"}}],"inLanguage":"cs"}]}},"_links":{"self":[{"href":"https:\/\/together-for-safety.com\/cs\/wp-json\/wp\/v2\/pages\/588","targetHints":{"allow":["GET"]}}],"collection":[{"href":"https:\/\/together-for-safety.com\/cs\/wp-json\/wp\/v2\/pages"}],"about":[{"href":"https:\/\/together-for-safety.com\/cs\/wp-json\/wp\/v2\/types\/page"}],"author":[{"embeddable":true,"href":"https:\/\/together-for-safety.com\/cs\/wp-json\/wp\/v2\/users\/2"}],"replies":[{"embeddable":true,"href":"https:\/\/together-for-safety.com\/cs\/wp-json\/wp\/v2\/comments?post=588"}],"version-history":[{"count":9,"href":"https:\/\/together-for-safety.com\/cs\/wp-json\/wp\/v2\/pages\/588\/revisions"}],"predecessor-version":[{"id":3377,"href":"https:\/\/together-for-safety.com\/cs\/wp-json\/wp\/v2\/pages\/588\/revisions\/3377"}],"wp:attachment":[{"href":"https:\/\/together-for-safety.com\/cs\/wp-json\/wp\/v2\/media?parent=588"}],"curies":[{"name":"wp","href":"https:\/\/api.w.org\/{rel}","templated":true}]}}