{"id":610,"date":"2022-12-31T11:00:10","date_gmt":"2022-12-31T10:00:10","guid":{"rendered":"https:\/\/together-for-safety.com\/informace-pro-partnerske-spolecnosti\/"},"modified":"2023-07-27T14:26:08","modified_gmt":"2023-07-27T12:26:08","slug":"informace-pro-partnerske-spolecnosti","status":"publish","type":"page","link":"https:\/\/together-for-safety.com\/cs\/informace-pro-partnerske-spolecnosti\/","title":{"rendered":"Informace pro partnersk\u00e9 spole\u010dnosti"},"content":{"rendered":"<p>[et_pb_section fb_built=&#8220;1&#8243; _builder_version=&#8220;4.19.4&#8243; _module_preset=&#8220;default&#8220; background_color=&#8220;#eaeaea&#8220; custom_margin=&#8220;0px|0px|0px|0px|false|false&#8220; custom_padding=&#8220;0px|0px|0px|0px|false|false&#8220; animation_style=&#8220;fade&#8220; global_colors_info=&#8220;{}&#8220;][et_pb_row _builder_version=&#8220;4.19.4&#8243; _module_preset=&#8220;default&#8220; background_color=&#8220;RGBA(255,255,255,0)&#8220; width=&#8220;100%&#8220; custom_margin=&#8220;0px||0px||false|false&#8220; custom_padding=&#8220;0px||0px||false|false&#8220; global_colors_info=&#8220;{}&#8220;][et_pb_column type=&#8220;4_4&#8243; _builder_version=&#8220;4.19.4&#8243; _module_preset=&#8220;default&#8220; background_color=&#8220;RGBA(255,255,255,0)&#8220; global_colors_info=&#8220;{}&#8220;][et_pb_image src=&#8220;https:\/\/together-for-safety.com\/wp-content\/uploads\/2023\/07\/Bild-CZ-schmal.jpg&#8220; alt=&#8220;Partnersk\u00e9 spole\u010dnosti spole\u010dnosti Dyckerhoff v oblasti bezpe\u010dnosti pr\u00e1ce&#8220; title_text=&#8220;Bild CZ schmal&#8220; _builder_version=&#8220;4.21.0&#8243; _module_preset=&#8220;default&#8220; hover_enabled=&#8220;0&#8243; global_colors_info=&#8220;{}&#8220; sticky_enabled=&#8220;0&#8243;][\/et_pb_image][\/et_pb_column][\/et_pb_row][\/et_pb_section][et_pb_section fb_built=&#8220;1&#8243; _builder_version=&#8220;4.19.4&#8243; _module_preset=&#8220;default&#8220; global_colors_info=&#8220;{}&#8220;][et_pb_row _builder_version=&#8220;4.19.4&#8243; _module_preset=&#8220;default&#8220; custom_padding=&#8220;0px||||false|false&#8220; animation_style=&#8220;fade&#8220; global_colors_info=&#8220;{}&#8220;][et_pb_column type=&#8220;4_4&#8243; _builder_version=&#8220;4.19.4&#8243; _module_preset=&#8220;default&#8220; global_colors_info=&#8220;{}&#8220;][et_pb_text _builder_version=&#8220;4.19.5&#8243; _module_preset=&#8220;default&#8220; custom_margin=&#8220;||60px||false|false&#8220; animation_style=&#8220;fade&#8220; global_colors_info=&#8220;{}&#8220;]<\/p>\n<h1 class=\"p1\"><span class=\"s1\" style=\"color: #392152;\">Partner v oblasti bezpe\u010dnosti<br \/><\/span><\/h1>\n<h2 class=\"p1\"><span class=\"s1\" style=\"color: #9d2c87;\">  Informace pro na\u0161e dodavatele  <\/span><\/h2>\n<p>[\/et_pb_text][et_pb_text _builder_version=&#8220;4.19.5&#8243; _module_preset=&#8220;default&#8220; animation_style=&#8220;fade&#8220; global_colors_info=&#8220;{}&#8220; custom_css_before_last_edited=&#8220;on|desktop&#8220;]<\/p>\n<p class=\"p1\"><span class=\"s1\">Bezpe\u010dnost pr\u00e1ce pro n\u00e1s nekon\u010d\u00ed z\u00e1vazkem v\u016f\u010di vlastn\u00edm zam\u011bstnanc\u016fm. P\u016fsob\u00edme tak\u00e9 na na\u0161e dodavatele a zhotovitele, abychom propagovali bezpe\u010dnou pr\u00e1ci i mezi nimi. Proto jsou zam\u011bstnanci na\u0161ich dodavatel\u016f tak\u00e9 d\u016fle\u017eitou c\u00edlovou skupinou kampan\u011b bezpe\u010dnosti pr\u00e1ce a pova\u017eujeme je za jej\u00ed p\u0159irozenou sou\u010d\u00e1st. Oni, stejn\u011b jako ka\u017ed\u00fd zam\u011bstnanec spole\u010dnosti Dyckerhoff, by se m\u011bli c\u00edtit osloveni obsahem t\u00fdkaj\u00edc\u00edm se bezpe\u010dnosti, kter\u00fd zviditel\u0148ujeme prost\u0159ednictv\u00edm plak\u00e1t\u016f, banner\u016f a dal\u0161\u00edch materi\u00e1l\u016f v prostor\u00e1ch spole\u010dnosti. Krom\u011b toho jsou zejm\u00e9na spole\u010dnosti p\u016fsob\u00edc\u00ed v prostor\u00e1ch na\u0161\u00ed spole\u010dnosti smluvn\u011b zav\u00e1z\u00e1ny dodr\u017eovat na\u0161e normy bezpe\u010dnosti pr\u00e1ce a souvisej\u00edc\u00ed opat\u0159en\u00ed.  <\/span><\/p>\n<p class=\"p1\"><span class=\"s1\">Abychom zam\u011bstnanc\u016fm na\u0161ich dodavatel\u016f poskytli co nejv\u00edce informac\u00ed, shrom\u00e1\u017edili jsme pro n\u011b v\u0161echny dokumenty t\u00fdkaj\u00edc\u00ed se bezpe\u010dnosti.  <\/span><\/p>\n<p>[\/et_pb_text][et_pb_text _builder_version=&#8220;4.19.5&#8243; _module_preset=&#8220;default&#8220; custom_margin=&#8220;80px||0px||false|false&#8220; animation_style=&#8220;fade&#8220; global_colors_info=&#8220;{}&#8220;]<\/p>\n<h2 class=\"p1\"><span class=\"s1\" style=\"color: #9d2c87;\"> Let\u00e1ky pro extern\u00ed spole\u010dnosti<\/span><\/h2>\n<p>[\/et_pb_text][et_pb_text _builder_version=&#8220;4.19.5&#8243; _module_preset=&#8220;default&#8220; custom_margin=&#8220;20px||0px||false|false&#8220; custom_padding=&#8220;||||false|false&#8220; global_colors_info=&#8220;{}&#8220;]<\/p>\n<p class=\"p1\"><span class=\"s1\">Informa\u010dn\u00ed listy pro extern\u00ed spole\u010dnosti jsou ke sta\u017een\u00ed n\u00ed\u017ee.<\/span><\/p>\n<p class=\"p1\">[\/et_pb_text][\/et_pb_column][\/et_pb_row][et_pb_row column_structure=&#8220;1_3,2_3&#8243; custom_padding_last_edited=&#8220;on|desktop&#8220; _builder_version=&#8220;4.19.5&#8243; _module_preset=&#8220;default&#8220; background_color=&#8220;#eaeaea&#8220; custom_padding=&#8220;||||false|false&#8220; custom_padding_tablet=&#8220;|20px||20px|false|false&#8220; custom_padding_phone=&#8220;|20px||20px|false|false&#8220; animation_style=&#8220;fade&#8220; border_radii=&#8220;on|20px|20px|20px|20px&#8220; global_colors_info=&#8220;{}&#8220;][et_pb_column type=&#8220;1_3&#8243; _builder_version=&#8220;4.19.5&#8243; _module_preset=&#8220;default&#8220; global_colors_info=&#8220;{}&#8220;][et_pb_icon font_icon=&#8220;&#xf1c1;||fa||400&#8243; icon_color=&#8220;#cc3942&#8243; icon_width=&#8220;68px&#8220; _builder_version=&#8220;4.19.5&#8243; _module_preset=&#8220;default&#8220; global_colors_info=&#8220;{}&#8220;][\/et_pb_icon][\/et_pb_column][et_pb_column type=&#8220;2_3&#8243; _builder_version=&#8220;4.19.5&#8243; _module_preset=&#8220;default&#8220; global_colors_info=&#8220;{}&#8220;][et_pb_text _builder_version=&#8220;4.20.0&#8243; _module_preset=&#8220;default&#8220; global_colors_info=&#8220;{}&#8220;]<\/p>\n<p>Cement<\/p>\n<p><a href=\"https:\/\/together-for-safety.com\/wp-content\/uploads\/2023\/02\/Vstup-a-vjezd-do-organizace-Cement-Hranice-akciova-spolecnost.pdf\" rel=\"attachment wp-att-3421\">Vstup a vjezd do organizace Cement Hranice, akciov\u00e1 spole\u010dnost<\/a><\/p>\n<p><a href=\"https:\/\/together-for-safety.com\/wp-content\/uploads\/2023\/02\/Zakladni-pozadavky-BOZP-a-PO-na-ridice-smluvnich-dopravcu_prepravcu-a-zakazniku.pdf\" rel=\"attachment wp-att-3428\">Z\u00e1kladn\u00ed po\u017eadavky BOZP a PO na \u0159idi\u010de smluvn\u00edch dopravc\u016f_p\u0159epravc\u016f a z\u00e1kazn\u00edk\u016f<\/a><\/p>\n<p>Beton<\/p>\n<p><a href=\"https:\/\/together-for-safety.com\/wp-content\/uploads\/2023\/03\/2023-General-Safety-instructions-ZAPA-beton.pdf\" rel=\"attachment wp-att-3498\">2023 General Safety instructions ZAPA beton<\/a><\/p>\n<p>[\/et_pb_text][\/et_pb_column][\/et_pb_row][et_pb_row _builder_version=&#8220;4.19.4&#8243; _module_preset=&#8220;default&#8220; global_colors_info=&#8220;{}&#8220;][et_pb_column type=&#8220;4_4&#8243; _builder_version=&#8220;4.19.4&#8243; _module_preset=&#8220;default&#8220; global_colors_info=&#8220;{}&#8220;][et_pb_text _builder_version=&#8220;4.19.5&#8243; _module_preset=&#8220;default&#8220; custom_margin=&#8220;80px||0px||false|false&#8220; animation_style=&#8220;fade&#8220; global_colors_info=&#8220;{}&#8220;]<\/p>\n<h2 class=\"p1\"><span class=\"s1\" style=\"color: #9d2c87;\"> Kontakt<\/span><\/h2>\n<p>[\/et_pb_text][et_pb_text _builder_version=&#8220;4.19.5&#8243; _module_preset=&#8220;default&#8220; animation_style=&#8220;fade&#8220; global_colors_info=&#8220;{}&#8220;]<\/p>\n<p class=\"p1\"><span class=\"s1\">V p\u0159\u00edpad\u011b dotaz\u016f t\u00fdkaj\u00edc\u00edch se bezpe\u010dnosti a ochrany zdrav\u00ed p\u0159i pr\u00e1ci ve spole\u010dnosti Dyckerhoff se obra\u0165te na:<\/span><span class=\"s1\"><a href=\"mailto:gabriele.woska@dyckerhoff.com\"><\/a><\/span><\/p>\n<p>[\/et_pb_text][\/et_pb_column][\/et_pb_row][et_pb_row column_structure=&#8220;1_2,1_2&#8243; _builder_version=&#8220;4.19.5&#8243; _module_preset=&#8220;default&#8220; custom_padding=&#8220;30px|||||&#8220; global_colors_info=&#8220;{}&#8220;][et_pb_column type=&#8220;1_2&#8243; _builder_version=&#8220;4.19.5&#8243; _module_preset=&#8220;default&#8220; global_colors_info=&#8220;{}&#8220;][et_pb_text _builder_version=&#8220;4.20.0&#8243; _module_preset=&#8220;default&#8220; animation_style=&#8220;fade&#8220; global_colors_info=&#8220;{}&#8220;]<\/p>\n<p class=\"p1\"><span class=\"s1\"><b>Cement Hranice<\/b><\/span><\/p>\n<p class=\"p1\"><span class=\"s1\">Vlastimil Suchy<b><br \/><\/b>Telefon: +420 581 829 333<br \/>E-mail: <a href=\"mailto:vlastimil.suchy@cement.cz\">vlastimil.suchy@cement.cz<\/a><\/span><\/p>\n<p class=\"p1\">[\/et_pb_text][\/et_pb_column][et_pb_column type=&#8220;1_2&#8243; _builder_version=&#8220;4.19.5&#8243; _module_preset=&#8220;default&#8220; global_colors_info=&#8220;{}&#8220;][et_pb_text _builder_version=&#8220;4.20.0&#8243; _module_preset=&#8220;default&#8220; animation_style=&#8220;fade&#8220; global_colors_info=&#8220;{}&#8220;]<\/p>\n<p class=\"p1\"><span class=\"s1\"><b>ZAPA beton<\/b><\/span><\/p>\n<p class=\"p1\"><span class=\"s1\">Petr \u010cu\u0159\u00edk<br \/>Telefon: +420 608 423 229<br \/>E-mail:\u00a0<a href=\"mailto: petr.curik@zapa.cz\">petr.curik@zapa.cz<\/a><\/span><span class=\"s1\"><\/span><\/p>\n<p class=\"p1\"><span class=\"s1\">Slavom\u00edr Jurga<br \/>Telefon: +420 771 123 590<br \/>E-mail: <a href=\"mailto:slavomir.jurga@zapa.cz\">slavomir.jurga@zapa.cz<\/a><\/span><\/p>\n<p>[\/et_pb_text][\/et_pb_column][\/et_pb_row][\/et_pb_section]<\/p>\n","protected":false},"excerpt":{"rendered":"<p>Partner v oblasti bezpe\u010dnosti Informace pro na\u0161e dodavatele Bezpe\u010dnost pr\u00e1ce pro n\u00e1s nekon\u010d\u00ed z\u00e1vazkem v\u016f\u010di vlastn\u00edm zam\u011bstnanc\u016fm. P\u016fsob\u00edme tak\u00e9 na na\u0161e dodavatele a zhotovitele, abychom propagovali bezpe\u010dnou pr\u00e1ci i mezi nimi. Proto jsou zam\u011bstnanci na\u0161ich dodavatel\u016f tak\u00e9 d\u016fle\u017eitou c\u00edlovou skupinou kampan\u011b bezpe\u010dnosti pr\u00e1ce a pova\u017eujeme je za jej\u00ed p\u0159irozenou sou\u010d\u00e1st. Oni, stejn\u011b jako ka\u017ed\u00fd zam\u011bstnanec [&hellip;]<\/p>\n","protected":false},"author":2,"featured_media":0,"parent":0,"menu_order":0,"comment_status":"closed","ping_status":"closed","template":"","meta":{"_et_pb_use_builder":"on","_et_pb_old_content":"","_et_gb_content_width":"","_themeisle_gutenberg_block_has_review":false,"footnotes":""},"class_list":["post-610","page","type-page","status-publish","hentry"],"yoast_head":"<!-- This site is optimized with the Yoast SEO plugin v27.4 - https:\/\/yoast.com\/product\/yoast-seo-wordpress\/ -->\n<title>Informace pro partnersk\u00e9 spole\u010dnosti - Together for Safety<\/title>\n<meta name=\"robots\" content=\"index, follow, max-snippet:-1, max-image-preview:large, max-video-preview:-1\" \/>\n<link rel=\"canonical\" href=\"https:\/\/together-for-safety.com\/cs\/informace-pro-partnerske-spolecnosti\/\" \/>\n<meta property=\"og:locale\" content=\"cs_CZ\" \/>\n<meta property=\"og:type\" content=\"article\" \/>\n<meta property=\"og:title\" content=\"Informace pro partnersk\u00e9 spole\u010dnosti - Together for Safety\" \/>\n<meta property=\"og:description\" content=\"Partner v oblasti bezpe\u010dnosti Informace pro na\u0161e dodavatele Bezpe\u010dnost pr\u00e1ce pro n\u00e1s nekon\u010d\u00ed z\u00e1vazkem v\u016f\u010di vlastn\u00edm zam\u011bstnanc\u016fm. P\u016fsob\u00edme tak\u00e9 na na\u0161e dodavatele a zhotovitele, abychom propagovali bezpe\u010dnou pr\u00e1ci i mezi nimi. Proto jsou zam\u011bstnanci na\u0161ich dodavatel\u016f tak\u00e9 d\u016fle\u017eitou c\u00edlovou skupinou kampan\u011b bezpe\u010dnosti pr\u00e1ce a pova\u017eujeme je za jej\u00ed p\u0159irozenou sou\u010d\u00e1st. Oni, stejn\u011b jako ka\u017ed\u00fd zam\u011bstnanec [&hellip;]\" \/>\n<meta property=\"og:url\" content=\"https:\/\/together-for-safety.com\/cs\/informace-pro-partnerske-spolecnosti\/\" \/>\n<meta property=\"og:site_name\" content=\"Together for Safety\" \/>\n<meta property=\"article:modified_time\" content=\"2023-07-27T12:26:08+00:00\" \/>\n<meta name=\"twitter:card\" content=\"summary_large_image\" \/>\n<meta name=\"twitter:label1\" content=\"Odhadovan\u00e1 doba \u010dten\u00ed\" \/>\n\t<meta name=\"twitter:data1\" content=\"4 minuty\" \/>\n<script type=\"application\/ld+json\" class=\"yoast-schema-graph\">{\"@context\":\"https:\\\/\\\/schema.org\",\"@graph\":[{\"@type\":\"WebPage\",\"@id\":\"https:\\\/\\\/together-for-safety.com\\\/cs\\\/informace-pro-partnerske-spolecnosti\\\/\",\"url\":\"https:\\\/\\\/together-for-safety.com\\\/cs\\\/informace-pro-partnerske-spolecnosti\\\/\",\"name\":\"Informace pro partnersk\u00e9 spole\u010dnosti - Together for Safety\",\"isPartOf\":{\"@id\":\"https:\\\/\\\/together-for-safety.com\\\/cs\\\/#website\"},\"datePublished\":\"2022-12-31T10:00:10+00:00\",\"dateModified\":\"2023-07-27T12:26:08+00:00\",\"breadcrumb\":{\"@id\":\"https:\\\/\\\/together-for-safety.com\\\/cs\\\/informace-pro-partnerske-spolecnosti\\\/#breadcrumb\"},\"inLanguage\":\"cs\",\"potentialAction\":[{\"@type\":\"ReadAction\",\"target\":[\"https:\\\/\\\/together-for-safety.com\\\/cs\\\/informace-pro-partnerske-spolecnosti\\\/\"]}]},{\"@type\":\"BreadcrumbList\",\"@id\":\"https:\\\/\\\/together-for-safety.com\\\/cs\\\/informace-pro-partnerske-spolecnosti\\\/#breadcrumb\",\"itemListElement\":[{\"@type\":\"ListItem\",\"position\":1,\"name\":\"Startseite\",\"item\":\"https:\\\/\\\/together-for-safety.com\\\/cs\\\/\"},{\"@type\":\"ListItem\",\"position\":2,\"name\":\"Informace pro partnersk\u00e9 spole\u010dnosti\"}]},{\"@type\":\"WebSite\",\"@id\":\"https:\\\/\\\/together-for-safety.com\\\/cs\\\/#website\",\"url\":\"https:\\\/\\\/together-for-safety.com\\\/cs\\\/\",\"name\":\"Together for Safety\",\"description\":\"Kampagne zur Arbeitssicherheit von Dyckerhoff\",\"potentialAction\":[{\"@type\":\"SearchAction\",\"target\":{\"@type\":\"EntryPoint\",\"urlTemplate\":\"https:\\\/\\\/together-for-safety.com\\\/cs\\\/?s={search_term_string}\"},\"query-input\":{\"@type\":\"PropertyValueSpecification\",\"valueRequired\":true,\"valueName\":\"search_term_string\"}}],\"inLanguage\":\"cs\"}]}<\/script>\n<!-- \/ Yoast SEO plugin. -->","yoast_head_json":{"title":"Informace pro partnersk\u00e9 spole\u010dnosti - Together for Safety","robots":{"index":"index","follow":"follow","max-snippet":"max-snippet:-1","max-image-preview":"max-image-preview:large","max-video-preview":"max-video-preview:-1"},"canonical":"https:\/\/together-for-safety.com\/cs\/informace-pro-partnerske-spolecnosti\/","og_locale":"cs_CZ","og_type":"article","og_title":"Informace pro partnersk\u00e9 spole\u010dnosti - Together for Safety","og_description":"Partner v oblasti bezpe\u010dnosti Informace pro na\u0161e dodavatele Bezpe\u010dnost pr\u00e1ce pro n\u00e1s nekon\u010d\u00ed z\u00e1vazkem v\u016f\u010di vlastn\u00edm zam\u011bstnanc\u016fm. P\u016fsob\u00edme tak\u00e9 na na\u0161e dodavatele a zhotovitele, abychom propagovali bezpe\u010dnou pr\u00e1ci i mezi nimi. Proto jsou zam\u011bstnanci na\u0161ich dodavatel\u016f tak\u00e9 d\u016fle\u017eitou c\u00edlovou skupinou kampan\u011b bezpe\u010dnosti pr\u00e1ce a pova\u017eujeme je za jej\u00ed p\u0159irozenou sou\u010d\u00e1st. Oni, stejn\u011b jako ka\u017ed\u00fd zam\u011bstnanec [&hellip;]","og_url":"https:\/\/together-for-safety.com\/cs\/informace-pro-partnerske-spolecnosti\/","og_site_name":"Together for Safety","article_modified_time":"2023-07-27T12:26:08+00:00","twitter_card":"summary_large_image","twitter_misc":{"Odhadovan\u00e1 doba \u010dten\u00ed":"4 minuty"},"schema":{"@context":"https:\/\/schema.org","@graph":[{"@type":"WebPage","@id":"https:\/\/together-for-safety.com\/cs\/informace-pro-partnerske-spolecnosti\/","url":"https:\/\/together-for-safety.com\/cs\/informace-pro-partnerske-spolecnosti\/","name":"Informace pro partnersk\u00e9 spole\u010dnosti - Together for Safety","isPartOf":{"@id":"https:\/\/together-for-safety.com\/cs\/#website"},"datePublished":"2022-12-31T10:00:10+00:00","dateModified":"2023-07-27T12:26:08+00:00","breadcrumb":{"@id":"https:\/\/together-for-safety.com\/cs\/informace-pro-partnerske-spolecnosti\/#breadcrumb"},"inLanguage":"cs","potentialAction":[{"@type":"ReadAction","target":["https:\/\/together-for-safety.com\/cs\/informace-pro-partnerske-spolecnosti\/"]}]},{"@type":"BreadcrumbList","@id":"https:\/\/together-for-safety.com\/cs\/informace-pro-partnerske-spolecnosti\/#breadcrumb","itemListElement":[{"@type":"ListItem","position":1,"name":"Startseite","item":"https:\/\/together-for-safety.com\/cs\/"},{"@type":"ListItem","position":2,"name":"Informace pro partnersk\u00e9 spole\u010dnosti"}]},{"@type":"WebSite","@id":"https:\/\/together-for-safety.com\/cs\/#website","url":"https:\/\/together-for-safety.com\/cs\/","name":"Together for Safety","description":"Kampagne zur Arbeitssicherheit von Dyckerhoff","potentialAction":[{"@type":"SearchAction","target":{"@type":"EntryPoint","urlTemplate":"https:\/\/together-for-safety.com\/cs\/?s={search_term_string}"},"query-input":{"@type":"PropertyValueSpecification","valueRequired":true,"valueName":"search_term_string"}}],"inLanguage":"cs"}]}},"_links":{"self":[{"href":"https:\/\/together-for-safety.com\/cs\/wp-json\/wp\/v2\/pages\/610","targetHints":{"allow":["GET"]}}],"collection":[{"href":"https:\/\/together-for-safety.com\/cs\/wp-json\/wp\/v2\/pages"}],"about":[{"href":"https:\/\/together-for-safety.com\/cs\/wp-json\/wp\/v2\/types\/page"}],"author":[{"embeddable":true,"href":"https:\/\/together-for-safety.com\/cs\/wp-json\/wp\/v2\/users\/2"}],"replies":[{"embeddable":true,"href":"https:\/\/together-for-safety.com\/cs\/wp-json\/wp\/v2\/comments?post=610"}],"version-history":[{"count":29,"href":"https:\/\/together-for-safety.com\/cs\/wp-json\/wp\/v2\/pages\/610\/revisions"}],"predecessor-version":[{"id":5479,"href":"https:\/\/together-for-safety.com\/cs\/wp-json\/wp\/v2\/pages\/610\/revisions\/5479"}],"wp:attachment":[{"href":"https:\/\/together-for-safety.com\/cs\/wp-json\/wp\/v2\/media?parent=610"}],"curies":[{"name":"wp","href":"https:\/\/api.w.org\/{rel}","templated":true}]}}