{"id":636,"date":"2023-01-02T20:22:37","date_gmt":"2023-01-02T19:22:37","guid":{"rendered":"https:\/\/together-for-safety.com\/ochrana-udaju\/"},"modified":"2023-04-28T12:18:17","modified_gmt":"2023-04-28T10:18:17","slug":"ochrana-udaju","status":"publish","type":"page","link":"https:\/\/together-for-safety.com\/cs\/ochrana-udaju\/","title":{"rendered":"Ochrana \u00fadaj\u016f"},"content":{"rendered":"<p>[et_pb_section fb_built=&#8220;1&#8243; _builder_version=&#8220;4.19.4&#8243; _module_preset=&#8220;default&#8220; global_colors_info=&#8220;{}&#8220;][et_pb_row _builder_version=&#8220;4.19.4&#8243; _module_preset=&#8220;default&#8220; custom_padding=&#8220;0px||||false|false&#8220; animation_style=&#8220;fade&#8220; global_colors_info=&#8220;{}&#8220;][et_pb_column type=&#8220;4_4&#8243; _builder_version=&#8220;4.19.4&#8243; _module_preset=&#8220;default&#8220; global_colors_info=&#8220;{}&#8220;][et_pb_text _builder_version=&#8220;4.19.4&#8243; _module_preset=&#8220;default&#8220; custom_margin=&#8220;||60px||false|false&#8220; animation_style=&#8220;fade&#8220; global_colors_info=&#8220;{}&#8220;]<\/p>\n<h1 class=\"p1\"><span class=\"s1\" style=\"color: #392152;\">Ochrana \u00fadaj\u016f<\/span><\/h1>\n<h2 class=\"p1\">[\/et_pb_text][et_pb_text _builder_version=&#8220;4.21.0&#8243; _module_preset=&#8220;default&#8220; custom_padding=&#8220;||0px|||&#8220; animation_style=&#8220;fade&#8220; hover_enabled=&#8220;0&#8243; global_colors_info=&#8220;{}&#8220; custom_css_before_last_edited=&#8220;on|desktop&#8220; sticky_enabled=&#8220;0&#8243;]<\/p>\n<p class=\"p2\"><span class=\"s1\">Stav: b\u0159ezen 2023<\/span><\/p>\n<p class=\"p3\"><strong><span style=\"font-size: 18px;\">1. rozsah pou\u017eit\u00ed<\/span><\/strong><span class=\"s1\"><\/span><\/p>\n<ul>\n<li class=\"li5\"><span class=\"s3\"><a href=\"http:\/\/www.together-for-safety.de\"><span class=\"s4\">www.together-for-safety.com<\/span><\/a><\/span><\/li>\n<li class=\"li2\"><span class=\"s2\"><\/span><span class=\"s1\">\u017d\u00e1dosti o kontakt \/ zp\u011btn\u00e1 vazba v souvislosti s <span class=\"s5\"><br \/><a href=\"http:\/\/www.together-for-safety.de\">www.together-for-safety.com<\/a><br \/><a href=\"http:\/\/www.together-for-safety.de\"><\/a><br \/><\/span> <\/span><span class=\"s1\"><span class=\"s5\"><\/span><\/span><\/li>\n<\/ul>\n<p class=\"p3\"><span style=\"font-size: 18px;\"><\/span><\/p>\n<p class=\"p3\"><strong><span style=\"font-size: 18px;\">2. odpov\u011bdnost<\/span><\/strong><span class=\"s1\"><\/span><\/p>\n<p class=\"p2\"><span class=\"s1\">Pro zpracov\u00e1n\u00ed osobn\u00edch \u00fadaj\u016f za \u00fa\u010delem technick\u00e9ho zaji\u0161t\u011bn\u00ed <a href=\"http:\/\/www.together-for-safety.de\"><br \/><span class=\"s5\">www.together-for-safety.com<\/span><\/a>: <\/span><\/p>\n<p class=\"p6\"><span class=\"s1\">Dyckerhoff GmbH<\/span><span class=\"s6\"><br \/><\/span><span class=\"s1\">Biebricher Street 68<\/span><span class=\"s6\"><br \/><\/span><span class=\"s1\">65203 Wiesbaden<\/span><span class=\"s6\"> <\/span><\/p>\n<p class=\"p7\"><span class=\"s1\">Tel.: 0611 6760<br \/>E-mail: <a href=\"mailto:info@dyckerhoff.com\"><br \/><span class=\"s5\">info@dyckerhoff.com<\/span><br \/><\/a><\/span><\/p>\n<p class=\"p8\"><span class=\"s1\"><\/span><\/p>\n<p class=\"p2\"><span class=\"s1\">Za zpracov\u00e1n\u00ed osobn\u00edch \u00fadaj\u016f pro vy\u0159\u00edzen\u00ed kontaktn\u00edch dotaz\u016f \/ zp\u011btn\u00e9 vazby je odpov\u011bdn\u00e1 spole\u010dnost, kter\u00e9 p\u0159\u00edmo zas\u00edl\u00e1te sv\u016fj dotaz: <\/span><\/p>\n<p class=\"p6\"><span class=\"s1\">Dyckerhoff GmbH <\/span><span class=\"s6\"><br \/><\/span><span class=\"s1\">Biebricher Street 68<\/span><span class=\"s6\"><br \/><\/span><span class=\"s1\">65203 Wiesbaden<\/span><span class=\"s6\"> <\/span><\/p>\n<p class=\"p7\"><span class=\"s1\">Tel.: 0611 6760<br \/>E-mail: <a href=\"mailto:info@dyckerhoff.com\"><br \/><span class=\"s5\">info@dyckerhoff.com<\/span><br \/><\/a><\/span><\/p>\n<p class=\"p3\"><span class=\"s1\"><\/span><\/p>\n<p class=\"p6\"><span class=\"s1\">Dyckerhoff Beton GmbH &amp; Co KG<br \/>Bierbicher Street 68<br \/>65203 Wiesbaden <\/span><\/p>\n<p class=\"p7\"><span class=\"s1\">Tel.: 0611 6760<br \/>E-mail: <a href=\"mailto:info@dyckerhoff.com\"><br \/><span class=\"s5\">info@dyckerhoff.com<\/span><br \/><\/a><\/span><\/p>\n<p class=\"p3\"><span class=\"s1\"><\/span><\/p>\n<p class=\"p9\"><span class=\"s1\">Dyckerhoff Basal Nederland B.V.<\/span><\/p>\n<p class=\"p6\"><span class=\"s1\">Kelvinbaan 44<br \/>3439 MT Nieuwegein<\/span><\/p>\n<p class=\"p6\"><span class=\"s1\">Tel: +31 &#8211; 88 60 78 300<br \/>E-mail: info@dyckerhoff-basal.de<\/span><\/p>\n<p class=\"p10\"><span class=\"s1\"><\/span><\/p>\n<p class=\"p6\"><span class=\"s1\">Cimalux Soci\u00e9t\u00e9 anonyme<br \/>ZI Kolem Monkeleru<br \/>L-4149 Esch-sur-Alzette<\/span><\/p>\n<p class=\"p6\"><span class=\"s1\">Tel.: +352 55 25 25 -1<br \/>E-mail: <a href=\"mailto:info@cimalux.lu\"><br \/><span class=\"s5\">info@cimalux.lu<\/span><br \/><\/a><\/span><\/p>\n<p class=\"p11\"><span class=\"s1\"><\/span><\/p>\n<p class=\"p6\"><span class=\"s1\">Cement Hranice, akciov\u00e1 spole\u010dnost<br \/>B\u011blot\u00ednsk\u00e1 288<br \/>753 01 Hranice I &#8211; M\u011bsto<br \/>\u010cesk\u00e1 republika<\/span><\/p>\n<p class=\"p6\"><span class=\"s1\">Tel.: +420 581 829 111<br \/>E-mail: cement@cement.cz<\/span><\/p>\n<p class=\"p12\"><span class=\"s1\"><b><\/b><\/span><\/p>\n<p class=\"p7\"><span class=\"s1\">ZAPA beton a.s.<br \/>V\u00edde\u0148sk\u00e1 495<br \/>142 00 Praha 4<br \/>\u010cesk\u00e1 republika<\/span><\/p>\n<p class=\"p7\"><span class=\"s1\">Tel.: +420 226 004 444<br \/>E-mail: <a href=\"mailto:zapa@zapa.cz\"><br \/><span class=\"s5\">zapa@zapa.cz<\/span><br \/><\/a><\/span><\/p>\n<p class=\"p10\"><span class=\"s1\"><\/span><\/p>\n<p class=\"p6\"><span class=\"s1\">Dyckerhoff Polska Sp. z o.o.<br \/>ul. Zak\u0142adowa 3<br \/>26-052 Nowiny<\/span><\/p>\n<p class=\"p6\"><span class=\"s1\">Tel: +48 41 346 60 00<br \/>E-mail: informatyka@dyckerhoff.pl<\/span><\/p>\n<p class=\"p3\"><span class=\"s1\"><\/span><\/p>\n<p class=\"p2\"><span class=\"s1\">Pokud jste <a href=\"http:\/\/www.dyckerhoff.com\"><br \/><span class=\"s5\">www.dyckerhoff.com<\/span><br \/><\/a> Buzzi Unicem S.p.a. je odpov\u011bdn\u00e1 za zpracov\u00e1n\u00ed osobn\u00edch \u00fadaj\u016f pro technick\u00e9 zaji\u0161t\u011bn\u00ed <a href=\"http:\/\/www.dyckerhoff.com\">www.dyckerhoff.com<\/a>.<\/span><\/p>\n<p class=\"p2\"><span class=\"s1\"><\/span><\/p>\n<p class=\"p2\"><span style=\"font-size: 18px;\"><\/span><\/p>\n<p class=\"p2\"><strong><span style=\"font-size: 18px;\">3. kontaktn\u00ed \u00fadaje pov\u011b\u0159ence pro ochranu osobn\u00edch \u00fadaj\u016f<\/span><\/strong><\/p>\n<p class=\"p2\"><span class=\"s1\">Dyckerhoff GmbH<br \/>Pov\u011b\u0159enec pro ochranu osobn\u00edch \u00fadaj\u016f<br \/>Biebricher Str. 68<br \/>65203 Wiesbaden<\/span><\/p>\n<p class=\"p3\"><span class=\"s1\"><\/span><\/p>\n<p class=\"p14\"><span class=\"s6\">Tel.: 0611 6761647<br \/>E-mail: <span class=\"s7\"><br \/><a href=\"mailto:protection.data@dyckerhoff.com\">protection.data@dyckerhoff.com<\/a><br \/><a href=\"mailto:protection.data@dyckerhoff.com\"><\/a><br \/><\/span><\/span><\/p>\n<p class=\"p14\"><span class=\"s6\"><span class=\"s7\"><\/span><\/span><\/p>\n<p class=\"p15\"><span style=\"font-size: 18px;\"><\/span><\/p>\n<p class=\"p15\"><strong><span style=\"font-size: 18px;\">4. technick\u00e9 dod\u00e1vky a soubory protokol\u016f<\/span><\/strong><span class=\"s1\"><\/span><\/p>\n<p class=\"p2\"><span class=\"s1\">Pokud jste <a href=\"http:\/\/www.together-for-safety.de\"><br \/><span class=\"s5\">NAV\u0160T\u00cdV\u00cdTE A POU\u017d\u00cdV\u00c1TE www.together-for-safety.com<\/span><br \/><\/a> IP adresa a dal\u0161\u00ed informace (datum a \u010das p\u0159\u00edstupu,<\/span><span class=\"s8\"> <\/span><span class=\"s1\">Zp\u016fsob po\u017eadavku a po\u017eadovan\u00e9 soubory, mno\u017estv\u00ed dat, stavov\u00fd k\u00f3d, user agent [informace o opera\u010dn\u00edm syst\u00e9mu, typu a verzi prohl\u00ed\u017ee\u010de.<\/span><span class=\"s9\">])<\/span><span class=\"s1\"> zpracov\u00e1ny tak, aby bylo mo\u017en\u00e9 po\u017eadovan\u00e9 soubory doru\u010dit. P\u0159\u00edstupy se ukl\u00e1daj\u00ed do protokol\u016f nebo protokolov\u00fdch soubor\u016f webov\u00fdch server\u016f pro \u00fa\u010dely kontroly. <\/span><\/p>\n<p class=\"p2\"><span class=\"s1\">Pr\u00e1vn\u00edm z\u00e1kladem pro zpracov\u00e1n\u00ed osobn\u00edch \u00fadaj\u016f za \u00fa\u010delem technick\u00e9ho doru\u010den\u00ed www.together-for-safety.de a ulo\u017een\u00ed v logovac\u00edch souborech je \u010dl. 6 odst. 1 lit. f GDPR.<\/span><\/p>\n<p class=\"p2\"><span class=\"s1\">Soubory protokolu se ukl\u00e1daj\u00ed po dobu 7 dn\u016f a pot\u00e9 se automaticky odstran\u00ed. <\/span><\/p>\n<p class=\"p2\"><span class=\"s1\">Webhosting www.together-for-safety.com: <\/span><\/p>\n<p class=\"p7\"><span class=\"s1\">IONOS SE<br \/>Elgendorfer Str. 57<br \/>56410 Montabeur<\/span><\/p>\n<p class=\"p7\"><span class=\"s1\"><\/span><\/p>\n<p class=\"p15\"><span style=\"font-size: 18px;\"><\/span><\/p>\n<p class=\"p15\"><strong><span style=\"font-size: 18px;\">5. cookies<\/span><\/strong><span class=\"s1\"><\/span><\/p>\n<p class=\"p2\"><span class=\"s1\">Soubory cookie jsou mal\u00e9 soubory, kter\u00e9 se automaticky vytv\u00e1\u0159ej\u00ed a ukl\u00e1daj\u00ed ve webov\u00e9m prohl\u00ed\u017ee\u010di v termin\u00e1lu n\u00e1v\u0161t\u011bvn\u00edka p\u0159i ka\u017ed\u00e9m vstupu na nav\u0161t\u00edvenou webovou str\u00e1nku. Soubory cookie mohou nap\u0159\u00edklad ukl\u00e1dat informace o preferovan\u00fdch nastaven\u00edch, ID relace pro rozpozn\u00e1n\u00ed n\u00e1v\u0161t\u011bvn\u00edka webov\u00fdch str\u00e1nek, p\u0159\u00edstupov\u00e9 \u00fadaje (u\u017eivatelsk\u00e9 jm\u00e9no \/ e-mail a heslo) atd. Webov\u00e9 str\u00e1nky na adrese <a href=\"http:\/\/www.together-for-safety.com\"><br \/><span class=\"s5\">www.together-for-safety.com<\/span><br \/><\/a> pou\u017eit\u00e9 soubory cookie poskytuj\u00ed funkce pro nastaven\u00ed v\u00fdb\u011bru jazyka: <\/span><\/p>\n<p class=\"p2\"><span class=\"s1\">wp-wpml_current_language &#8211; Ukl\u00e1d\u00e1 aktu\u00e1ln\u00ed jazyk. Tento soubor cookie je ve v\u00fdchoz\u00edm nastaven\u00ed povolen na str\u00e1nk\u00e1ch, kter\u00e9 pou\u017e\u00edvaj\u00ed funkci Jazykov\u00e9 filtrov\u00e1n\u00ed pro operace AJAX.<\/span><\/p>\n<p class=\"p2\"><span class=\"s1\">_icl_visitor_lang_js &#8211; Ukl\u00e1d\u00e1 p\u0159esm\u011brovan\u00fd jazyk. Tento soubor cookie je povolen pro v\u0161echny n\u00e1v\u0161t\u011bvn\u00edky webu, pokud pou\u017e\u00edv\u00e1te funkci p\u0159esm\u011brov\u00e1n\u00ed jazyka prohl\u00ed\u017ee\u010de.<\/span><\/p>\n<p class=\"p2\"><span class=\"s1\">wpml_browser_redirect_test &#8211; Testuje, zda jsou povoleny soubory cookie. Tento soubor cookie je povolen pro v\u0161echny n\u00e1v\u0161t\u011bvn\u00edky webu, pokud pou\u017e\u00edv\u00e1te funkci p\u0159esm\u011brov\u00e1n\u00ed jazyka prohl\u00ed\u017ee\u010de.<\/span><\/p>\n<p class=\"p2\"><span class=\"s1\">Dal\u0161\u00ed informace o pou\u017e\u00edvan\u00fdch souborech cookie naleznete na str\u00e1nk\u00e1ch v\u00fdvoj\u00e1\u0159e: www.wpml.org\/documentation\/support\/browser-cookies-stored-wpml\/.<\/span><\/p>\n<p class=\"p2\"><span class=\"s1\">Pokud spole\u010dnost Dyckerhoff GmbH zpracov\u00e1v\u00e1 osobn\u00ed \u00fadaje prost\u0159ednictv\u00edm technicky nezbytn\u00fdch soubor\u016f cookie v souvislosti s poskytov\u00e1n\u00edm www.together-for-safety.de, plat\u00ed \u010dl.6 odst. 1 lit. f DS-GVO je pr\u00e1vn\u00edm z\u00e1kladem. Na\u0161e opr\u00e1vn\u011bn\u00e9 z\u00e1jmy spo\u010d\u00edvaj\u00ed ve v\u00fd\u0161e uveden\u00fdch \u00fa\u010delech.<\/span><\/p>\n<p class=\"p15\"><span style=\"font-size: 18px;\"><\/span><\/p>\n<p class=\"p15\"><span style=\"font-size: 18px;\"><\/span><\/p>\n<p class=\"p15\"><strong><span style=\"font-size: 18px;\">6. kontaktov\u00e1n\u00ed<\/span><\/strong><span class=\"s1\"><\/span><\/p>\n<p class=\"p2\"><span class=\"s1\">Pokud kontaktujete spole\u010dnost (nap\u0159. e-mailem, telefonicky, prost\u0159ednictv\u00edm kontaktn\u00edho formul\u00e1\u0159e), budou va\u0161e \u00fadaje zpracov\u00e1ny v rozsahu nezbytn\u00e9m pro vy\u0159\u00edzen\u00ed va\u0161\u00ed \u017e\u00e1dosti o kontakt a pro proveden\u00ed po\u017eadovan\u00fdch opat\u0159en\u00ed. Pr\u00e1vn\u00edm z\u00e1kladem je \u010dl. 6 odst. 1 lit. b GDPR.<\/span><\/p>\n<p class=\"p2\"><span class=\"s1\">Pokud va\u0161e \u017e\u00e1dost o kontakt nen\u00ed nutn\u00e1 ani pro pln\u011bn\u00ed smlouvy s p\u0159\u00edslu\u0161nou spole\u010dnost\u00ed, ani pro proveden\u00ed p\u0159edsmluvn\u00edch opat\u0159en\u00ed, plat\u00ed \u010dl. 6 odst. 1 p\u00edsm. b) GDPR. 1 lit. f DS-GVO je pr\u00e1vn\u00edm z\u00e1kladem pro zpracov\u00e1n\u00ed va\u0161ich \u00fadaj\u016f. Opr\u00e1vn\u011bn\u00fd z\u00e1jem spo\u010d\u00edv\u00e1 v kone\u010dn\u00e9m zpracov\u00e1n\u00ed p\u0159ijat\u00e9 zpr\u00e1vy a v extern\u00edm kontaktov\u00e1n\u00ed. <\/span><\/p>\n<p class=\"p2\"><span class=\"s1\">Pokud spole\u010dnost zpracov\u00e1v\u00e1 osobn\u00ed \u00fadaje na z\u00e1klad\u011b souhlasu, plat\u00ed \u010dl. 6 odst. 1 lit. a DS-GVO je pr\u00e1vn\u00edm z\u00e1kladem. <\/span><\/p>\n<p class=\"p2\"><span class=\"s1\">Va\u0161e zpr\u00e1va bude ulo\u017eena a\u017e do dokon\u010den\u00ed zpracov\u00e1n\u00ed. K del\u0161\u00edmu ulo\u017een\u00ed doch\u00e1z\u00ed pouze tehdy, pokud je k tomu p\u0159\u00edslu\u0161n\u00e1 spole\u010dnost v jednotliv\u00fdch p\u0159\u00edpadech opr\u00e1vn\u011bna nebo povinna. <\/span><\/p>\n<p class=\"p3\"><span style=\"font-size: 18px;\"><\/span><\/p>\n<p class=\"p3\"><span style=\"font-size: 18px;\"><\/span><\/p>\n<p class=\"p3\"><strong><span style=\"font-size: 18px;\">7. va\u0161e pr\u00e1va <\/span><\/strong><span class=\"s1\"><\/span><\/p>\n<p class=\"p2\"><span class=\"s1\">V souladu s \u010dl\u00e1nkem 15 GDPR m\u00e1te pr\u00e1vo po\u017eadovat informace o sv\u00fdch osobn\u00edch \u00fadaj\u00edch, kter\u00e9 jsou p\u0159edm\u011btem zpracov\u00e1n\u00ed.<\/span><\/p>\n<p class=\"p2\"><span class=\"s1\">Pokud jsou zpracov\u00e1v\u00e1ny nep\u0159esn\u00e9 osobn\u00ed \u00fadaje, m\u00e1te pr\u00e1vo na opravu v souladu s \u010dl\u00e1nkem 16 DS-GVO.<\/span><\/p>\n<p class=\"p2\"><span class=\"s1\">Pokud jsou spln\u011bny z\u00e1konn\u00e9 po\u017eadavky, m\u00e1te pr\u00e1vo na v\u00fdmaz nebo omezen\u00ed zpracov\u00e1n\u00ed dot\u010den\u00fdch \u00fadaj\u016f (\u010dl. 17 a \u010dl. 18 DS-GVO).<\/span><\/p>\n<p class=\"p2\"><span class=\"s1\">Za podm\u00ednek stanoven\u00fdch v \u010dl\u00e1nku 20 m\u00e1te pr\u00e1vo na p\u0159enositelnost \u00fadaj\u016f. <\/span><\/p>\n<p class=\"p2\"><span class=\"s1\">M\u00e1te pr\u00e1vo sv\u016fj souhlas kdykoli odvolat, ani\u017e by byla dot\u010dena z\u00e1konnost zpracov\u00e1n\u00ed prov\u00e1d\u011bn\u00e9ho na z\u00e1klad\u011b souhlasu do jeho odvol\u00e1n\u00ed.<\/span><\/p>\n<p class=\"p2\"><span class=\"s1\">V souladu s \u010dl. 21 DS-GVO m\u00e1te pr\u00e1vo vzn\u00e9st n\u00e1mitku proti zpracov\u00e1n\u00ed va\u0161ich \u00fadaj\u016f, kter\u00e9 je zalo\u017eeno na \u010dl. 6 odst. 1 p\u00edsm. b) GDPR. 1 lit. f prob\u00edh\u00e1 DS-GVO. Odpov\u011bdn\u00e1 spole\u010dnost pak ji\u017e nebude osobn\u00ed \u00fadaje zpracov\u00e1vat, pokud neprok\u00e1\u017ee z\u00e1va\u017en\u00e9 opr\u00e1vn\u011bn\u00e9 d\u016fvody pro zpracov\u00e1n\u00ed, kter\u00e9 p\u0159eva\u017euj\u00ed nad va\u0161imi z\u00e1jmy, pr\u00e1vy a svobodami, nebo pokud zpracov\u00e1n\u00ed neslou\u017e\u00ed k uplatn\u011bn\u00ed, v\u00fdkonu nebo obhajob\u011b pr\u00e1vn\u00edch n\u00e1rok\u016f. <\/span><\/p>\n<p class=\"p2\"><span class=\"s1\">Podle \u010dl. 77 odst. 1 DS-GVO m\u00e1te pr\u00e1vo odvolat se k dozorov\u00e9mu \u00fa\u0159adu:<br \/>edpb.europa.eu\/about-edpb\/about-edpb\/members_en<\/span><\/p>\n<p class=\"p16\"><span class=\"s1\"><\/span><\/p>\n<p class=\"p16\"><span class=\"s1\"><\/span><\/p>\n<p class=\"p16\"><span class=\"s1\"><\/span><\/p>\n<p class=\"p16\">[\/et_pb_text][\/et_pb_column][\/et_pb_row][\/et_pb_section]<\/p>\n","protected":false},"excerpt":{"rendered":"<p>Ochrana \u00fadaj\u016f Stav: b\u0159ezen 2023 1. rozsah pou\u017eit\u00ed www.together-for-safety.com \u017d\u00e1dosti o kontakt \/ zp\u011btn\u00e1 vazba v souvislosti s www.together-for-safety.com 2. odpov\u011bdnost Pro zpracov\u00e1n\u00ed osobn\u00edch \u00fadaj\u016f za \u00fa\u010delem technick\u00e9ho zaji\u0161t\u011bn\u00ed www.together-for-safety.com: Dyckerhoff GmbHBiebricher Street 6865203 Wiesbaden Tel.: 0611 6760E-mail: info@dyckerhoff.com Za zpracov\u00e1n\u00ed osobn\u00edch \u00fadaj\u016f pro vy\u0159\u00edzen\u00ed kontaktn\u00edch dotaz\u016f \/ zp\u011btn\u00e9 vazby je odpov\u011bdn\u00e1 spole\u010dnost, kter\u00e9 p\u0159\u00edmo [&hellip;]<\/p>\n","protected":false},"author":2,"featured_media":0,"parent":0,"menu_order":0,"comment_status":"closed","ping_status":"closed","template":"","meta":{"_et_pb_use_builder":"on","_et_pb_old_content":"","_et_gb_content_width":"","_themeisle_gutenberg_block_has_review":false,"footnotes":""},"class_list":["post-636","page","type-page","status-publish","hentry"],"yoast_head":"<!-- This site is optimized with the Yoast SEO plugin v27.4 - https:\/\/yoast.com\/product\/yoast-seo-wordpress\/ -->\n<title>Ochrana \u00fadaj\u016f - Together for Safety<\/title>\n<meta name=\"robots\" content=\"index, follow, max-snippet:-1, max-image-preview:large, max-video-preview:-1\" \/>\n<link rel=\"canonical\" href=\"https:\/\/together-for-safety.com\/cs\/ochrana-udaju\/\" \/>\n<meta property=\"og:locale\" content=\"cs_CZ\" \/>\n<meta property=\"og:type\" content=\"article\" \/>\n<meta property=\"og:title\" content=\"Ochrana \u00fadaj\u016f - Together for Safety\" \/>\n<meta property=\"og:description\" content=\"Ochrana \u00fadaj\u016f Stav: b\u0159ezen 2023 1. rozsah pou\u017eit\u00ed www.together-for-safety.com \u017d\u00e1dosti o kontakt \/ zp\u011btn\u00e1 vazba v souvislosti s www.together-for-safety.com 2. odpov\u011bdnost Pro zpracov\u00e1n\u00ed osobn\u00edch \u00fadaj\u016f za \u00fa\u010delem technick\u00e9ho zaji\u0161t\u011bn\u00ed www.together-for-safety.com: Dyckerhoff GmbHBiebricher Street 6865203 Wiesbaden Tel.: 0611 6760E-mail: info@dyckerhoff.com Za zpracov\u00e1n\u00ed osobn\u00edch \u00fadaj\u016f pro vy\u0159\u00edzen\u00ed kontaktn\u00edch dotaz\u016f \/ zp\u011btn\u00e9 vazby je odpov\u011bdn\u00e1 spole\u010dnost, kter\u00e9 p\u0159\u00edmo [&hellip;]\" \/>\n<meta property=\"og:url\" content=\"https:\/\/together-for-safety.com\/cs\/ochrana-udaju\/\" \/>\n<meta property=\"og:site_name\" content=\"Together for Safety\" \/>\n<meta property=\"article:modified_time\" content=\"2023-04-28T10:18:17+00:00\" \/>\n<meta name=\"twitter:card\" content=\"summary_large_image\" \/>\n<meta name=\"twitter:label1\" content=\"Odhadovan\u00e1 doba \u010dten\u00ed\" \/>\n\t<meta name=\"twitter:data1\" content=\"6 minut\" \/>\n<script type=\"application\/ld+json\" class=\"yoast-schema-graph\">{\"@context\":\"https:\\\/\\\/schema.org\",\"@graph\":[{\"@type\":\"WebPage\",\"@id\":\"https:\\\/\\\/together-for-safety.com\\\/cs\\\/ochrana-udaju\\\/\",\"url\":\"https:\\\/\\\/together-for-safety.com\\\/cs\\\/ochrana-udaju\\\/\",\"name\":\"Ochrana \u00fadaj\u016f - Together for Safety\",\"isPartOf\":{\"@id\":\"https:\\\/\\\/together-for-safety.com\\\/cs\\\/#website\"},\"datePublished\":\"2023-01-02T19:22:37+00:00\",\"dateModified\":\"2023-04-28T10:18:17+00:00\",\"breadcrumb\":{\"@id\":\"https:\\\/\\\/together-for-safety.com\\\/cs\\\/ochrana-udaju\\\/#breadcrumb\"},\"inLanguage\":\"cs\",\"potentialAction\":[{\"@type\":\"ReadAction\",\"target\":[\"https:\\\/\\\/together-for-safety.com\\\/cs\\\/ochrana-udaju\\\/\"]}]},{\"@type\":\"BreadcrumbList\",\"@id\":\"https:\\\/\\\/together-for-safety.com\\\/cs\\\/ochrana-udaju\\\/#breadcrumb\",\"itemListElement\":[{\"@type\":\"ListItem\",\"position\":1,\"name\":\"Startseite\",\"item\":\"https:\\\/\\\/together-for-safety.com\\\/cs\\\/\"},{\"@type\":\"ListItem\",\"position\":2,\"name\":\"Ochrana \u00fadaj\u016f\"}]},{\"@type\":\"WebSite\",\"@id\":\"https:\\\/\\\/together-for-safety.com\\\/cs\\\/#website\",\"url\":\"https:\\\/\\\/together-for-safety.com\\\/cs\\\/\",\"name\":\"Together for Safety\",\"description\":\"Kampagne zur Arbeitssicherheit von Dyckerhoff\",\"potentialAction\":[{\"@type\":\"SearchAction\",\"target\":{\"@type\":\"EntryPoint\",\"urlTemplate\":\"https:\\\/\\\/together-for-safety.com\\\/cs\\\/?s={search_term_string}\"},\"query-input\":{\"@type\":\"PropertyValueSpecification\",\"valueRequired\":true,\"valueName\":\"search_term_string\"}}],\"inLanguage\":\"cs\"}]}<\/script>\n<!-- \/ Yoast SEO plugin. -->","yoast_head_json":{"title":"Ochrana \u00fadaj\u016f - Together for Safety","robots":{"index":"index","follow":"follow","max-snippet":"max-snippet:-1","max-image-preview":"max-image-preview:large","max-video-preview":"max-video-preview:-1"},"canonical":"https:\/\/together-for-safety.com\/cs\/ochrana-udaju\/","og_locale":"cs_CZ","og_type":"article","og_title":"Ochrana \u00fadaj\u016f - Together for Safety","og_description":"Ochrana \u00fadaj\u016f Stav: b\u0159ezen 2023 1. rozsah pou\u017eit\u00ed www.together-for-safety.com \u017d\u00e1dosti o kontakt \/ zp\u011btn\u00e1 vazba v souvislosti s www.together-for-safety.com 2. odpov\u011bdnost Pro zpracov\u00e1n\u00ed osobn\u00edch \u00fadaj\u016f za \u00fa\u010delem technick\u00e9ho zaji\u0161t\u011bn\u00ed www.together-for-safety.com: Dyckerhoff GmbHBiebricher Street 6865203 Wiesbaden Tel.: 0611 6760E-mail: info@dyckerhoff.com Za zpracov\u00e1n\u00ed osobn\u00edch \u00fadaj\u016f pro vy\u0159\u00edzen\u00ed kontaktn\u00edch dotaz\u016f \/ zp\u011btn\u00e9 vazby je odpov\u011bdn\u00e1 spole\u010dnost, kter\u00e9 p\u0159\u00edmo [&hellip;]","og_url":"https:\/\/together-for-safety.com\/cs\/ochrana-udaju\/","og_site_name":"Together for Safety","article_modified_time":"2023-04-28T10:18:17+00:00","twitter_card":"summary_large_image","twitter_misc":{"Odhadovan\u00e1 doba \u010dten\u00ed":"6 minut"},"schema":{"@context":"https:\/\/schema.org","@graph":[{"@type":"WebPage","@id":"https:\/\/together-for-safety.com\/cs\/ochrana-udaju\/","url":"https:\/\/together-for-safety.com\/cs\/ochrana-udaju\/","name":"Ochrana \u00fadaj\u016f - Together for Safety","isPartOf":{"@id":"https:\/\/together-for-safety.com\/cs\/#website"},"datePublished":"2023-01-02T19:22:37+00:00","dateModified":"2023-04-28T10:18:17+00:00","breadcrumb":{"@id":"https:\/\/together-for-safety.com\/cs\/ochrana-udaju\/#breadcrumb"},"inLanguage":"cs","potentialAction":[{"@type":"ReadAction","target":["https:\/\/together-for-safety.com\/cs\/ochrana-udaju\/"]}]},{"@type":"BreadcrumbList","@id":"https:\/\/together-for-safety.com\/cs\/ochrana-udaju\/#breadcrumb","itemListElement":[{"@type":"ListItem","position":1,"name":"Startseite","item":"https:\/\/together-for-safety.com\/cs\/"},{"@type":"ListItem","position":2,"name":"Ochrana \u00fadaj\u016f"}]},{"@type":"WebSite","@id":"https:\/\/together-for-safety.com\/cs\/#website","url":"https:\/\/together-for-safety.com\/cs\/","name":"Together for Safety","description":"Kampagne zur Arbeitssicherheit von Dyckerhoff","potentialAction":[{"@type":"SearchAction","target":{"@type":"EntryPoint","urlTemplate":"https:\/\/together-for-safety.com\/cs\/?s={search_term_string}"},"query-input":{"@type":"PropertyValueSpecification","valueRequired":true,"valueName":"search_term_string"}}],"inLanguage":"cs"}]}},"_links":{"self":[{"href":"https:\/\/together-for-safety.com\/cs\/wp-json\/wp\/v2\/pages\/636","targetHints":{"allow":["GET"]}}],"collection":[{"href":"https:\/\/together-for-safety.com\/cs\/wp-json\/wp\/v2\/pages"}],"about":[{"href":"https:\/\/together-for-safety.com\/cs\/wp-json\/wp\/v2\/types\/page"}],"author":[{"embeddable":true,"href":"https:\/\/together-for-safety.com\/cs\/wp-json\/wp\/v2\/users\/2"}],"replies":[{"embeddable":true,"href":"https:\/\/together-for-safety.com\/cs\/wp-json\/wp\/v2\/comments?post=636"}],"version-history":[{"count":9,"href":"https:\/\/together-for-safety.com\/cs\/wp-json\/wp\/v2\/pages\/636\/revisions"}],"predecessor-version":[{"id":4446,"href":"https:\/\/together-for-safety.com\/cs\/wp-json\/wp\/v2\/pages\/636\/revisions\/4446"}],"wp:attachment":[{"href":"https:\/\/together-for-safety.com\/cs\/wp-json\/wp\/v2\/media?parent=636"}],"curies":[{"name":"wp","href":"https:\/\/api.w.org\/{rel}","templated":true}]}}