{"id":644,"date":"2022-12-31T11:00:26","date_gmt":"2022-12-31T10:00:26","guid":{"rendered":"https:\/\/together-for-safety.com\/tema-mesice\/"},"modified":"2023-12-08T15:58:03","modified_gmt":"2023-12-08T14:58:03","slug":"tema-mesice","status":"publish","type":"page","link":"https:\/\/together-for-safety.com\/cs\/tema-mesice\/","title":{"rendered":"Bezpe\u010dnostn\u00ed zv\u00fdrazn\u011bn\u00ed &#8211; led a tma"},"content":{"rendered":"<p>[et_pb_section fb_built=&#8220;1&#8243; _builder_version=&#8220;4.19.4&#8243; _module_preset=&#8220;default&#8220; background_color=&#8220;#eaeaea&#8220; custom_margin=&#8220;0px|0px|0px|0px|false|false&#8220; custom_padding=&#8220;0px|0px|0px|0px|false|false&#8220; animation_style=&#8220;fade&#8220; global_colors_info=&#8220;{}&#8220;][et_pb_row _builder_version=&#8220;4.19.4&#8243; _module_preset=&#8220;default&#8220; background_color=&#8220;RGBA(255,255,255,0)&#8220; width=&#8220;100%&#8220; custom_margin=&#8220;0px||0px||false|false&#8220; custom_padding=&#8220;0px||0px||false|false&#8220; global_colors_info=&#8220;{}&#8220;][et_pb_column type=&#8220;4_4&#8243; _builder_version=&#8220;4.19.4&#8243; _module_preset=&#8220;default&#8220; background_color=&#8220;RGBA(255,255,255,0)&#8220; global_colors_info=&#8220;{}&#8220;][et_pb_image src=&#8220;https:\/\/together-for-safety.com\/wp-content\/uploads\/2023\/01\/img_tdm_winter-1.jpg&#8220; alt=&#8220;T\u00e9ma m\u011bs\u00edce&#8220; title_text=&#8220;img_tdm_winter&#8220; _builder_version=&#8220;4.19.4&#8243; _module_preset=&#8220;default&#8220; global_colors_info=&#8220;{}&#8220;][\/et_pb_image][\/et_pb_column][\/et_pb_row][\/et_pb_section][et_pb_section fb_built=&#8220;1&#8243; _builder_version=&#8220;4.19.4&#8243; _module_preset=&#8220;default&#8220; global_colors_info=&#8220;{}&#8220;][et_pb_row _builder_version=&#8220;4.19.4&#8243; _module_preset=&#8220;default&#8220; custom_padding=&#8220;0px||||false|false&#8220; animation_style=&#8220;fade&#8220; global_colors_info=&#8220;{}&#8220;][et_pb_column type=&#8220;4_4&#8243; _builder_version=&#8220;4.19.4&#8243; _module_preset=&#8220;default&#8220; global_colors_info=&#8220;{}&#8220;][et_pb_text _builder_version=&#8220;4.19.4&#8243; _module_preset=&#8220;default&#8220; custom_margin=&#8220;||60px||false|false&#8220; animation_style=&#8220;fade&#8220; global_colors_info=&#8220;{}&#8220;]<\/p>\n<h1 class=\"p1\"><span class=\"s1\" style=\"color: #392152;\">Na\u0161e aktu\u00e1ln\u00ed bezpe\u010dnostn\u00ed novinky<br \/>\n<\/span><\/h1>\n<h2 class=\"p1\"><span class=\"s1\" style=\"color: #9d2c87;\"> M\u00edsta nehod jsou st\u0159edem pozornosti<\/span><\/h2>\n<p>[\/et_pb_text][et_pb_text _builder_version=&#8220;4.19.4&#8243; _module_preset=&#8220;default&#8220; animation_style=&#8220;fade&#8220; global_colors_info=&#8220;{}&#8220; custom_css_before_last_edited=&#8220;on|desktop&#8220;]<\/p>\n<p class=\"p1\"><span class=\"s1\">  N\u00e1\u0161 aktu\u00e1ln\u00ed \u010dl\u00e1nek o bezpe\u010dnosti podrobn\u011bji p\u0159edstavuje kl\u00ed\u010dovou oblast bezpe\u010dnosti pr\u00e1ce. Podrobn\u011b v\u00e1m vysv\u011btl\u00edme, co je t\u0159eba v t\u00e9to oblasti zohlednit, abyste mohli bezpe\u010dn\u011b pro\u017e\u00edt sv\u016fj pracovn\u00ed den.  <\/span><\/p>\n<p class=\"p1\"><span class=\"s1\">  Aktu\u00e1ln\u00ed: Nebezpe\u010d\u00ed v zim\u011b!<\/span><\/p>\n<p>[\/et_pb_text][\/et_pb_column][\/et_pb_row][et_pb_row column_structure=&#8220;1_2,1_2&#8243; _builder_version=&#8220;4.19.4&#8243; _module_preset=&#8220;default&#8220; use_background_color_gradient=&#8220;on&#8220; background_color_gradient_stops=&#8220;#eaeaea 0%|rgba(234,234,234,0.14) 98%&#8220; custom_margin=&#8220;||||false|false&#8220; custom_padding=&#8220;20px|20px|20px|20px|false|false&#8220; animation_style=&#8220;fade&#8220; border_radii=&#8220;on|10px|10px|10px|10px&#8220; box_shadow_style=&#8220;preset2&#8243; box_shadow_horizontal=&#8220;5px&#8220; box_shadow_vertical=&#8220;5px&#8220; box_shadow_blur=&#8220;9px&#8220; box_shadow_spread=&#8220;-8px&#8220; global_colors_info=&#8220;{}&#8220;][et_pb_column type=&#8220;1_2&#8243; _builder_version=&#8220;4.19.4&#8243; _module_preset=&#8220;default&#8220; global_colors_info=&#8220;{}&#8220;][et_pb_image src=&#8220;https:\/\/together-for-safety.com\/wp-content\/uploads\/2023\/01\/img_strasse_eis.jpg&#8220; alt=&#8220;Zimn\u00ed n\u00e1led\u00ed na silnic\u00edch&#8220; title_text=&#8220;img_street_ice&#8220; _builder_version=&#8220;4.19.4&#8243; _module_preset=&#8220;default&#8220; global_colors_info=&#8220;{}&#8220;][\/et_pb_image][\/et_pb_column][et_pb_column type=&#8220;1_2&#8243; _builder_version=&#8220;4.19.4&#8243; _module_preset=&#8220;default&#8220; global_colors_info=&#8220;{}&#8220;][et_pb_text _builder_version=&#8220;4.19.4&#8243; _module_preset=&#8220;default&#8220; global_colors_info=&#8220;{}&#8220;]<\/p>\n<h6 class=\"p1\"><span class=\"s1\">  Pozor na led a tmu!<\/span><\/h6>\n<p class=\"p1\"><span class=\"s1\"><\/span><\/p>\n<p class=\"p1\"><span class=\"s1\">Chra\u0148te ostatn\u00ed i sebe! Zejm\u00e9na v temn\u00e9m obdob\u00ed je t\u011b\u017ek\u00e9 lidi rozpoznat. To m\u016f\u017ee v\u00e9st k nehod\u00e1m, p\u0159i kter\u00fdch m\u016f\u017eete p\u0159ij\u00edt k \u00fajm\u011b nejen vy, ale i va\u0161i kolegov\u00e9. Abyste tomu p\u0159ede\u0161li, je nutn\u00e9 nosit pracovn\u00ed od\u011bv s reflexn\u00edmi prvky &#8211; zejm\u00e9na reflexn\u00ed bezpe\u010dnostn\u00ed bundu.<\/span><\/p>\n<p>Pozor na nebezpe\u010d\u00ed uklouznut\u00ed! Nebezpe\u010dn\u00e9 mohou b\u00fdt tak\u00e9 zledovat\u011bl\u00e9 a mokr\u00e9 povrchy v are\u00e1lu, na kter\u00fdch m\u016f\u017eete uklouznout nebo spadnout. Zvl\u00e1\u0161t\u011b n\u00edzk\u00e9 teploty, sn\u00edh a \u010dast\u00fd d\u00e9\u0161\u0165 v zim\u011b p\u0159edstavuj\u00ed ka\u017edodenn\u00ed nebezpe\u010d\u00ed. Proto je nutn\u00e9 vy\u010distit a pou\u017e\u00edvat ofici\u00e1ln\u00ed cesty.<\/p>\n<p class=\"p1\"><span class=\"s1\">Zde najdete d\u016fle\u017eit\u00e1 pravidla, kter\u00e1 je t\u0159eba dodr\u017eovat pro bezpe\u010dnou pr\u00e1ci v zim\u011b.  <\/span><\/p>\n<p>[\/et_pb_text][\/et_pb_column][\/et_pb_row][et_pb_row _builder_version=&#8220;4.19.4&#8243; _module_preset=&#8220;default&#8220; global_colors_info=&#8220;{}&#8220;][et_pb_column type=&#8220;4_4&#8243; _builder_version=&#8220;4.19.4&#8243; _module_preset=&#8220;default&#8220; global_colors_info=&#8220;{}&#8220;][et_pb_text _builder_version=&#8220;4.19.4&#8243; _module_preset=&#8220;default&#8220; custom_margin=&#8220;100px||0px||false|false&#8220; animation_style=&#8220;fade&#8220; global_colors_info=&#8220;{}&#8220;]<\/p>\n<h2 class=\"p1\"><span class=\"s1\" style=\"color: #9d2c87;\">  7 pravidel pro bezpe\u010dnou zimu  <\/span><\/h2>\n<p>[\/et_pb_text][\/et_pb_column][\/et_pb_row][et_pb_row column_structure=&#8220;1_3,1_3,1_3&#8243; _builder_version=&#8220;4.19.4&#8243; _module_preset=&#8220;default&#8220; global_colors_info=&#8220;{}&#8220;][et_pb_column type=&#8220;1_3&#8243; _builder_version=&#8220;4.19.4&#8243; _module_preset=&#8220;default&#8220; global_colors_info=&#8220;{}&#8220;][et_pb_image src=&#8220;https:\/\/together-for-safety.com\/wp-content\/uploads\/2023\/01\/Wintericon_Bleib_auf_dem_richtigen_Weg.png&#8220; title_text=&#8220;Z\u016fsta\u0148te na spr\u00e1vn\u00e9 cest\u011b&#8220; _builder_version=&#8220;4.19.4&#8243; _module_preset=&#8220;default&#8220; width=&#8220;16%&#8220; custom_margin=&#8220;0px||14px||false|false&#8220; animation_style=&#8220;fade&#8220; global_colors_info=&#8220;{}&#8220;][\/et_pb_image][et_pb_text _builder_version=&#8220;4.19.4&#8243; _module_preset=&#8220;default&#8220; animation_style=&#8220;fade&#8220; global_colors_info=&#8220;{}&#8220;]<\/p>\n<h1 class=\"p1\"><span class=\"s1\"><b>Z\u016fsta\u0148te na spr\u00e1vn\u00e9 cest\u011b<\/b><br \/><\/span><\/h1>\n<p class=\"p1\"><span class=\"s1\">Mokro, sn\u00edh a led p\u0159edstavuj\u00ed zv\u00fd\u0161en\u00e9 riziko uklouznut\u00ed v are\u00e1lu. Proto v\u011bnujte zv\u00fd\u0161enou pozornost mokr\u00fdm nebo zledovat\u011bl\u00fdm povrch\u016fm.<\/span><\/p>\n<p>[\/et_pb_text][et_pb_image src=&#8220;https:\/\/together-for-safety.com\/wp-content\/uploads\/2023\/01\/Wintericon_Stets_sichtbar_mit_Reflektoren.png&#8220; title_text=&#8220;V\u017edy viditeln\u00e9 s reflektory&#8220; _builder_version=&#8220;4.19.4&#8243; _module_preset=&#8220;default&#8220; width=&#8220;17%&#8220; custom_margin=&#8220;0px||10px||false|false&#8220; animation_style=&#8220;fade&#8220; global_colors_info=&#8220;{}&#8220;][\/et_pb_image][et_pb_text _builder_version=&#8220;4.19.4&#8243; _module_preset=&#8220;default&#8220; animation_style=&#8220;fade&#8220; global_colors_info=&#8220;{}&#8220;]<\/p>\n<h1 class=\"p1\"><span class=\"s1\"><b>V\u017edy viditeln\u00e9 s odrazkami<\/b><\/span><\/h1>\n<p class=\"p1\"><span class=\"s1\">Reflexn\u00ed bezpe\u010dnostn\u00ed vestu noste nejen p\u0159i v\u00fdkonu sv\u00e9 \u010dinnosti, ale v\u017edy ve v\u0161ech prostor\u00e1ch are\u00e1lu.  <\/span><\/p>\n<p>[\/et_pb_text][et_pb_image src=&#8220;https:\/\/together-for-safety.com\/wp-content\/uploads\/2023\/01\/Wintericon_Sprichs_an.png&#8220; title_text=&#8220;Promluvte si s&#8220; _builder_version=&#8220;4.19.4&#8243; _module_preset=&#8220;default&#8220; width=&#8220;20%&#8220; custom_margin=&#8220;0px||10px||false|false&#8220; animation_style=&#8220;fade&#8220; global_colors_info=&#8220;{}&#8220;][\/et_pb_image][et_pb_text _builder_version=&#8220;4.19.4&#8243; _module_preset=&#8220;default&#8220; animation_style=&#8220;fade&#8220; global_colors_info=&#8220;{}&#8220;]<\/p>\n<h1 class=\"p1\"><span class=\"s1\"><b>Promluvte si<\/b><br \/><\/span><\/h1>\n<p class=\"p1\"><span class=\"s1\">Promluvte si se sv\u00fdmi kolegy, pokud nos\u00ed reflexn\u00ed ochrann\u00fd od\u011bv nespr\u00e1vn\u011b nebo v\u016fbec.<\/span><\/p>\n<p>[\/et_pb_text][\/et_pb_column][et_pb_column type=&#8220;1_3&#8243; _builder_version=&#8220;4.19.4&#8243; _module_preset=&#8220;default&#8220; global_colors_info=&#8220;{}&#8220;][et_pb_image src=&#8220;https:\/\/together-for-safety.com\/wp-content\/uploads\/2023\/01\/Wintericon_Behalte_den_Durchblick.png&#8220; title_text=&#8220;Zachovejte si perspektivu&#8220; _builder_version=&#8220;4.19.4&#8243; _module_preset=&#8220;default&#8220; width=&#8220;14%&#8220; custom_margin=&#8220;0px||10px||false|false&#8220; animation_style=&#8220;fade&#8220; global_colors_info=&#8220;{}&#8220;][\/et_pb_image][et_pb_text _builder_version=&#8220;4.19.4&#8243; _module_preset=&#8220;default&#8220; animation_style=&#8220;fade&#8220; global_colors_info=&#8220;{}&#8220;]<\/p>\n<h1 class=\"p1\"><span class=\"s1\"><b>Zachovejte si perspektivu<\/b><\/span><\/h1>\n<p class=\"p1\"><span class=\"s1\">V chladn\u00e9m obdob\u00ed se okna va\u0161eho vozidla \u010dasto zaml\u017euj\u00ed nebo namrzaj\u00ed P\u0159ed odjezdem o\u010dist\u011bte \u010deln\u00ed sklo od ledu, mlhy nebo ne\u010distot. To plat\u00ed pro vozidla v are\u00e1lu i mimo n\u011bj.<\/span><\/p>\n<p>[\/et_pb_text][et_pb_image src=&#8220;https:\/\/together-for-safety.com\/wp-content\/uploads\/2023\/01\/Wintericon_ueberpruefe_Deine_Laufwege.png&#8220; title_text=&#8220;Zkontrolujte si p\u011b\u0161\u00ed trasy&#8220; _builder_version=&#8220;4.19.4&#8243; _module_preset=&#8220;default&#8220; width=&#8220;18%&#8220; custom_margin=&#8220;0px||10px||false|false&#8220; animation_style=&#8220;fade&#8220; global_colors_info=&#8220;{}&#8220;][\/et_pb_image][et_pb_text _builder_version=&#8220;4.19.4&#8243; _module_preset=&#8220;default&#8220; animation_style=&#8220;fade&#8220; global_colors_info=&#8220;{}&#8220;]<\/p>\n<h1 class=\"p1\"><span class=\"s1\"><b>Zkontrolujte si p\u011b\u0161\u00ed trasy<\/b><\/span><\/h1>\n<p class=\"p1\"><span class=\"s1\">P\u0159ed zah\u00e1jen\u00edm \u010dinnosti v\u017edy zkontrolujte, zda nen\u00ed cesta, kterou pou\u017e\u00edv\u00e1te, mokr\u00e1 nebo zledovat\u011bl\u00e1. Odstra\u0148te sn\u00edh a led, abyste zabr\u00e1nili nehod\u00e1m zp\u016fsoben\u00fdm uklouznut\u00edm.  <\/span><\/p>\n<p>[\/et_pb_text][\/et_pb_column][et_pb_column type=&#8220;1_3&#8243; _builder_version=&#8220;4.19.4&#8243; _module_preset=&#8220;default&#8220; global_colors_info=&#8220;{}&#8220;][et_pb_image src=&#8220;https:\/\/together-for-safety.com\/wp-content\/uploads\/2023\/01\/Wintericon_Sprecht_miteinander.png&#8220; title_text=&#8220;Mluvte spolu navz\u00e1jem&#8220; _builder_version=&#8220;4.19.4&#8243; _module_preset=&#8220;default&#8220; width=&#8220;17%&#8220; custom_margin=&#8220;0px||10px||false|false&#8220; animation_style=&#8220;fade&#8220; global_colors_info=&#8220;{}&#8220;][\/et_pb_image][et_pb_text _builder_version=&#8220;4.19.4&#8243; _module_preset=&#8220;default&#8220; animation_style=&#8220;fade&#8220; global_colors_info=&#8220;{}&#8220;]<\/p>\n<h1 class=\"p1\"><span class=\"s1\"><b>Mluvte spolu navz\u00e1jem<\/b><\/span><\/h1>\n<p class=\"p1\"><span class=\"s1\">P\u0159i zimn\u00edch oprav\u00e1ch je v z\u00e1vod\u011b mnoho zam\u011bstnanc\u016f z partnersk\u00fdch firem, kte\u0159\u00ed hovo\u0159\u00ed r\u016fzn\u00fdmi jazyky. Proto je d\u016fle\u017eit\u00e1 spole\u010dn\u00e1 v\u00fdm\u011bna, abyste m\u011bli stejnou \u00farove\u0148 znalost\u00ed o pr\u00e1ci, kterou je t\u0159eba vykonat.  <\/span><\/p>\n<p class=\"p1\"><span class=\"s1\"> <\/span><\/p>\n<p>[\/et_pb_text][et_pb_image src=&#8220;https:\/\/together-for-safety.com\/wp-content\/uploads\/2023\/01\/Wintericon_Kuemmere_Dich_um_Deine_Sicherheitsjacke.png&#8220; title_text=&#8220;Pe\u010dujte o svou bezpe\u010dnostn\u00ed bundu&#8220; _builder_version=&#8220;4.19.4&#8243; _module_preset=&#8220;default&#8220; width=&#8220;14%&#8220; custom_margin=&#8220;0px||10px||false|false&#8220; animation_style=&#8220;fade&#8220; global_colors_info=&#8220;{}&#8220;][\/et_pb_image][et_pb_text _builder_version=&#8220;4.19.4&#8243; _module_preset=&#8220;default&#8220; animation_style=&#8220;fade&#8220; global_colors_info=&#8220;{}&#8220;]<\/p>\n<h1 class=\"p1\"><span class=\"s1\"><b>Postarejte se o<br \/>Va\u0161i bezpe\u010dnostn\u00ed bundu<\/b><\/span><\/h1>\n<p class=\"p1\"><span class=\"s1\">Bezpe\u010dnostn\u00ed bundu skladujte na \u010dist\u00e9m m\u00edst\u011b. Pokud jsou odrazky zne\u010di\u0161t\u011bn\u00e9, vy\u010dist\u011bte je nebo vym\u011b\u0148te pl\u00e1\u0161\u0165.  <\/span><\/p>\n<p>[\/et_pb_text][\/et_pb_column][\/et_pb_row][et_pb_row _builder_version=&#8220;4.19.4&#8243; _module_preset=&#8220;default&#8220; global_colors_info=&#8220;{}&#8220;][et_pb_column type=&#8220;4_4&#8243; _builder_version=&#8220;4.19.4&#8243; _module_preset=&#8220;default&#8220; global_colors_info=&#8220;{}&#8220;][et_pb_text _builder_version=&#8220;4.19.4&#8243; _module_preset=&#8220;default&#8220; custom_margin=&#8220;100px||0px||false|false&#8220; animation_style=&#8220;fade&#8220; global_colors_info=&#8220;{}&#8220;]<\/p>\n<h2 class=\"p1\"><span class=\"s1\" style=\"color: #9d2c87;\"> Reflektory v kostce<br \/><\/span><\/h2>\n<p>[\/et_pb_text][\/et_pb_column][\/et_pb_row][et_pb_row _builder_version=&#8220;4.19.4&#8243; _module_preset=&#8220;default&#8220; hover_enabled=&#8220;0&#8243; global_colors_info=&#8220;{}&#8220; animation_style=&#8220;fade&#8220; sticky_enabled=&#8220;0&#8243;][et_pb_column type=&#8220;4_4&#8243; _builder_version=&#8220;4.19.4&#8243; _module_preset=&#8220;default&#8220; global_colors_info=&#8220;{}&#8220;][et_pb_gallery gallery_ids=&#8220;1387,1380,1403,1396&#8243; orientation=&#8220;portrait&#8220; show_title_and_caption=&#8220;off&#8220; show_pagination=&#8220;off&#8220; _builder_version=&#8220;4.19.4&#8243; _module_preset=&#8220;default&#8220; global_colors_info=&#8220;{}&#8220;][\/et_pb_gallery][\/et_pb_column][\/et_pb_row][\/et_pb_section]<\/p>\n","protected":false},"excerpt":{"rendered":"<p>Na\u0161e aktu\u00e1ln\u00ed bezpe\u010dnostn\u00ed novinky M\u00edsta nehod jsou st\u0159edem pozornosti N\u00e1\u0161 aktu\u00e1ln\u00ed \u010dl\u00e1nek o bezpe\u010dnosti podrobn\u011bji p\u0159edstavuje kl\u00ed\u010dovou oblast bezpe\u010dnosti pr\u00e1ce. Podrobn\u011b v\u00e1m vysv\u011btl\u00edme, co je t\u0159eba v t\u00e9to oblasti zohlednit, abyste mohli bezpe\u010dn\u011b pro\u017e\u00edt sv\u016fj pracovn\u00ed den. Aktu\u00e1ln\u00ed: Nebezpe\u010d\u00ed v zim\u011b! Pozor na led a tmu! Chra\u0148te ostatn\u00ed i sebe! Zejm\u00e9na v temn\u00e9m obdob\u00ed je [&hellip;]<\/p>\n","protected":false},"author":2,"featured_media":0,"parent":0,"menu_order":0,"comment_status":"closed","ping_status":"closed","template":"","meta":{"_et_pb_use_builder":"on","_et_pb_old_content":"","_et_gb_content_width":"","_themeisle_gutenberg_block_has_review":false,"footnotes":""},"class_list":["post-644","page","type-page","status-publish","hentry"],"yoast_head":"<!-- This site is optimized with the Yoast SEO plugin v27.4 - https:\/\/yoast.com\/product\/yoast-seo-wordpress\/ -->\n<title>Bezpe\u010dnostn\u00ed zv\u00fdrazn\u011bn\u00ed - led a tma - Together for Safety<\/title>\n<meta name=\"robots\" content=\"index, follow, max-snippet:-1, max-image-preview:large, max-video-preview:-1\" \/>\n<link rel=\"canonical\" href=\"https:\/\/together-for-safety.com\/cs\/tema-mesice\/\" \/>\n<meta property=\"og:locale\" content=\"cs_CZ\" \/>\n<meta property=\"og:type\" content=\"article\" \/>\n<meta property=\"og:title\" content=\"Bezpe\u010dnostn\u00ed zv\u00fdrazn\u011bn\u00ed - led a tma - Together for Safety\" \/>\n<meta property=\"og:description\" content=\"Na\u0161e aktu\u00e1ln\u00ed bezpe\u010dnostn\u00ed novinky M\u00edsta nehod jsou st\u0159edem pozornosti N\u00e1\u0161 aktu\u00e1ln\u00ed \u010dl\u00e1nek o bezpe\u010dnosti podrobn\u011bji p\u0159edstavuje kl\u00ed\u010dovou oblast bezpe\u010dnosti pr\u00e1ce. Podrobn\u011b v\u00e1m vysv\u011btl\u00edme, co je t\u0159eba v t\u00e9to oblasti zohlednit, abyste mohli bezpe\u010dn\u011b pro\u017e\u00edt sv\u016fj pracovn\u00ed den. Aktu\u00e1ln\u00ed: Nebezpe\u010d\u00ed v zim\u011b! Pozor na led a tmu! Chra\u0148te ostatn\u00ed i sebe! Zejm\u00e9na v temn\u00e9m obdob\u00ed je [&hellip;]\" \/>\n<meta property=\"og:url\" content=\"https:\/\/together-for-safety.com\/cs\/tema-mesice\/\" \/>\n<meta property=\"og:site_name\" content=\"Together for Safety\" \/>\n<meta property=\"article:modified_time\" content=\"2023-12-08T14:58:03+00:00\" \/>\n<meta name=\"twitter:card\" content=\"summary_large_image\" \/>\n<meta name=\"twitter:label1\" content=\"Odhadovan\u00e1 doba \u010dten\u00ed\" \/>\n\t<meta name=\"twitter:data1\" content=\"7 minut\" \/>\n<script type=\"application\/ld+json\" class=\"yoast-schema-graph\">{\"@context\":\"https:\\\/\\\/schema.org\",\"@graph\":[{\"@type\":\"WebPage\",\"@id\":\"https:\\\/\\\/together-for-safety.com\\\/cs\\\/tema-mesice\\\/\",\"url\":\"https:\\\/\\\/together-for-safety.com\\\/cs\\\/tema-mesice\\\/\",\"name\":\"Bezpe\u010dnostn\u00ed zv\u00fdrazn\u011bn\u00ed - led a tma - Together for Safety\",\"isPartOf\":{\"@id\":\"https:\\\/\\\/together-for-safety.com\\\/cs\\\/#website\"},\"datePublished\":\"2022-12-31T10:00:26+00:00\",\"dateModified\":\"2023-12-08T14:58:03+00:00\",\"breadcrumb\":{\"@id\":\"https:\\\/\\\/together-for-safety.com\\\/cs\\\/tema-mesice\\\/#breadcrumb\"},\"inLanguage\":\"cs\",\"potentialAction\":[{\"@type\":\"ReadAction\",\"target\":[\"https:\\\/\\\/together-for-safety.com\\\/cs\\\/tema-mesice\\\/\"]}]},{\"@type\":\"BreadcrumbList\",\"@id\":\"https:\\\/\\\/together-for-safety.com\\\/cs\\\/tema-mesice\\\/#breadcrumb\",\"itemListElement\":[{\"@type\":\"ListItem\",\"position\":1,\"name\":\"Startseite\",\"item\":\"https:\\\/\\\/together-for-safety.com\\\/cs\\\/\"},{\"@type\":\"ListItem\",\"position\":2,\"name\":\"Bezpe\u010dnostn\u00ed zv\u00fdrazn\u011bn\u00ed &#8211; led a tma\"}]},{\"@type\":\"WebSite\",\"@id\":\"https:\\\/\\\/together-for-safety.com\\\/cs\\\/#website\",\"url\":\"https:\\\/\\\/together-for-safety.com\\\/cs\\\/\",\"name\":\"Together for Safety\",\"description\":\"Kampagne zur Arbeitssicherheit von Dyckerhoff\",\"potentialAction\":[{\"@type\":\"SearchAction\",\"target\":{\"@type\":\"EntryPoint\",\"urlTemplate\":\"https:\\\/\\\/together-for-safety.com\\\/cs\\\/?s={search_term_string}\"},\"query-input\":{\"@type\":\"PropertyValueSpecification\",\"valueRequired\":true,\"valueName\":\"search_term_string\"}}],\"inLanguage\":\"cs\"}]}<\/script>\n<!-- \/ Yoast SEO plugin. -->","yoast_head_json":{"title":"Bezpe\u010dnostn\u00ed zv\u00fdrazn\u011bn\u00ed - led a tma - Together for Safety","robots":{"index":"index","follow":"follow","max-snippet":"max-snippet:-1","max-image-preview":"max-image-preview:large","max-video-preview":"max-video-preview:-1"},"canonical":"https:\/\/together-for-safety.com\/cs\/tema-mesice\/","og_locale":"cs_CZ","og_type":"article","og_title":"Bezpe\u010dnostn\u00ed zv\u00fdrazn\u011bn\u00ed - led a tma - Together for Safety","og_description":"Na\u0161e aktu\u00e1ln\u00ed bezpe\u010dnostn\u00ed novinky M\u00edsta nehod jsou st\u0159edem pozornosti N\u00e1\u0161 aktu\u00e1ln\u00ed \u010dl\u00e1nek o bezpe\u010dnosti podrobn\u011bji p\u0159edstavuje kl\u00ed\u010dovou oblast bezpe\u010dnosti pr\u00e1ce. Podrobn\u011b v\u00e1m vysv\u011btl\u00edme, co je t\u0159eba v t\u00e9to oblasti zohlednit, abyste mohli bezpe\u010dn\u011b pro\u017e\u00edt sv\u016fj pracovn\u00ed den. Aktu\u00e1ln\u00ed: Nebezpe\u010d\u00ed v zim\u011b! Pozor na led a tmu! Chra\u0148te ostatn\u00ed i sebe! Zejm\u00e9na v temn\u00e9m obdob\u00ed je [&hellip;]","og_url":"https:\/\/together-for-safety.com\/cs\/tema-mesice\/","og_site_name":"Together for Safety","article_modified_time":"2023-12-08T14:58:03+00:00","twitter_card":"summary_large_image","twitter_misc":{"Odhadovan\u00e1 doba \u010dten\u00ed":"7 minut"},"schema":{"@context":"https:\/\/schema.org","@graph":[{"@type":"WebPage","@id":"https:\/\/together-for-safety.com\/cs\/tema-mesice\/","url":"https:\/\/together-for-safety.com\/cs\/tema-mesice\/","name":"Bezpe\u010dnostn\u00ed zv\u00fdrazn\u011bn\u00ed - led a tma - Together for Safety","isPartOf":{"@id":"https:\/\/together-for-safety.com\/cs\/#website"},"datePublished":"2022-12-31T10:00:26+00:00","dateModified":"2023-12-08T14:58:03+00:00","breadcrumb":{"@id":"https:\/\/together-for-safety.com\/cs\/tema-mesice\/#breadcrumb"},"inLanguage":"cs","potentialAction":[{"@type":"ReadAction","target":["https:\/\/together-for-safety.com\/cs\/tema-mesice\/"]}]},{"@type":"BreadcrumbList","@id":"https:\/\/together-for-safety.com\/cs\/tema-mesice\/#breadcrumb","itemListElement":[{"@type":"ListItem","position":1,"name":"Startseite","item":"https:\/\/together-for-safety.com\/cs\/"},{"@type":"ListItem","position":2,"name":"Bezpe\u010dnostn\u00ed zv\u00fdrazn\u011bn\u00ed &#8211; led a tma"}]},{"@type":"WebSite","@id":"https:\/\/together-for-safety.com\/cs\/#website","url":"https:\/\/together-for-safety.com\/cs\/","name":"Together for Safety","description":"Kampagne zur Arbeitssicherheit von Dyckerhoff","potentialAction":[{"@type":"SearchAction","target":{"@type":"EntryPoint","urlTemplate":"https:\/\/together-for-safety.com\/cs\/?s={search_term_string}"},"query-input":{"@type":"PropertyValueSpecification","valueRequired":true,"valueName":"search_term_string"}}],"inLanguage":"cs"}]}},"_links":{"self":[{"href":"https:\/\/together-for-safety.com\/cs\/wp-json\/wp\/v2\/pages\/644","targetHints":{"allow":["GET"]}}],"collection":[{"href":"https:\/\/together-for-safety.com\/cs\/wp-json\/wp\/v2\/pages"}],"about":[{"href":"https:\/\/together-for-safety.com\/cs\/wp-json\/wp\/v2\/types\/page"}],"author":[{"embeddable":true,"href":"https:\/\/together-for-safety.com\/cs\/wp-json\/wp\/v2\/users\/2"}],"replies":[{"embeddable":true,"href":"https:\/\/together-for-safety.com\/cs\/wp-json\/wp\/v2\/comments?post=644"}],"version-history":[{"count":21,"href":"https:\/\/together-for-safety.com\/cs\/wp-json\/wp\/v2\/pages\/644\/revisions"}],"predecessor-version":[{"id":7155,"href":"https:\/\/together-for-safety.com\/cs\/wp-json\/wp\/v2\/pages\/644\/revisions\/7155"}],"wp:attachment":[{"href":"https:\/\/together-for-safety.com\/cs\/wp-json\/wp\/v2\/media?parent=644"}],"curies":[{"name":"wp","href":"https:\/\/api.w.org\/{rel}","templated":true}]}}