{"id":621,"date":"2023-01-02T20:22:37","date_gmt":"2023-01-02T19:22:37","guid":{"rendered":"https:\/\/together-for-safety.com\/privacy\/"},"modified":"2023-04-28T12:12:21","modified_gmt":"2023-04-28T10:12:21","slug":"privacy","status":"publish","type":"page","link":"https:\/\/together-for-safety.com\/en\/privacy\/","title":{"rendered":"Privacy"},"content":{"rendered":"<p>[et_pb_section fb_built=&#8221;1&#8243; _builder_version=&#8221;4.19.4&#8243; _module_preset=&#8221;default&#8221; global_colors_info=&#8221;{}&#8221;][et_pb_row _builder_version=&#8221;4.19.4&#8243; _module_preset=&#8221;default&#8221; custom_padding=&#8221;0px||||false|false&#8221; animation_style=&#8221;fade&#8221; global_colors_info=&#8221;{}&#8221;][et_pb_column type=&#8221;4_4&#8243; _builder_version=&#8221;4.19.4&#8243; _module_preset=&#8221;default&#8221; global_colors_info=&#8221;{}&#8221;][et_pb_text _builder_version=&#8221;4.19.4&#8243; _module_preset=&#8221;default&#8221; custom_margin=&#8221;||60px||false|false&#8221; animation_style=&#8221;fade&#8221; global_colors_info=&#8221;{}&#8221;]<\/p>\n<h1 class=\"p1\"><span class=\"s1\" style=\"color: #392152;\">Privacy<\/span><\/h1>\n<h2 class=\"p1\">[\/et_pb_text][et_pb_text _builder_version=&#8221;4.21.0&#8243; _module_preset=&#8221;default&#8221; custom_padding=&#8221;||0px|||&#8221; animation_style=&#8221;fade&#8221; hover_enabled=&#8221;0&#8243; global_colors_info=&#8221;{}&#8221; custom_css_before_last_edited=&#8221;on|desktop&#8221; sticky_enabled=&#8221;0&#8243;]<\/p>\n<p class=\"p2\"><span class=\"s1\">Status: March 2023<\/span><\/p>\n<p class=\"p3\"><strong><span style=\"font-size: 18px;\">1. scope<\/span><\/strong><span class=\"s1\"><\/span><\/p>\n<ul>\n<li class=\"li5\"><span class=\"s3\"><a href=\"http:\/\/www.together-for-safety.de\"><span class=\"s4\">www.together-for-safety.com<\/span><\/a><\/span><\/li>\n<li class=\"li2\"><span class=\"s2\"><\/span><span class=\"s1\">Contact requests \/ feedback in the context of <span class=\"s5\"><br \/><a href=\"http:\/\/www.together-for-safety.de\">www.together-for-safety.com<\/a><br \/><a href=\"http:\/\/www.together-for-safety.de\"><\/a><br \/><\/span> <\/span><span class=\"s1\"><span class=\"s5\"><\/span><\/span><\/li>\n<\/ul>\n<p class=\"p3\"><span style=\"font-size: 18px;\"><\/span><\/p>\n<p class=\"p3\"><strong><span style=\"font-size: 18px;\">2. responsibility<\/span><\/strong><span class=\"s1\"><\/span><\/p>\n<p class=\"p2\"><span class=\"s1\">For the processing of personal data for the technical provision of <a href=\"http:\/\/www.together-for-safety.de\"><br \/><span class=\"s5\">www.together-for-safety.com<\/span><\/a>: <\/span><\/p>\n<p class=\"p6\"><span class=\"s1\">Dyckerhoff GmbH<\/span><span class=\"s6\"><br \/><\/span><span class=\"s1\">Biebricher Street 68<\/span><span class=\"s6\"><br \/><\/span><span class=\"s1\">65203 Wiesbaden<\/span><span class=\"s6\"> <\/span><\/p>\n<p class=\"p7\"><span class=\"s1\">Tel.: 0611 6760<br \/>Email: <a href=\"mailto:info@dyckerhoff.com\"><br \/><span class=\"s5\">info@dyckerhoff.com<\/span><br \/><\/a><\/span><\/p>\n<p class=\"p8\"><span class=\"s1\"><\/span><\/p>\n<p class=\"p2\"><span class=\"s1\">The company to which you submit your request directly is responsible for processing personal data for handling contact requests \/ feedback: <\/span><\/p>\n<p class=\"p6\"><span class=\"s1\">Dyckerhoff GmbH <\/span><span class=\"s6\"><br \/><\/span><span class=\"s1\">Biebricher Street 68<\/span><span class=\"s6\"><br \/><\/span><span class=\"s1\">65203 Wiesbaden<\/span><span class=\"s6\"> <\/span><\/p>\n<p class=\"p7\"><span class=\"s1\">Tel.: 0611 6760<br \/>Email: <a href=\"mailto:info@dyckerhoff.com\"><br \/><span class=\"s5\">info@dyckerhoff.com<\/span><br \/><\/a><\/span><\/p>\n<p class=\"p3\"><span class=\"s1\"><\/span><\/p>\n<p class=\"p6\"><span class=\"s1\">Dyckerhoff Beton GmbH &amp; Co. KG<br \/>Bierbicher street 68<br \/>65203 Wiesbaden <\/span><\/p>\n<p class=\"p7\"><span class=\"s1\">Tel.: 0611 6760<br \/>Email: <a href=\"mailto:info@dyckerhoff.com\"><br \/><span class=\"s5\">info@dyckerhoff.com<\/span><br \/><\/a><\/span><\/p>\n<p class=\"p3\"><span class=\"s1\"><\/span><\/p>\n<p class=\"p9\"><span class=\"s1\">Dyckerhoff Basal Nederland B.V.<\/span><\/p>\n<p class=\"p6\"><span class=\"s1\">Kelvinbaan 44<br \/>3439 MT Nieuwegein<\/span><\/p>\n<p class=\"p6\"><span class=\"s1\">Tel: +31 &#8211; 88 60 78 300<br \/>E-mail: info@dyckerhoff-basal.de<\/span><\/p>\n<p class=\"p10\"><span class=\"s1\"><\/span><\/p>\n<p class=\"p6\"><span class=\"s1\">Cimalux Soci\u00e9t\u00e9 anonyme<br \/>ZI Around Monkeler<br \/>L-4149 Esch-sur-Alzette<\/span><\/p>\n<p class=\"p6\"><span class=\"s1\">Tel: +352 55 25 25 -1<br \/>Email: <a href=\"mailto:info@cimalux.lu\"><br \/><span class=\"s5\">info@cimalux.lu<\/span><br \/><\/a><\/span><\/p>\n<p class=\"p11\"><span class=\"s1\"><\/span><\/p>\n<p class=\"p6\"><span class=\"s1\">Cement Hranice, akciov\u00e1 spole\u010dnost<br \/>B\u011blot\u00ednsk\u00e1 288<br \/>753 01 Hranice I &#8211; M\u011bsto<br \/>Czech republic<\/span><\/p>\n<p class=\"p6\"><span class=\"s1\">Tel.: +420 581 829 111<br \/>Email: cement@cement.cz<\/span><\/p>\n<p class=\"p12\"><span class=\"s1\"><b><\/b><\/span><\/p>\n<p class=\"p7\"><span class=\"s1\">ZAPA concrete a.s.<br \/>V\u00edde\u0148sk\u00e1 495<br \/>142 00 Praha 4<br \/>Czech republic<\/span><\/p>\n<p class=\"p7\"><span class=\"s1\">Tel.: +420 226 004 444<br \/>Email: <a href=\"mailto:zapa@zapa.cz\"><br \/><span class=\"s5\">zapa@zapa.cz<\/span><br \/><\/a><\/span><\/p>\n<p class=\"p10\"><span class=\"s1\"><\/span><\/p>\n<p class=\"p6\"><span class=\"s1\">Dyckerhoff Polska Sp. z o.o.<br \/>ul. Zak\u0142adowa 3<br \/>26-052 Nowiny<\/span><\/p>\n<p class=\"p6\"><span class=\"s1\">Tel: +48 41 346 60 00<br \/>E-mail: informatyka@dyckerhoff.pl<\/span><\/p>\n<p class=\"p3\"><span class=\"s1\"><\/span><\/p>\n<p class=\"p2\"><span class=\"s1\">When you visit <a href=\"http:\/\/www.dyckerhoff.com\"><br \/><span class=\"s5\">www.dyckerhoff.com<\/span><br \/><\/a> Buzzi Unicem S.p.a. is responsible for processing personal data for the technical provision of <a href=\"http:\/\/www.dyckerhoff.com\">www.dyckerhoff.com<\/a>.<\/span><\/p>\n<p class=\"p2\"><span class=\"s1\"><\/span><\/p>\n<p class=\"p2\"><span style=\"font-size: 18px;\"><\/span><\/p>\n<p class=\"p2\"><strong><span style=\"font-size: 18px;\">3. contact details of the data protection officer<\/span><\/strong><\/p>\n<p class=\"p2\"><span class=\"s1\">Dyckerhoff GmbH<br \/>Data Protection Officer<br \/>Biebricher Str. 68<br \/>65203 Wiesbaden<\/span><\/p>\n<p class=\"p3\"><span class=\"s1\"><\/span><\/p>\n<p class=\"p14\"><span class=\"s6\">Tel.: 0611 6761647<br \/>Email: <span class=\"s7\"><br \/><a href=\"mailto:protection.data@dyckerhoff.com\">protection.data@dyckerhoff.com<\/a><br \/><a href=\"mailto:protection.data@dyckerhoff.com\"><\/a><br \/><\/span><\/span><\/p>\n<p class=\"p14\"><span class=\"s6\"><span class=\"s7\"><\/span><\/span><\/p>\n<p class=\"p15\"><span style=\"font-size: 18px;\"><\/span><\/p>\n<p class=\"p15\"><strong><span style=\"font-size: 18px;\">4. technical delivery &amp; log files<\/span><\/strong><span class=\"s1\"><\/span><\/p>\n<p class=\"p2\"><span class=\"s1\">When you visit <a href=\"http:\/\/www.together-for-safety.de\"><br \/><span class=\"s5\">www.together-for-safety.com<\/span><br \/><\/a> temporarily IP address and other information (date and time of access,<\/span><span class=\"s8\"> <\/span><span class=\"s1\">Request method &amp; requested files, amount of data, status code, user agent [information about operating system, browser type and version.<\/span><span class=\"s9\">])<\/span><span class=\"s1\"> processed so that the requested files can be delivered. The accesses are stored for control purposes in the log or protocol files of web servers. <\/span><\/p>\n<p class=\"p2\"><span class=\"s1\">The legal basis for the personal data processing for the technical delivery of www.together-for-safety.de &amp; storage in the log files is Art. 6 para. 1 lit. f GDPR.<\/span><\/p>\n<p class=\"p2\"><span class=\"s1\">The log files are stored for 7 days and deleted automatically. <\/span><\/p>\n<p class=\"p2\"><span class=\"s1\">Web hosting www.together-for-safety.com: <\/span><\/p>\n<p class=\"p7\"><span class=\"s1\">IONOS SE<br \/>Elgendorfer Str. 57<br \/>56410 Montabeur<\/span><\/p>\n<p class=\"p7\"><span class=\"s1\"><\/span><\/p>\n<p class=\"p15\"><span style=\"font-size: 18px;\"><\/span><\/p>\n<p class=\"p15\"><strong><span style=\"font-size: 18px;\">5. cookies<\/span><\/strong><span class=\"s1\"><\/span><\/p>\n<p class=\"p2\"><span class=\"s1\">Cookies are small files that are automatically created and stored in the web browser of the visitor&#8217;s terminal device in each case to a visited website. Cookies can store, for example, information about the preferred settings, for the recognition of a website visitor a session ID, access data (username \/ e-mail and password), etc.. The website at <a href=\"http:\/\/www.together-for-safety.com\"><br \/><span class=\"s5\">www.together-for-safety.com<\/span><br \/><\/a> cookies used provide functions for language selection settings: <\/span><\/p>\n<p class=\"p2\"><span class=\"s1\">wp-wpml_current_language &#8211; Stores the current language. This cookie is enabled by default on sites that use the Language filtering for AJAX operations feature.<\/span><\/p>\n<p class=\"p2\"><span class=\"s1\">_icl_visitor_lang_js &#8211; Stores the redirected language. This cookie is enabled for all site visitors if you use the Browser language redirect feature.<\/span><\/p>\n<p class=\"p2\"><span class=\"s1\">wpml_browser_redirect_test &#8211; Tests if cookies are enabled. This cookie is enabled for all site visitors if you use the Browser language redirect feature.<\/span><\/p>\n<p class=\"p2\"><span class=\"s1\">For more information on the cookies used, please visit the developer pages: www.wpml.org\/documentation\/support\/browser-cookies-stored-wpml\/<\/span><\/p>\n<p class=\"p2\"><span class=\"s1\">Insofar as Dyckerhoff GmbH processes personal data by means of technically required cookies in the context of providing www.together-for-safety.de, Art. 6 para. 1 lit. f DS-GVO is the legal basis. Our legitimate interests lie in the above-mentioned purposes.<\/span><\/p>\n<p class=\"p15\"><span style=\"font-size: 18px;\"><\/span><\/p>\n<p class=\"p15\"><span style=\"font-size: 18px;\"><\/span><\/p>\n<p class=\"p15\"><strong><span style=\"font-size: 18px;\">6. contact<\/span><\/strong><span class=\"s1\"><\/span><\/p>\n<p class=\"p2\"><span class=\"s1\">If you contact a company (e.g. by e-mail, telephone, contact form), your details will be processed insofar as this is necessary to respond to your contact request and any measures requested. The legal basis is Art. 6 para. 1 lit. b GDPR.<\/span><\/p>\n<p class=\"p2\"><span class=\"s1\">As far as your contact request is neither necessary for the fulfillment of a contract with the respective company nor for the execution of pre-contractual measures, Art. 6 para. 1 lit. f DS-GVO is the legal basis for the processing of your data. The legitimate interest is to finally process the received message and to contact you externally. <\/span><\/p>\n<p class=\"p2\"><span class=\"s1\">If a company processes personal data on the basis of consent, Art. 6 para. 1 lit. a DS-GVO is the legal basis. <\/span><\/p>\n<p class=\"p2\"><span class=\"s1\">Your message will be stored until processing is complete. Longer storage only takes place if the respective company is entitled or obligated to do so in individual cases. <\/span><\/p>\n<p class=\"p3\"><span style=\"font-size: 18px;\"><\/span><\/p>\n<p class=\"p3\"><span style=\"font-size: 18px;\"><\/span><\/p>\n<p class=\"p3\"><strong><span style=\"font-size: 18px;\">7. your rights <\/span><\/strong><span class=\"s1\"><\/span><\/p>\n<p class=\"p2\"><span class=\"s1\">In accordance with Art. 15 DS-GVO, you have the right to request information about your personal data that are the subject of processing.<\/span><\/p>\n<p class=\"p2\"><span class=\"s1\">If incorrect personal data is processed, you have a right to rectification pursuant to Art. 16 DS-GVO.<\/span><\/p>\n<p class=\"p2\"><span class=\"s1\">If the legal requirements are met, you have the right to erasure or restriction of processing of the data concerned (Art. 17 and Art. 18 DS-GVO).<\/span><\/p>\n<p class=\"p2\"><span class=\"s1\">Under the conditions of Art. 20, you have a right to data portability. <\/span><\/p>\n<p class=\"p2\"><span class=\"s1\">You have the right to revoke your consent at any time without affecting the lawfulness of the processing carried out on the basis of the consent until revocation.<\/span><\/p>\n<p class=\"p2\"><span class=\"s1\">According to Art. 21 DS-GVO, you have the right to object to the processing of your data, which is based on Art. 6 para. 1 lit. f DS-GVO takes place. The controller shall then no longer process the personal data, unless it can demonstrate compelling legitimate grounds for the processing which override your interests, rights and freedoms, or the processing serves the purpose of asserting, exercising or defending legal claims. <\/span><\/p>\n<p class=\"p2\"><span class=\"s1\">Pursuant to Art. 77 para. 1 DS-GVO, you have a right of appeal to a supervisory authority:<br \/>edpb.europa.eu\/about-edpb\/about-edpb\/members_en<\/span><\/p>\n<p class=\"p16\"><span class=\"s1\"><\/span><\/p>\n<p class=\"p16\"><span class=\"s1\"><\/span><\/p>\n<p class=\"p16\"><span class=\"s1\"><\/span><\/p>\n<p class=\"p16\">[\/et_pb_text][\/et_pb_column][\/et_pb_row][\/et_pb_section]<\/p>\n","protected":false},"excerpt":{"rendered":"<p>Privacy Status: March 2023 1. scope www.together-for-safety.com Contact requests \/ feedback in the context of www.together-for-safety.com 2. responsibility For the processing of personal data for the technical provision of www.together-for-safety.com: Dyckerhoff GmbHBiebricher Street 6865203 Wiesbaden Tel.: 0611 6760Email: info@dyckerhoff.com The company to which you submit your request directly is responsible for processing personal data for [&hellip;]<\/p>\n","protected":false},"author":2,"featured_media":0,"parent":0,"menu_order":0,"comment_status":"closed","ping_status":"closed","template":"","meta":{"_et_pb_use_builder":"on","_et_pb_old_content":"","_et_gb_content_width":"","_themeisle_gutenberg_block_has_review":false,"footnotes":""},"class_list":["post-621","page","type-page","status-publish","hentry"],"yoast_head":"<!-- This site is optimized with the Yoast SEO plugin v27.4 - https:\/\/yoast.com\/product\/yoast-seo-wordpress\/ -->\n<title>Privacy - Together for Safety<\/title>\n<meta name=\"robots\" content=\"index, follow, max-snippet:-1, max-image-preview:large, max-video-preview:-1\" \/>\n<link rel=\"canonical\" href=\"https:\/\/together-for-safety.com\/en\/privacy\/\" \/>\n<meta property=\"og:locale\" content=\"en_US\" \/>\n<meta property=\"og:type\" content=\"article\" \/>\n<meta property=\"og:title\" content=\"Privacy - Together for Safety\" \/>\n<meta property=\"og:description\" content=\"Privacy Status: March 2023 1. scope www.together-for-safety.com Contact requests \/ feedback in the context of www.together-for-safety.com 2. responsibility For the processing of personal data for the technical provision of www.together-for-safety.com: Dyckerhoff GmbHBiebricher Street 6865203 Wiesbaden Tel.: 0611 6760Email: info@dyckerhoff.com The company to which you submit your request directly is responsible for processing personal data for [&hellip;]\" \/>\n<meta property=\"og:url\" content=\"https:\/\/together-for-safety.com\/en\/privacy\/\" \/>\n<meta property=\"og:site_name\" content=\"Together for Safety\" \/>\n<meta property=\"article:modified_time\" content=\"2023-04-28T10:12:21+00:00\" \/>\n<meta name=\"twitter:card\" content=\"summary_large_image\" \/>\n<meta name=\"twitter:label1\" content=\"Est. reading time\" \/>\n\t<meta name=\"twitter:data1\" content=\"5 minutes\" \/>\n<script type=\"application\/ld+json\" class=\"yoast-schema-graph\">{\"@context\":\"https:\\\/\\\/schema.org\",\"@graph\":[{\"@type\":\"WebPage\",\"@id\":\"https:\\\/\\\/together-for-safety.com\\\/en\\\/privacy\\\/\",\"url\":\"https:\\\/\\\/together-for-safety.com\\\/en\\\/privacy\\\/\",\"name\":\"Privacy - Together for Safety\",\"isPartOf\":{\"@id\":\"https:\\\/\\\/together-for-safety.com\\\/en\\\/#website\"},\"datePublished\":\"2023-01-02T19:22:37+00:00\",\"dateModified\":\"2023-04-28T10:12:21+00:00\",\"breadcrumb\":{\"@id\":\"https:\\\/\\\/together-for-safety.com\\\/en\\\/privacy\\\/#breadcrumb\"},\"inLanguage\":\"en-US\",\"potentialAction\":[{\"@type\":\"ReadAction\",\"target\":[\"https:\\\/\\\/together-for-safety.com\\\/en\\\/privacy\\\/\"]}]},{\"@type\":\"BreadcrumbList\",\"@id\":\"https:\\\/\\\/together-for-safety.com\\\/en\\\/privacy\\\/#breadcrumb\",\"itemListElement\":[{\"@type\":\"ListItem\",\"position\":1,\"name\":\"Startseite\",\"item\":\"https:\\\/\\\/together-for-safety.com\\\/en\\\/\"},{\"@type\":\"ListItem\",\"position\":2,\"name\":\"Privacy\"}]},{\"@type\":\"WebSite\",\"@id\":\"https:\\\/\\\/together-for-safety.com\\\/en\\\/#website\",\"url\":\"https:\\\/\\\/together-for-safety.com\\\/en\\\/\",\"name\":\"Together for Safety\",\"description\":\"Kampagne zur Arbeitssicherheit von Dyckerhoff\",\"potentialAction\":[{\"@type\":\"SearchAction\",\"target\":{\"@type\":\"EntryPoint\",\"urlTemplate\":\"https:\\\/\\\/together-for-safety.com\\\/en\\\/?s={search_term_string}\"},\"query-input\":{\"@type\":\"PropertyValueSpecification\",\"valueRequired\":true,\"valueName\":\"search_term_string\"}}],\"inLanguage\":\"en-US\"}]}<\/script>\n<!-- \/ Yoast SEO plugin. -->","yoast_head_json":{"title":"Privacy - Together for Safety","robots":{"index":"index","follow":"follow","max-snippet":"max-snippet:-1","max-image-preview":"max-image-preview:large","max-video-preview":"max-video-preview:-1"},"canonical":"https:\/\/together-for-safety.com\/en\/privacy\/","og_locale":"en_US","og_type":"article","og_title":"Privacy - Together for Safety","og_description":"Privacy Status: March 2023 1. scope www.together-for-safety.com Contact requests \/ feedback in the context of www.together-for-safety.com 2. responsibility For the processing of personal data for the technical provision of www.together-for-safety.com: Dyckerhoff GmbHBiebricher Street 6865203 Wiesbaden Tel.: 0611 6760Email: info@dyckerhoff.com The company to which you submit your request directly is responsible for processing personal data for [&hellip;]","og_url":"https:\/\/together-for-safety.com\/en\/privacy\/","og_site_name":"Together for Safety","article_modified_time":"2023-04-28T10:12:21+00:00","twitter_card":"summary_large_image","twitter_misc":{"Est. reading time":"5 minutes"},"schema":{"@context":"https:\/\/schema.org","@graph":[{"@type":"WebPage","@id":"https:\/\/together-for-safety.com\/en\/privacy\/","url":"https:\/\/together-for-safety.com\/en\/privacy\/","name":"Privacy - Together for Safety","isPartOf":{"@id":"https:\/\/together-for-safety.com\/en\/#website"},"datePublished":"2023-01-02T19:22:37+00:00","dateModified":"2023-04-28T10:12:21+00:00","breadcrumb":{"@id":"https:\/\/together-for-safety.com\/en\/privacy\/#breadcrumb"},"inLanguage":"en-US","potentialAction":[{"@type":"ReadAction","target":["https:\/\/together-for-safety.com\/en\/privacy\/"]}]},{"@type":"BreadcrumbList","@id":"https:\/\/together-for-safety.com\/en\/privacy\/#breadcrumb","itemListElement":[{"@type":"ListItem","position":1,"name":"Startseite","item":"https:\/\/together-for-safety.com\/en\/"},{"@type":"ListItem","position":2,"name":"Privacy"}]},{"@type":"WebSite","@id":"https:\/\/together-for-safety.com\/en\/#website","url":"https:\/\/together-for-safety.com\/en\/","name":"Together for Safety","description":"Kampagne zur Arbeitssicherheit von Dyckerhoff","potentialAction":[{"@type":"SearchAction","target":{"@type":"EntryPoint","urlTemplate":"https:\/\/together-for-safety.com\/en\/?s={search_term_string}"},"query-input":{"@type":"PropertyValueSpecification","valueRequired":true,"valueName":"search_term_string"}}],"inLanguage":"en-US"}]}},"_links":{"self":[{"href":"https:\/\/together-for-safety.com\/en\/wp-json\/wp\/v2\/pages\/621","targetHints":{"allow":["GET"]}}],"collection":[{"href":"https:\/\/together-for-safety.com\/en\/wp-json\/wp\/v2\/pages"}],"about":[{"href":"https:\/\/together-for-safety.com\/en\/wp-json\/wp\/v2\/types\/page"}],"author":[{"embeddable":true,"href":"https:\/\/together-for-safety.com\/en\/wp-json\/wp\/v2\/users\/2"}],"replies":[{"embeddable":true,"href":"https:\/\/together-for-safety.com\/en\/wp-json\/wp\/v2\/comments?post=621"}],"version-history":[{"count":9,"href":"https:\/\/together-for-safety.com\/en\/wp-json\/wp\/v2\/pages\/621\/revisions"}],"predecessor-version":[{"id":4445,"href":"https:\/\/together-for-safety.com\/en\/wp-json\/wp\/v2\/pages\/621\/revisions\/4445"}],"wp:attachment":[{"href":"https:\/\/together-for-safety.com\/en\/wp-json\/wp\/v2\/media?parent=621"}],"curies":[{"name":"wp","href":"https:\/\/api.w.org\/{rel}","templated":true}]}}