{"id":620,"date":"2023-01-02T20:22:37","date_gmt":"2023-01-02T19:22:37","guid":{"rendered":"https:\/\/together-for-safety.com\/protection-des-donnees\/"},"modified":"2023-04-28T12:10:12","modified_gmt":"2023-04-28T10:10:12","slug":"protection-des-donnees","status":"publish","type":"page","link":"https:\/\/together-for-safety.com\/fr\/protection-des-donnees\/","title":{"rendered":"Protection des donn\u00e9es"},"content":{"rendered":"<p>[et_pb_section fb_built=\u00a0\u00bb1&Prime; _builder_version=\u00a0\u00bb4.19.4&Prime; _module_preset=\u00a0\u00bbdefault\u00a0\u00bb global_colors_info=\u00a0\u00bb{}\u00a0\u00bb][et_pb_row _builder_version=\u00a0\u00bb4.19.4&Prime; _module_preset=\u00a0\u00bbdefault\u00a0\u00bb custom_padding=\u00a0\u00bb0px||||false|false\u00a0\u00bb animation_style=\u00a0\u00bbfade\u00a0\u00bb global_colors_info=\u00a0\u00bb{}\u00a0\u00bb][et_pb_column type=\u00a0\u00bb4_4&Prime; _builder_version=\u00a0\u00bb4.19.4&Prime; _module_preset=\u00a0\u00bbdefault\u00a0\u00bb global_colors_info=\u00a0\u00bb{}\u00a0\u00bb][et_pb_text _builder_version=\u00a0\u00bb4.19.4&Prime; _module_preset=\u00a0\u00bbdefault\u00a0\u00bb custom_margin=\u00a0\u00bb||60px||false|false\u00a0\u00bb animation_style=\u00a0\u00bbfade\u00a0\u00bb global_colors_info=\u00a0\u00bb{}\u00a0\u00bb]<\/p>\n<h1 class=\"p1\"><span class=\"s1\" style=\"color: #392152;\">Protection des donn\u00e9es<\/span><\/h1>\n<h2 class=\"p1\">[\/et_pb_text][et_pb_text _builder_version=\u00a0\u00bb4.21.0&Prime; _module_preset=\u00a0\u00bbdefault\u00a0\u00bb custom_padding=\u00a0\u00bb||0px|||\u00a0\u00bb animation_style=\u00a0\u00bbfade\u00a0\u00bb hover_enabled=\u00a0\u00bb0&Prime; global_colors_info=\u00a0\u00bb{}\u00a0\u00bb custom_css_before_last_edited=\u00a0\u00bbon|desktop\u00a0\u00bb sticky_enabled=\u00a0\u00bb0&Prime;]<\/p>\n<p class=\"p2\"><span class=\"s1\">Mise \u00e0 jour : mars 2023<\/span><\/p>\n<p class=\"p3\"><strong><span style=\"font-size: 18px;\">1) Champ d&rsquo;application<\/span><\/strong><span class=\"s1\"><\/span><\/p>\n<ul>\n<li class=\"li5\"><span class=\"s3\"><a href=\"http:\/\/www.together-for-safety.de\"><span class=\"s4\">www.together-for-safety.com<\/span><\/a><\/span><\/li>\n<li class=\"li2\"><span class=\"s2\"><\/span><span class=\"s1\">Demandes de contact \/ feedback dans le contexte de <span class=\"s5\"><br \/>\n  <a href=\"http:\/\/www.together-for-safety.de\">www.together-for-safety.com<\/a><br \/>\n  <a href=\"http:\/\/www.together-for-safety.de\"><\/a><br \/>\n<\/span> <\/span><span class=\"s1\"><span class=\"s5\"><\/span><\/span><\/li>\n<\/ul>\n<p class=\"p3\"><span style=\"font-size: 18px;\"><\/span><\/p>\n<p class=\"p3\"><strong><span style=\"font-size: 18px;\">2. responsabilit\u00e9<\/span><\/strong><span class=\"s1\"><\/span><\/p>\n<p class=\"p2\"><span class=\"s1\">Pour le traitement des donn\u00e9es \u00e0 caract\u00e8re personnel en vue de la mise \u00e0 disposition technique de <a href=\"http:\/\/www.together-for-safety.de\"><br \/>\n  <span class=\"s5\">www.together-for-safety.com<\/span><br \/>\n<\/a>:  <\/span><\/p>\n<p class=\"p6\"><span class=\"s1\">Dyckerhoff GmbH<\/span><span class=\"s6\"><br \/>\n  <br \/>\n<\/span><span class=\"s1\">Biebricher Stra\u00dfe 68<\/span><span class=\"s6\"><br \/>\n  <br \/>\n<\/span><span class=\"s1\">65203 Wiesbaden<\/span><span class=\"s6\"> <\/span><\/p>\n<p class=\"p7\"><span class=\"s1\">T\u00e9l. : 0611 6760<br \/>Courrier \u00e9lectronique : <a href=\"mailto:info@dyckerhoff.com\"><br \/>\n  <span class=\"s5\">info@dyckerhoff.com<\/span><br \/>\n<\/a><\/span><\/p>\n<p class=\"p8\"><span class=\"s1\"><\/span><\/p>\n<p class=\"p2\"><span class=\"s1\">La soci\u00e9t\u00e9 \u00e0 laquelle vous adressez directement votre demande est responsable du traitement des donn\u00e9es \u00e0 caract\u00e8re personnel pour le traitement des demandes de contact \/ feedback :  <\/span><\/p>\n<p class=\"p6\"><span class=\"s1\">Dyckerhoff GmbH <\/span><span class=\"s6\"><br \/>\n  <br \/>\n<\/span><span class=\"s1\">Biebricher Stra\u00dfe 68<\/span><span class=\"s6\"><br \/>\n  <br \/>\n<\/span><span class=\"s1\">65203 Wiesbaden<\/span><span class=\"s6\"> <\/span><\/p>\n<p class=\"p7\"><span class=\"s1\">T\u00e9l. : 0611 6760<br \/>Courrier \u00e9lectronique : <a href=\"mailto:info@dyckerhoff.com\"><br \/>\n  <span class=\"s5\">info@dyckerhoff.com<\/span><br \/>\n<\/a><\/span><\/p>\n<p class=\"p3\"><span class=\"s1\"><\/span><\/p>\n<p class=\"p6\"><span class=\"s1\">Dyckerhoff Beton GmbH &amp; Co. KG<br \/>Rue de Bierbich 68<br \/>65203 Wiesbaden  <\/span><\/p>\n<p class=\"p7\"><span class=\"s1\">T\u00e9l. : 0611 6760<br \/>Courrier \u00e9lectronique : <a href=\"mailto:info@dyckerhoff.com\"><br \/>\n  <span class=\"s5\">info@dyckerhoff.com<\/span><br \/>\n<\/a><\/span><\/p>\n<p class=\"p3\"><span class=\"s1\"><\/span><\/p>\n<p class=\"p9\"><span class=\"s1\">Dyckerhoff Basal Nederland B.V.<\/span><\/p>\n<p class=\"p6\"><span class=\"s1\">Kelvinbaan 44<br \/>3439 MT Nieuwegein<\/span><\/p>\n<p class=\"p6\"><span class=\"s1\">T\u00e9l. : +31 &#8211; 88 60 78 300<br \/>Courrier \u00e9lectronique : info@dyckerhoff-basal.de<\/span><\/p>\n<p class=\"p10\"><span class=\"s1\"><\/span><\/p>\n<p class=\"p6\"><span class=\"s1\">Cimalux Soci\u00e9t\u00e9 anonyme<br \/>ZI Um Monkeler<br \/>L-4149 Esch-sur-Alzette<\/span><\/p>\n<p class=\"p6\"><span class=\"s1\">T\u00e9l. : +352 55 25 25 -1<br \/>Courrier \u00e9lectronique : <a href=\"mailto:info@cimalux.lu\"><br \/>\n  <span class=\"s5\">info@cimalux.lu<\/span><br \/>\n<\/a><\/span><\/p>\n<p class=\"p11\"><span class=\"s1\"><\/span><\/p>\n<p class=\"p6\"><span class=\"s1\">Cement Hranice, akciov\u00e1 spole\u010dnost<br \/>B\u011blot\u00ednsk\u00e1 288<br \/>753 01 Hranice I &#8211; M\u011bsto<br \/>R\u00e9publique tch\u00e8que<\/span><\/p>\n<p class=\"p6\"><span class=\"s1\">T\u00e9l. : +420 581 829 111<br \/>Courrier \u00e9lectronique : cement@cement.cz<\/span><\/p>\n<p class=\"p12\"><span class=\"s1\"><b><\/b><\/span><\/p>\n<p class=\"p7\"><span class=\"s1\">ZAPA beton a.s.<br \/>V\u00edde\u0148sk\u00e1 495<br \/>142 00 Praha 4<br \/>R\u00e9publique tch\u00e8que<\/span><\/p>\n<p class=\"p7\"><span class=\"s1\">T\u00e9l. : +420 226 004 444<br \/>Courrier \u00e9lectronique : <a href=\"mailto:zapa@zapa.cz\"><br \/>\n  <span class=\"s5\">zapa@zapa.cz<\/span><br \/>\n<\/a><\/span><\/p>\n<p class=\"p10\"><span class=\"s1\"><\/span><\/p>\n<p class=\"p6\"><span class=\"s1\">Dyckerhoff Polska Sp. z o.o.<br \/>ul. Zak\u0142adowa 3<br \/>26-052 Nowiny<\/span><\/p>\n<p class=\"p6\"><span class=\"s1\">T\u00e9l : +48 41 346 60 00<br \/>Courrier \u00e9lectronique : informatyka@dyckerhoff.pl<\/span><\/p>\n<p class=\"p3\"><span class=\"s1\"><\/span><\/p>\n<p class=\"p2\"><span class=\"s1\">Si vous <a href=\"http:\/\/www.dyckerhoff.com\"><br \/>\n  <span class=\"s5\">www.dyckerhoff.com<\/span><br \/>\n<\/a> Buzzi Unicem S.p.a. est responsable du traitement des donn\u00e9es personnelles pour la fourniture technique de <a href=\"http:\/\/www.dyckerhoff.com\">www.dyckerhoff.com.<\/a><\/span><\/p>\n<p class=\"p2\"><span class=\"s1\"><\/span><\/p>\n<p class=\"p2\"><span style=\"font-size: 18px;\"><\/span><\/p>\n<p class=\"p2\"><strong><span style=\"font-size: 18px;\">3. les coordonn\u00e9es du d\u00e9l\u00e9gu\u00e9 \u00e0 la protection des donn\u00e9es<\/span><\/strong><\/p>\n<p class=\"p2\"><span class=\"s1\">Dyckerhoff GmbH<br \/>D\u00e9l\u00e9gu\u00e9 \u00e0 la protection des donn\u00e9es<br \/>Biebricher Str. 68<br \/>65203 Wiesbaden<\/span><\/p>\n<p class=\"p3\"><span class=\"s1\"><\/span><\/p>\n<p class=\"p14\"><span class=\"s6\">T\u00e9l. : 0611 6761647<br \/>Courrier \u00e9lectronique : <span class=\"s7\"><br \/>\n  <a href=\"mailto:protection.data@dyckerhoff.com\">protection.data@dyckerhoff.com<\/a><br \/>\n  <a href=\"mailto:protection.data@dyckerhoff.com\"><\/a><br \/>\n<\/span><\/span><\/p>\n<p class=\"p14\"><span class=\"s6\"><span class=\"s7\"><\/span><\/span><\/p>\n<p class=\"p15\"><span style=\"font-size: 18px;\"><\/span><\/p>\n<p class=\"p15\"><strong><span style=\"font-size: 18px;\">4. livraison technique &amp; fichiers journaux<\/span><\/strong><span class=\"s1\"><\/span><\/p>\n<p class=\"p2\"><span class=\"s1\">Si vous <a href=\"http:\/\/www.together-for-safety.de\"><br \/>\n  <span class=\"s5\">www.together-for-safety.com<\/span><br \/>\n<\/a> l&rsquo;adresse IP et d&rsquo;autres informations (date et heure de l&rsquo;acc\u00e8s,<\/span><span class=\"s8\"> <\/span><span class=\"s1\">M\u00e9thode de requ\u00eate &amp; fichiers demand\u00e9s, quantit\u00e9 de donn\u00e9es, code d&rsquo;\u00e9tat, user-agent [informations sur le syst\u00e8me d&rsquo;exploitation, le type et la version du navigateur].<\/span><span class=\"s9\">])<\/span><span class=\"s1\">  pour que les fichiers demand\u00e9s puissent \u00eatre livr\u00e9s. Les acc\u00e8s sont enregistr\u00e9s \u00e0 des fins de contr\u00f4le dans les fichiers log ou les fichiers journaux des serveurs web.  <\/span><\/p>\n<p class=\"p2\"><span class=\"s1\">La base juridique des traitements de donn\u00e9es personnelles pour la livraison technique de www.together-for-safety.de &amp; l&rsquo;enregistrement dans les fichiers journaux est l&rsquo;art. 6 al. 1 lit. f du RGPD.<\/span><\/p>\n<p class=\"p2\"><span class=\"s1\">Les fichiers journaux sont stock\u00e9s pendant 7 jours et automatiquement supprim\u00e9s.  <\/span><\/p>\n<p class=\"p2\"><span class=\"s1\">H\u00e9bergement web www.together-for-safety.com :  <\/span><\/p>\n<p class=\"p7\"><span class=\"s1\">IONOS SE<br \/>Rue d&rsquo;Elgendorf 57<br \/>56410 Montabeur<\/span><\/p>\n<p class=\"p7\"><span class=\"s1\"><\/span><\/p>\n<p class=\"p15\"><span style=\"font-size: 18px;\"><\/span><\/p>\n<p class=\"p15\"><strong><span style=\"font-size: 18px;\">5. les cookies<\/span><\/strong><span class=\"s1\"><\/span><\/p>\n<p class=\"p2\"><span class=\"s1\">Les cookies sont de petits fichiers cr\u00e9\u00e9s automatiquement et stock\u00e9s dans le navigateur web de l&rsquo;\u00e9quipement terminal du visiteur pour chaque site web visit\u00e9. Les cookies peuvent par exemple enregistrer des informations sur les param\u00e8tres pr\u00e9f\u00e9r\u00e9s, un identifiant de session pour reconna\u00eetre le visiteur d&rsquo;un site web, des donn\u00e9es d&rsquo;acc\u00e8s (nom d&rsquo;utilisateur \/ e-mail et mot de passe), etc. Les informations disponibles sur <a href=\"http:\/\/www.together-for-safety.com\"><br \/>\n  <span class=\"s5\">www.together-for-safety.com<\/span><br \/>\n<\/a> Les cookies utilis\u00e9s fournissent des fonctions pour les param\u00e8tres de s\u00e9lection de la langue :  <\/span><\/p>\n<p class=\"p2\"><span class=\"s1\">wp-wpml_current_language &#8211; Stocke la langue actuelle. Ce cookie est activ\u00e9 par d\u00e9faut sur les sites qui utilisent la fonctionnalit\u00e9 de filtrage linguistique pour les op\u00e9rations AJAX.<\/span><\/p>\n<p class=\"p2\"><span class=\"s1\">_icl_visitor_lang_js &#8211; Stores la langue redirig\u00e9e. Ce cookie est activ\u00e9 pour tous les visiteurs du site si vous utilisez la fonction de redirection de la langue du navigateur.<\/span><\/p>\n<p class=\"p2\"><span class=\"s1\">wpml_browser_redirect_test &#8211; Tests si les cookies sont activ\u00e9s. Ce cookie est activ\u00e9 pour tous les visiteurs du site si vous utilisez la fonction de redirection de la langue du navigateur.<\/span><\/p>\n<p class=\"p2\"><span class=\"s1\">Pour plus d&rsquo;informations sur les cookies utilis\u00e9s, veuillez consulter les pages destin\u00e9es aux d\u00e9veloppeurs : www.wpml.org\/documentation\/support\/browser-cookies-stored-wpml\/<\/span><\/p>\n<p class=\"p2\"><span class=\"s1\">Dans la mesure o\u00f9 Dyckerhoff GmbH traite des donn\u00e9es personnelles par le biais de cookies techniquement n\u00e9cessaires dans le cadre de la mise \u00e0 disposition de www.together-for-safety.de, l&rsquo;art. 6 al. 1 lit. f du RGPD constitue la base juridique. Nos int\u00e9r\u00eats l\u00e9gitimes r\u00e9sident dans les finalit\u00e9s mentionn\u00e9es ci-dessus.<\/span><\/p>\n<p class=\"p15\"><span style=\"font-size: 18px;\"><\/span><\/p>\n<p class=\"p15\"><span style=\"font-size: 18px;\"><\/span><\/p>\n<p class=\"p15\"><strong><span style=\"font-size: 18px;\">6. prise de contact<\/span><\/strong><span class=\"s1\"><\/span><\/p>\n<p class=\"p2\"><span class=\"s1\">Lorsque vous contactez une soci\u00e9t\u00e9 (par exemple par e-mail, t\u00e9l\u00e9phone, formulaire de contact), vos donn\u00e9es sont trait\u00e9es dans la mesure o\u00f9 cela est n\u00e9cessaire pour r\u00e9pondre \u00e0 votre demande de contact et aux \u00e9ventuelles mesures demand\u00e9es. La base juridique est l&rsquo;art. 6, al. 1 lit. b du RGPD.<\/span><\/p>\n<p class=\"p2\"><span class=\"s1\">Dans la mesure o\u00f9 votre demande de contact n&rsquo;est pas n\u00e9cessaire \u00e0 l&rsquo;ex\u00e9cution d&rsquo;un contrat avec la soci\u00e9t\u00e9 concern\u00e9e ou \u00e0 l&rsquo;ex\u00e9cution de mesures pr\u00e9contractuelles, l&rsquo;article 6, paragraphe 6, de la loi sur la protection des donn\u00e9es s&rsquo;applique. 1 lit. f du RGPD constitue la base juridique du traitement de vos donn\u00e9es. L&rsquo;int\u00e9r\u00eat l\u00e9gitime r\u00e9side dans le traitement final du message re\u00e7u et dans le fait d&rsquo;entrer en contact avec vous vers l&rsquo;ext\u00e9rieur.  <\/span><\/p>\n<p class=\"p2\"><span class=\"s1\">Si une soci\u00e9t\u00e9 traite des donn\u00e9es \u00e0 caract\u00e8re personnel sur la base d&rsquo;un consentement, l&rsquo;article 6, paragraphe 1, de la loi sur la protection des donn\u00e9es s&rsquo;applique. 1 lit. a du RGPD constitue la base juridique.  <\/span><\/p>\n<p class=\"p2\"><span class=\"s1\">Votre message sera conserv\u00e9 jusqu&rsquo;\u00e0 la fin du traitement. Un stockage plus long n&rsquo;a lieu que dans la mesure o\u00f9 la soci\u00e9t\u00e9 concern\u00e9e y est autoris\u00e9e ou oblig\u00e9e dans un cas particulier.  <\/span><\/p>\n<p class=\"p3\"><span style=\"font-size: 18px;\"><\/span><\/p>\n<p class=\"p3\"><span style=\"font-size: 18px;\"><\/span><\/p>\n<p class=\"p3\"><strong><span style=\"font-size: 18px;\">7. vos droits  <\/span><\/strong><span class=\"s1\"><\/span><\/p>\n<p class=\"p2\"><span class=\"s1\">Conform\u00e9ment \u00e0 l&rsquo;article 15 du RGPD, vous avez le droit de demander des informations sur vos donn\u00e9es personnelles qui font l&rsquo;objet d&rsquo;un traitement.<\/span><\/p>\n<p class=\"p2\"><span class=\"s1\">Si des donn\u00e9es \u00e0 caract\u00e8re personnel inexactes sont trait\u00e9es, vous disposez d&rsquo;un droit de rectification conform\u00e9ment \u00e0 l&rsquo;article 16 du RGPD.<\/span><\/p>\n<p class=\"p2\"><span class=\"s1\">Si les conditions l\u00e9gales sont r\u00e9unies, vous avez le droit de demander l&rsquo;effacement ou la limitation du traitement des donn\u00e9es concern\u00e9es (art. 17 et art. 18 RGPD).<\/span><\/p>\n<p class=\"p2\"><span class=\"s1\">Dans les conditions pr\u00e9vues \u00e0 l&rsquo;article 20, vous avez un droit \u00e0 la portabilit\u00e9 des donn\u00e9es.  <\/span><\/p>\n<p class=\"p2\"><span class=\"s1\">Vous avez le droit de retirer votre consentement \u00e0 tout moment, sans que cela n&rsquo;affecte la lic\u00e9it\u00e9 du traitement effectu\u00e9 sur la base du consentement jusqu&rsquo;au retrait de celui-ci.<\/span><\/p>\n<p class=\"p2\"><span class=\"s1\">Conform\u00e9ment \u00e0 l&rsquo;article 21 du RGPD, vous disposez d&rsquo;un droit d&rsquo;opposition au traitement de vos donn\u00e9es fond\u00e9 sur l&rsquo;article 6, paragraphe 1, du RGPD. 1 lit. f du RGPD. La soci\u00e9t\u00e9 responsable ne traite alors plus les donn\u00e9es \u00e0 caract\u00e8re personnel, \u00e0 moins qu&rsquo;elle ne puisse d\u00e9montrer qu&rsquo;il existe des motifs l\u00e9gitimes et imp\u00e9rieux pour le traitement qui pr\u00e9valent sur vos int\u00e9r\u00eats, vos droits et vos libert\u00e9s, ou que le traitement sert \u00e0 faire valoir, \u00e0 exercer ou \u00e0 d\u00e9fendre des droits en justice.  <\/span><\/p>\n<p class=\"p2\"><span class=\"s1\">Conform\u00e9ment \u00e0 l&rsquo;art. 77 al. 1 du RGPD, vous disposez d&rsquo;un droit de recours aupr\u00e8s d&rsquo;une autorit\u00e9 de surveillance :<br \/>edpb.europa.eu\/about-edpb\/about-edpb\/members_en<\/span><\/p>\n<p class=\"p16\"><span class=\"s1\"><\/span><\/p>\n<p class=\"p16\"><span class=\"s1\"><\/span><\/p>\n<p class=\"p16\"><span class=\"s1\"><\/span><\/p>\n<p class=\"p16\">[\/et_pb_text][\/et_pb_column][\/et_pb_row][\/et_pb_section]<\/p>\n","protected":false},"excerpt":{"rendered":"<p>Protection des donn\u00e9es Mise \u00e0 jour : mars 2023 1) Champ d&rsquo;application www.together-for-safety.com Demandes de contact \/ feedback dans le contexte de www.together-for-safety.com 2. responsabilit\u00e9 Pour le traitement des donn\u00e9es \u00e0 caract\u00e8re personnel en vue de la mise \u00e0 disposition technique de www.together-for-safety.com : Dyckerhoff GmbH Biebricher Stra\u00dfe 68 65203 Wiesbaden T\u00e9l. : 0611 6760Courrier [&hellip;]<\/p>\n","protected":false},"author":2,"featured_media":0,"parent":0,"menu_order":0,"comment_status":"closed","ping_status":"closed","template":"","meta":{"_et_pb_use_builder":"on","_et_pb_old_content":"","_et_gb_content_width":"","_themeisle_gutenberg_block_has_review":false,"footnotes":""},"class_list":["post-620","page","type-page","status-publish","hentry"],"yoast_head":"<!-- This site is optimized with the Yoast SEO plugin v27.4 - https:\/\/yoast.com\/product\/yoast-seo-wordpress\/ -->\n<title>Protection des donn\u00e9es - Together for Safety<\/title>\n<meta name=\"robots\" content=\"index, follow, max-snippet:-1, max-image-preview:large, max-video-preview:-1\" \/>\n<link rel=\"canonical\" href=\"https:\/\/together-for-safety.com\/fr\/protection-des-donnees\/\" \/>\n<meta property=\"og:locale\" content=\"fr_FR\" \/>\n<meta property=\"og:type\" content=\"article\" \/>\n<meta property=\"og:title\" content=\"Protection des donn\u00e9es - Together for Safety\" \/>\n<meta property=\"og:description\" content=\"Protection des donn\u00e9es Mise \u00e0 jour : mars 2023 1) Champ d&#039;application www.together-for-safety.com Demandes de contact \/ feedback dans le contexte de www.together-for-safety.com 2. responsabilit\u00e9 Pour le traitement des donn\u00e9es \u00e0 caract\u00e8re personnel en vue de la mise \u00e0 disposition technique de www.together-for-safety.com : Dyckerhoff GmbH Biebricher Stra\u00dfe 68 65203 Wiesbaden T\u00e9l. : 0611 6760Courrier [&hellip;]\" \/>\n<meta property=\"og:url\" content=\"https:\/\/together-for-safety.com\/fr\/protection-des-donnees\/\" \/>\n<meta property=\"og:site_name\" content=\"Together for Safety\" \/>\n<meta property=\"article:modified_time\" content=\"2023-04-28T10:10:12+00:00\" \/>\n<meta name=\"twitter:card\" content=\"summary_large_image\" \/>\n<meta name=\"twitter:label1\" content=\"Dur\u00e9e de lecture estim\u00e9e\" \/>\n\t<meta name=\"twitter:data1\" content=\"6 minutes\" \/>\n<script type=\"application\/ld+json\" class=\"yoast-schema-graph\">{\"@context\":\"https:\\\/\\\/schema.org\",\"@graph\":[{\"@type\":\"WebPage\",\"@id\":\"https:\\\/\\\/together-for-safety.com\\\/fr\\\/protection-des-donnees\\\/\",\"url\":\"https:\\\/\\\/together-for-safety.com\\\/fr\\\/protection-des-donnees\\\/\",\"name\":\"Protection des donn\u00e9es - Together for Safety\",\"isPartOf\":{\"@id\":\"https:\\\/\\\/together-for-safety.com\\\/fr\\\/#website\"},\"datePublished\":\"2023-01-02T19:22:37+00:00\",\"dateModified\":\"2023-04-28T10:10:12+00:00\",\"breadcrumb\":{\"@id\":\"https:\\\/\\\/together-for-safety.com\\\/fr\\\/protection-des-donnees\\\/#breadcrumb\"},\"inLanguage\":\"fr-FR\",\"potentialAction\":[{\"@type\":\"ReadAction\",\"target\":[\"https:\\\/\\\/together-for-safety.com\\\/fr\\\/protection-des-donnees\\\/\"]}]},{\"@type\":\"BreadcrumbList\",\"@id\":\"https:\\\/\\\/together-for-safety.com\\\/fr\\\/protection-des-donnees\\\/#breadcrumb\",\"itemListElement\":[{\"@type\":\"ListItem\",\"position\":1,\"name\":\"Startseite\",\"item\":\"https:\\\/\\\/together-for-safety.com\\\/fr\\\/\"},{\"@type\":\"ListItem\",\"position\":2,\"name\":\"Protection des donn\u00e9es\"}]},{\"@type\":\"WebSite\",\"@id\":\"https:\\\/\\\/together-for-safety.com\\\/fr\\\/#website\",\"url\":\"https:\\\/\\\/together-for-safety.com\\\/fr\\\/\",\"name\":\"Together for Safety\",\"description\":\"Kampagne zur Arbeitssicherheit von Dyckerhoff\",\"potentialAction\":[{\"@type\":\"SearchAction\",\"target\":{\"@type\":\"EntryPoint\",\"urlTemplate\":\"https:\\\/\\\/together-for-safety.com\\\/fr\\\/?s={search_term_string}\"},\"query-input\":{\"@type\":\"PropertyValueSpecification\",\"valueRequired\":true,\"valueName\":\"search_term_string\"}}],\"inLanguage\":\"fr-FR\"}]}<\/script>\n<!-- \/ Yoast SEO plugin. -->","yoast_head_json":{"title":"Protection des donn\u00e9es - Together for Safety","robots":{"index":"index","follow":"follow","max-snippet":"max-snippet:-1","max-image-preview":"max-image-preview:large","max-video-preview":"max-video-preview:-1"},"canonical":"https:\/\/together-for-safety.com\/fr\/protection-des-donnees\/","og_locale":"fr_FR","og_type":"article","og_title":"Protection des donn\u00e9es - Together for Safety","og_description":"Protection des donn\u00e9es Mise \u00e0 jour : mars 2023 1) Champ d'application www.together-for-safety.com Demandes de contact \/ feedback dans le contexte de www.together-for-safety.com 2. responsabilit\u00e9 Pour le traitement des donn\u00e9es \u00e0 caract\u00e8re personnel en vue de la mise \u00e0 disposition technique de www.together-for-safety.com : Dyckerhoff GmbH Biebricher Stra\u00dfe 68 65203 Wiesbaden T\u00e9l. : 0611 6760Courrier [&hellip;]","og_url":"https:\/\/together-for-safety.com\/fr\/protection-des-donnees\/","og_site_name":"Together for Safety","article_modified_time":"2023-04-28T10:10:12+00:00","twitter_card":"summary_large_image","twitter_misc":{"Dur\u00e9e de lecture estim\u00e9e":"6 minutes"},"schema":{"@context":"https:\/\/schema.org","@graph":[{"@type":"WebPage","@id":"https:\/\/together-for-safety.com\/fr\/protection-des-donnees\/","url":"https:\/\/together-for-safety.com\/fr\/protection-des-donnees\/","name":"Protection des donn\u00e9es - Together for Safety","isPartOf":{"@id":"https:\/\/together-for-safety.com\/fr\/#website"},"datePublished":"2023-01-02T19:22:37+00:00","dateModified":"2023-04-28T10:10:12+00:00","breadcrumb":{"@id":"https:\/\/together-for-safety.com\/fr\/protection-des-donnees\/#breadcrumb"},"inLanguage":"fr-FR","potentialAction":[{"@type":"ReadAction","target":["https:\/\/together-for-safety.com\/fr\/protection-des-donnees\/"]}]},{"@type":"BreadcrumbList","@id":"https:\/\/together-for-safety.com\/fr\/protection-des-donnees\/#breadcrumb","itemListElement":[{"@type":"ListItem","position":1,"name":"Startseite","item":"https:\/\/together-for-safety.com\/fr\/"},{"@type":"ListItem","position":2,"name":"Protection des donn\u00e9es"}]},{"@type":"WebSite","@id":"https:\/\/together-for-safety.com\/fr\/#website","url":"https:\/\/together-for-safety.com\/fr\/","name":"Together for Safety","description":"Kampagne zur Arbeitssicherheit von Dyckerhoff","potentialAction":[{"@type":"SearchAction","target":{"@type":"EntryPoint","urlTemplate":"https:\/\/together-for-safety.com\/fr\/?s={search_term_string}"},"query-input":{"@type":"PropertyValueSpecification","valueRequired":true,"valueName":"search_term_string"}}],"inLanguage":"fr-FR"}]}},"_links":{"self":[{"href":"https:\/\/together-for-safety.com\/fr\/wp-json\/wp\/v2\/pages\/620","targetHints":{"allow":["GET"]}}],"collection":[{"href":"https:\/\/together-for-safety.com\/fr\/wp-json\/wp\/v2\/pages"}],"about":[{"href":"https:\/\/together-for-safety.com\/fr\/wp-json\/wp\/v2\/types\/page"}],"author":[{"embeddable":true,"href":"https:\/\/together-for-safety.com\/fr\/wp-json\/wp\/v2\/users\/2"}],"replies":[{"embeddable":true,"href":"https:\/\/together-for-safety.com\/fr\/wp-json\/wp\/v2\/comments?post=620"}],"version-history":[{"count":8,"href":"https:\/\/together-for-safety.com\/fr\/wp-json\/wp\/v2\/pages\/620\/revisions"}],"predecessor-version":[{"id":4440,"href":"https:\/\/together-for-safety.com\/fr\/wp-json\/wp\/v2\/pages\/620\/revisions\/4440"}],"wp:attachment":[{"href":"https:\/\/together-for-safety.com\/fr\/wp-json\/wp\/v2\/media?parent=620"}],"curies":[{"name":"wp","href":"https:\/\/api.w.org\/{rel}","templated":true}]}}