{"id":631,"date":"2022-12-31T11:00:10","date_gmt":"2022-12-31T10:00:10","guid":{"rendered":"https:\/\/together-for-safety.com\/informations-pour-les-entreprises-partenaires\/"},"modified":"2023-07-27T14:30:11","modified_gmt":"2023-07-27T12:30:11","slug":"informations-pour-les-entreprises-partenaires","status":"publish","type":"page","link":"https:\/\/together-for-safety.com\/fr\/informations-pour-les-entreprises-partenaires\/","title":{"rendered":"Informations pour les entreprises partenaires"},"content":{"rendered":"<p>[et_pb_section fb_built=\u00a0\u00bb1&Prime; _builder_version=\u00a0\u00bb4.19.4&Prime; _module_preset=\u00a0\u00bbdefault\u00a0\u00bb background_color=\u00a0\u00bb#eaeaea\u00a0\u00bb custom_margin=\u00a0\u00bb0px|0px|0px|0px|false|false\u00a0\u00bb custom_padding=\u00a0\u00bb0px|0px|0px|0px|false|false\u00a0\u00bb animation_style=\u00a0\u00bbfade\u00a0\u00bb global_colors_info=\u00a0\u00bb{}\u00a0\u00bb][et_pb_row _builder_version=\u00a0\u00bb4.19.4&Prime; _module_preset=\u00a0\u00bbdefault\u00a0\u00bb background_color=\u00a0\u00bbRGBA(255,255,255,0)\u00a0\u00bb width=\u00a0\u00bb100%\u00a0\u00bb custom_margin=\u00a0\u00bb0px||0px||false|false\u00a0\u00bb custom_padding=\u00a0\u00bb0px||0px||false|false\u00a0\u00bb global_colors_info=\u00a0\u00bb{}\u00a0\u00bb][et_pb_column type=\u00a0\u00bb4_4&Prime; _builder_version=\u00a0\u00bb4.19.4&Prime; _module_preset=\u00a0\u00bbdefault\u00a0\u00bb background_color=\u00a0\u00bbRGBA(255,255,255,0)\u00a0\u00bb global_colors_info=\u00a0\u00bb{}\u00a0\u00bb][et_pb_image src=\u00a0\u00bbhttps:\/\/together-for-safety.com\/wp-content\/uploads\/2023\/07\/Bild-CZ-schmal.jpg\u00a0\u00bb alt=\u00a0\u00bbDyckerhoff s\u00e9curit\u00e9 au travail entreprises partenaires\u00a0\u00bb title_text=\u00a0\u00bbBild CZ schmal\u00a0\u00bb _builder_version=\u00a0\u00bb4.21.0&Prime; _module_preset=\u00a0\u00bbdefault\u00a0\u00bb hover_enabled=\u00a0\u00bb0&Prime; global_colors_info=\u00a0\u00bb{}\u00a0\u00bb sticky_enabled=\u00a0\u00bb0&Prime;][\/et_pb_image][\/et_pb_column][\/et_pb_row][\/et_pb_section][et_pb_section fb_built=\u00a0\u00bb1&Prime; _builder_version=\u00a0\u00bb4.19.4&Prime; _module_preset=\u00a0\u00bbdefault\u00a0\u00bb global_colors_info=\u00a0\u00bb{}\u00a0\u00bb][et_pb_row _builder_version=\u00a0\u00bb4.19.4&Prime; _module_preset=\u00a0\u00bbdefault\u00a0\u00bb custom_padding=\u00a0\u00bb0px||||false|false\u00a0\u00bb animation_style=\u00a0\u00bbfade\u00a0\u00bb global_colors_info=\u00a0\u00bb{}\u00a0\u00bb][et_pb_column type=\u00a0\u00bb4_4&Prime; _builder_version=\u00a0\u00bb4.19.4&Prime; _module_preset=\u00a0\u00bbdefault\u00a0\u00bb global_colors_info=\u00a0\u00bb{}\u00a0\u00bb][et_pb_text _builder_version=\u00a0\u00bb4.19.5&Prime; _module_preset=\u00a0\u00bbdefault\u00a0\u00bb custom_margin=\u00a0\u00bb||60px||false|false\u00a0\u00bb animation_style=\u00a0\u00bbfade\u00a0\u00bb global_colors_info=\u00a0\u00bb{}\u00a0\u00bb]<\/p>\n<h1 class=\"p1\"><span class=\"s1\" style=\"color: #392152;\">Partenaire en mati\u00e8re de s\u00e9curit\u00e9<br \/><\/span><\/h1>\n<h2 class=\"p1\"><span class=\"s1\" style=\"color: #9d2c87;\">  Informations pour nos entreprises ext\u00e9rieures  <\/span><\/h2>\n<p>[\/et_pb_text][et_pb_text _builder_version=\u00a0\u00bb4.19.5&Prime; _module_preset=\u00a0\u00bbdefault\u00a0\u00bb animation_style=\u00a0\u00bbfade\u00a0\u00bb global_colors_info=\u00a0\u00bb{}\u00a0\u00bb custom_css_before_last_edited=\u00a0\u00bbon|desktop\u00a0\u00bb]<\/p>\n<p class=\"p1\"><span class=\"s1\">Chez nous, la s\u00e9curit\u00e9 au travail ne s&rsquo;arr\u00eate pas \u00e0 l&rsquo;engagement envers nos propres collaborateurs. Nous exer\u00e7ons \u00e9galement une influence sur nos fournisseurs et nos sous-traitants afin de promouvoir un travail s\u00fbr \u00e9galement chez les partenaires contractuels. C&rsquo;est pourquoi les collaborateurs de nos entreprises ext\u00e9rieures sont \u00e9galement un groupe cible important de la campagne de s\u00e9curit\u00e9 au travail et nous les consid\u00e9rons comme une partie \u00e9vidente de celle-ci. Ils doivent se sentir concern\u00e9s, tout comme chaque collaborateur de Dyckerhoff, par les contenus relatifs \u00e0 la s\u00e9curit\u00e9 que nous rendons visibles par des affiches, des banni\u00e8res et d&rsquo;autres mat\u00e9riels sur le site de l&rsquo;entreprise. En outre, les entreprises qui travaillent sur le site de notre entreprise sont notamment tenues par contrat de respecter nos normes de s\u00e9curit\u00e9 au travail et les mesures qui s&rsquo;y rapportent.  <\/span><\/p>\n<p class=\"p1\"><span class=\"s1\">Afin d&rsquo;informer au mieux les collaborateurs de nos entreprises ext\u00e9rieures, nous rassemblons ici tous les documents relatifs \u00e0 la s\u00e9curit\u00e9 \u00e0 leur intention.  <\/span><\/p>\n<p>[\/et_pb_text][et_pb_text _builder_version=\u00a0\u00bb4.19.5&Prime; _module_preset=\u00a0\u00bbdefault\u00a0\u00bb custom_margin=\u00a0\u00bb80px||0px||false|false\u00a0\u00bb animation_style=\u00a0\u00bbfade\u00a0\u00bb global_colors_info=\u00a0\u00bb{}\u00a0\u00bb]<\/p>\n<h2 class=\"p1\"><span class=\"s1\" style=\"color: #9d2c87;\"> Fiches d&rsquo;information pour les entreprises ext\u00e9rieures<\/span><\/h2>\n<p>[\/et_pb_text][et_pb_text _builder_version=\u00a0\u00bb4.19.5&Prime; _module_preset=\u00a0\u00bbdefault\u00a0\u00bb custom_margin=\u00a0\u00bb20px||0px||false|false\u00a0\u00bb custom_padding=\u00a0\u00bb||||false|false\u00a0\u00bb global_colors_info=\u00a0\u00bb{}\u00a0\u00bb]<\/p>\n<p class=\"p1\"><span class=\"s1\">Les fiches d&rsquo;information pour les entreprises ext\u00e9rieures sont disponibles sous le t\u00e9l\u00e9chargement suivant.<\/span><\/p>\n<p class=\"p1\">[\/et_pb_text][\/et_pb_column][\/et_pb_row][et_pb_row column_structure=\u00a0\u00bb1_3,2_3&Prime; custom_padding_last_edited=\u00a0\u00bbon|desktop\u00a0\u00bb _builder_version=\u00a0\u00bb4.19.5&Prime; _module_preset=\u00a0\u00bbdefault\u00a0\u00bb background_color=\u00a0\u00bb#eaeaea\u00a0\u00bb custom_margin=\u00a0\u00bb|auto|-35px|auto||\u00a0\u00bb custom_padding=\u00a0\u00bb||0px||false|false\u00a0\u00bb custom_padding_tablet=\u00a0\u00bb|20px||20px|false|false\u00a0\u00bb custom_padding_phone=\u00a0\u00bb|20px||20px|false|false\u00a0\u00bb animation_style=\u00a0\u00bbfade\u00a0\u00bb border_radii=\u00a0\u00bbon|20px|20px|20px|20px\u00a0\u00bb global_colors_info=\u00a0\u00bb{}\u00a0\u00bb][et_pb_column type=\u00a0\u00bb1_3&Prime; _builder_version=\u00a0\u00bb4.19.5&Prime; _module_preset=\u00a0\u00bbdefault\u00a0\u00bb global_colors_info=\u00a0\u00bb{}\u00a0\u00bb][et_pb_icon font_icon=\u00a0\u00bb&#xf1c1;||fa||400&Prime; icon_color=\u00a0\u00bb#cc3942&Prime; icon_width=\u00a0\u00bb68px\u00a0\u00bb _builder_version=\u00a0\u00bb4.20.0&Prime; _module_preset=\u00a0\u00bbdefault\u00a0\u00bb custom_margin=\u00a0\u00bb||126px|||\u00a0\u00bb custom_padding=\u00a0\u00bb||35px|||\u00a0\u00bb global_colors_info=\u00a0\u00bb{}\u00a0\u00bb][\/et_pb_icon][\/et_pb_column][et_pb_column type=\u00a0\u00bb2_3&Prime; _builder_version=\u00a0\u00bb4.19.5&Prime; _module_preset=\u00a0\u00bbdefault\u00a0\u00bb global_colors_info=\u00a0\u00bb{}\u00a0\u00bb][et_pb_text _builder_version=\u00a0\u00bb4.20.0&Prime; _module_preset=\u00a0\u00bbdefault\u00a0\u00bb global_colors_info=\u00a0\u00bb{}\u00a0\u00bb]<\/p>\n<p>Ciment Allemagne<\/p>\n<p><a href=\"https:\/\/together-for-safety.com\/wp-content\/uploads\/2023\/02\/160a_AnhangAMerkblatt_Fremdfirmen_DE.pdf\" target=\"_blank\" rel=\"noopener\">Annexe A : Aide-m\u00e9moire pour les entreprises ext\u00e9rieures<\/a> (allemand, PDF, 110 KB)<\/p>\n<p><a href=\"https:\/\/together-for-safety.com\/wp-content\/uploads\/2023\/02\/160a_AnhangAMerkblatt_Fremdfirmen-EN.pdf\">Appendix A : Information Sheet for Contractors<\/a> (anglais, PDF, 105 KB)<\/p>\n<p>B\u00e9ton Allemagne<\/p>\n<p><a href=\"https:\/\/together-for-safety.com\/wp-content\/uploads\/2023\/03\/Leitfaden-fuer-Fremdfirmen-neutral.pdf\" rel=\"attachment wp-att-3474\">Guide pour les entreprises ext\u00e9rieures neutre<\/a> (allemand, PDF, 355 KB)<\/p>\n<p>[\/et_pb_text][\/et_pb_column][\/et_pb_row][et_pb_row _builder_version=\u00a0\u00bb4.19.4&Prime; _module_preset=\u00a0\u00bbdefault\u00a0\u00bb global_colors_info=\u00a0\u00bb{}\u00a0\u00bb][et_pb_column type=\u00a0\u00bb4_4&Prime; _builder_version=\u00a0\u00bb4.19.4&Prime; _module_preset=\u00a0\u00bbdefault\u00a0\u00bb global_colors_info=\u00a0\u00bb{}\u00a0\u00bb][et_pb_text _builder_version=\u00a0\u00bb4.19.5&Prime; _module_preset=\u00a0\u00bbdefault\u00a0\u00bb custom_margin=\u00a0\u00bb80px||0px||false|false\u00a0\u00bb animation_style=\u00a0\u00bbfade\u00a0\u00bb global_colors_info=\u00a0\u00bb{}\u00a0\u00bb]<\/p>\n<h2 class=\"p1\"><span class=\"s1\" style=\"color: #9d2c87;\"> Personne de contact<\/span><\/h2>\n<p>[\/et_pb_text][et_pb_text _builder_version=\u00a0\u00bb4.19.5&Prime; _module_preset=\u00a0\u00bbdefault\u00a0\u00bb animation_style=\u00a0\u00bbfade\u00a0\u00bb global_colors_info=\u00a0\u00bb{}\u00a0\u00bb]<\/p>\n<p class=\"p1\"><span class=\"s1\">Pour toute question concernant la sant\u00e9 et la s\u00e9curit\u00e9 au travail chez Dyckerhoff, veuillez contacter<\/span><span class=\"s1\"><a href=\"mailto:gabriele.woska@dyckerhoff.com\"><\/a><\/span><\/p>\n<p>[\/et_pb_text][\/et_pb_column][\/et_pb_row][et_pb_row column_structure=\u00a0\u00bb1_2,1_2&Prime; _builder_version=\u00a0\u00bb4.19.5&Prime; _module_preset=\u00a0\u00bbdefault\u00a0\u00bb global_colors_info=\u00a0\u00bb{}\u00a0\u00bb][et_pb_column type=\u00a0\u00bb1_2&Prime; _builder_version=\u00a0\u00bb4.19.5&Prime; _module_preset=\u00a0\u00bbdefault\u00a0\u00bb global_colors_info=\u00a0\u00bb{}\u00a0\u00bb][et_pb_text _builder_version=\u00a0\u00bb4.20.0&Prime; _module_preset=\u00a0\u00bbdefault\u00a0\u00bb animation_style=\u00a0\u00bbfade\u00a0\u00bb global_colors_info=\u00a0\u00bb{}\u00a0\u00bb]<\/p>\n<p class=\"p1\"><span class=\"s1\"><b>Ciment Allemagne<\/b><\/span><\/p>\n<p class=\"p1\"><span class=\"s1\">Thomas Lutter<b><br \/><\/b>T\u00e9l\u00e9phone : +49 611 676 1563<br \/>Courrier \u00e9lectronique : <a href=\"mailto:thomas.lutter@dyckerhoff.com\">thomas.lutter@dyckerhoff.com<\/a><\/span><\/p>\n<p class=\"p1\"><span class=\"s1\">Uwe Lawatsch<br \/>T\u00e9l\u00e9phone : +49 611 676 1547<br \/>Courrier \u00e9lectronique : <a href=\"mailto:uwe.lawatsch@dyckerhoff.com\">uwe.lawatsch@dyckerhoff.com<\/a><\/span><\/p>\n<p class=\"p1\">[\/et_pb_text][\/et_pb_column][et_pb_column type=\u00a0\u00bb1_2&Prime; _builder_version=\u00a0\u00bb4.19.5&Prime; _module_preset=\u00a0\u00bbdefault\u00a0\u00bb global_colors_info=\u00a0\u00bb{}\u00a0\u00bb][et_pb_text _builder_version=\u00a0\u00bb4.20.0&Prime; _module_preset=\u00a0\u00bbdefault\u00a0\u00bb animation_style=\u00a0\u00bbfade\u00a0\u00bb global_colors_info=\u00a0\u00bb{}\u00a0\u00bb]<\/p>\n<p class=\"p1\"><span class=\"s1\"><b>B\u00e9ton Allemagne<\/b><\/span><\/p>\n<p class=\"p1\"><span class=\"s1\">Markus Irouschek<br \/>T\u00e9l\u00e9phone : +49 611 676 3110<br \/>Courrier \u00e9lectronique : <a href=\"mailto:markus.irouschek@dyckerhoff.com\"><br \/>\n  <span class=\"s3\">markus.irouschek@dyckerhoff.com<\/span><br \/>\n<\/a><\/span><span class=\"s1\"><\/span><\/p>\n<p class=\"p1\"><span class=\"s1\">S\u00e9bastien Schrankel<br \/>T\u00e9l\u00e9phone : +49 6145 956968<br \/>Courrier \u00e9lectronique : <a href=\"mailto:sebastian.schrankel@dyckerhoff.com\">sebastian.schrankel@dyckerhoff.com<\/a><\/span><\/p>\n<p>[\/et_pb_text][\/et_pb_column][\/et_pb_row][\/et_pb_section]<\/p>\n","protected":false},"excerpt":{"rendered":"<p>Partenaire en mati\u00e8re de s\u00e9curit\u00e9 Informations pour nos entreprises ext\u00e9rieures Chez nous, la s\u00e9curit\u00e9 au travail ne s&rsquo;arr\u00eate pas \u00e0 l&rsquo;engagement envers nos propres collaborateurs. Nous exer\u00e7ons \u00e9galement une influence sur nos fournisseurs et nos sous-traitants afin de promouvoir un travail s\u00fbr \u00e9galement chez les partenaires contractuels. C&rsquo;est pourquoi les collaborateurs de nos entreprises ext\u00e9rieures [&hellip;]<\/p>\n","protected":false},"author":2,"featured_media":0,"parent":0,"menu_order":0,"comment_status":"closed","ping_status":"closed","template":"","meta":{"_et_pb_use_builder":"on","_et_pb_old_content":"","_et_gb_content_width":"","_themeisle_gutenberg_block_has_review":false,"footnotes":""},"class_list":["post-631","page","type-page","status-publish","hentry"],"yoast_head":"<!-- This site is optimized with the Yoast SEO plugin v27.4 - https:\/\/yoast.com\/product\/yoast-seo-wordpress\/ -->\n<title>Informations pour les entreprises partenaires - Together for Safety<\/title>\n<meta name=\"robots\" content=\"index, follow, max-snippet:-1, max-image-preview:large, max-video-preview:-1\" \/>\n<link rel=\"canonical\" href=\"https:\/\/together-for-safety.com\/fr\/informations-pour-les-entreprises-partenaires\/\" \/>\n<meta property=\"og:locale\" content=\"fr_FR\" \/>\n<meta property=\"og:type\" content=\"article\" \/>\n<meta property=\"og:title\" content=\"Informations pour les entreprises partenaires - Together for Safety\" \/>\n<meta property=\"og:description\" content=\"Partenaire en mati\u00e8re de s\u00e9curit\u00e9 Informations pour nos entreprises ext\u00e9rieures Chez nous, la s\u00e9curit\u00e9 au travail ne s&#039;arr\u00eate pas \u00e0 l&#039;engagement envers nos propres collaborateurs. Nous exer\u00e7ons \u00e9galement une influence sur nos fournisseurs et nos sous-traitants afin de promouvoir un travail s\u00fbr \u00e9galement chez les partenaires contractuels. C&#039;est pourquoi les collaborateurs de nos entreprises ext\u00e9rieures [&hellip;]\" \/>\n<meta property=\"og:url\" content=\"https:\/\/together-for-safety.com\/fr\/informations-pour-les-entreprises-partenaires\/\" \/>\n<meta property=\"og:site_name\" content=\"Together for Safety\" \/>\n<meta property=\"article:modified_time\" content=\"2023-07-27T12:30:11+00:00\" \/>\n<meta name=\"twitter:card\" content=\"summary_large_image\" \/>\n<meta name=\"twitter:label1\" content=\"Dur\u00e9e de lecture estim\u00e9e\" \/>\n\t<meta name=\"twitter:data1\" content=\"4 minutes\" \/>\n<script type=\"application\/ld+json\" class=\"yoast-schema-graph\">{\"@context\":\"https:\\\/\\\/schema.org\",\"@graph\":[{\"@type\":\"WebPage\",\"@id\":\"https:\\\/\\\/together-for-safety.com\\\/fr\\\/informations-pour-les-entreprises-partenaires\\\/\",\"url\":\"https:\\\/\\\/together-for-safety.com\\\/fr\\\/informations-pour-les-entreprises-partenaires\\\/\",\"name\":\"Informations pour les entreprises partenaires - Together for Safety\",\"isPartOf\":{\"@id\":\"https:\\\/\\\/together-for-safety.com\\\/fr\\\/#website\"},\"datePublished\":\"2022-12-31T10:00:10+00:00\",\"dateModified\":\"2023-07-27T12:30:11+00:00\",\"breadcrumb\":{\"@id\":\"https:\\\/\\\/together-for-safety.com\\\/fr\\\/informations-pour-les-entreprises-partenaires\\\/#breadcrumb\"},\"inLanguage\":\"fr-FR\",\"potentialAction\":[{\"@type\":\"ReadAction\",\"target\":[\"https:\\\/\\\/together-for-safety.com\\\/fr\\\/informations-pour-les-entreprises-partenaires\\\/\"]}]},{\"@type\":\"BreadcrumbList\",\"@id\":\"https:\\\/\\\/together-for-safety.com\\\/fr\\\/informations-pour-les-entreprises-partenaires\\\/#breadcrumb\",\"itemListElement\":[{\"@type\":\"ListItem\",\"position\":1,\"name\":\"Startseite\",\"item\":\"https:\\\/\\\/together-for-safety.com\\\/fr\\\/\"},{\"@type\":\"ListItem\",\"position\":2,\"name\":\"Informations pour les entreprises partenaires\"}]},{\"@type\":\"WebSite\",\"@id\":\"https:\\\/\\\/together-for-safety.com\\\/fr\\\/#website\",\"url\":\"https:\\\/\\\/together-for-safety.com\\\/fr\\\/\",\"name\":\"Together for Safety\",\"description\":\"Kampagne zur Arbeitssicherheit von Dyckerhoff\",\"potentialAction\":[{\"@type\":\"SearchAction\",\"target\":{\"@type\":\"EntryPoint\",\"urlTemplate\":\"https:\\\/\\\/together-for-safety.com\\\/fr\\\/?s={search_term_string}\"},\"query-input\":{\"@type\":\"PropertyValueSpecification\",\"valueRequired\":true,\"valueName\":\"search_term_string\"}}],\"inLanguage\":\"fr-FR\"}]}<\/script>\n<!-- \/ Yoast SEO plugin. -->","yoast_head_json":{"title":"Informations pour les entreprises partenaires - Together for Safety","robots":{"index":"index","follow":"follow","max-snippet":"max-snippet:-1","max-image-preview":"max-image-preview:large","max-video-preview":"max-video-preview:-1"},"canonical":"https:\/\/together-for-safety.com\/fr\/informations-pour-les-entreprises-partenaires\/","og_locale":"fr_FR","og_type":"article","og_title":"Informations pour les entreprises partenaires - Together for Safety","og_description":"Partenaire en mati\u00e8re de s\u00e9curit\u00e9 Informations pour nos entreprises ext\u00e9rieures Chez nous, la s\u00e9curit\u00e9 au travail ne s'arr\u00eate pas \u00e0 l'engagement envers nos propres collaborateurs. Nous exer\u00e7ons \u00e9galement une influence sur nos fournisseurs et nos sous-traitants afin de promouvoir un travail s\u00fbr \u00e9galement chez les partenaires contractuels. C'est pourquoi les collaborateurs de nos entreprises ext\u00e9rieures [&hellip;]","og_url":"https:\/\/together-for-safety.com\/fr\/informations-pour-les-entreprises-partenaires\/","og_site_name":"Together for Safety","article_modified_time":"2023-07-27T12:30:11+00:00","twitter_card":"summary_large_image","twitter_misc":{"Dur\u00e9e de lecture estim\u00e9e":"4 minutes"},"schema":{"@context":"https:\/\/schema.org","@graph":[{"@type":"WebPage","@id":"https:\/\/together-for-safety.com\/fr\/informations-pour-les-entreprises-partenaires\/","url":"https:\/\/together-for-safety.com\/fr\/informations-pour-les-entreprises-partenaires\/","name":"Informations pour les entreprises partenaires - Together for Safety","isPartOf":{"@id":"https:\/\/together-for-safety.com\/fr\/#website"},"datePublished":"2022-12-31T10:00:10+00:00","dateModified":"2023-07-27T12:30:11+00:00","breadcrumb":{"@id":"https:\/\/together-for-safety.com\/fr\/informations-pour-les-entreprises-partenaires\/#breadcrumb"},"inLanguage":"fr-FR","potentialAction":[{"@type":"ReadAction","target":["https:\/\/together-for-safety.com\/fr\/informations-pour-les-entreprises-partenaires\/"]}]},{"@type":"BreadcrumbList","@id":"https:\/\/together-for-safety.com\/fr\/informations-pour-les-entreprises-partenaires\/#breadcrumb","itemListElement":[{"@type":"ListItem","position":1,"name":"Startseite","item":"https:\/\/together-for-safety.com\/fr\/"},{"@type":"ListItem","position":2,"name":"Informations pour les entreprises partenaires"}]},{"@type":"WebSite","@id":"https:\/\/together-for-safety.com\/fr\/#website","url":"https:\/\/together-for-safety.com\/fr\/","name":"Together for Safety","description":"Kampagne zur Arbeitssicherheit von Dyckerhoff","potentialAction":[{"@type":"SearchAction","target":{"@type":"EntryPoint","urlTemplate":"https:\/\/together-for-safety.com\/fr\/?s={search_term_string}"},"query-input":{"@type":"PropertyValueSpecification","valueRequired":true,"valueName":"search_term_string"}}],"inLanguage":"fr-FR"}]}},"_links":{"self":[{"href":"https:\/\/together-for-safety.com\/fr\/wp-json\/wp\/v2\/pages\/631","targetHints":{"allow":["GET"]}}],"collection":[{"href":"https:\/\/together-for-safety.com\/fr\/wp-json\/wp\/v2\/pages"}],"about":[{"href":"https:\/\/together-for-safety.com\/fr\/wp-json\/wp\/v2\/types\/page"}],"author":[{"embeddable":true,"href":"https:\/\/together-for-safety.com\/fr\/wp-json\/wp\/v2\/users\/2"}],"replies":[{"embeddable":true,"href":"https:\/\/together-for-safety.com\/fr\/wp-json\/wp\/v2\/comments?post=631"}],"version-history":[{"count":31,"href":"https:\/\/together-for-safety.com\/fr\/wp-json\/wp\/v2\/pages\/631\/revisions"}],"predecessor-version":[{"id":5483,"href":"https:\/\/together-for-safety.com\/fr\/wp-json\/wp\/v2\/pages\/631\/revisions\/5483"}],"wp:attachment":[{"href":"https:\/\/together-for-safety.com\/fr\/wp-json\/wp\/v2\/media?parent=631"}],"curies":[{"name":"wp","href":"https:\/\/api.w.org\/{rel}","templated":true}]}}