{"id":637,"date":"2022-12-31T11:00:26","date_gmt":"2022-12-31T10:00:26","guid":{"rendered":"https:\/\/together-for-safety.com\/sujet-du-mois\/"},"modified":"2023-12-08T15:58:03","modified_gmt":"2023-12-08T14:58:03","slug":"sujet-du-mois","status":"publish","type":"page","link":"https:\/\/together-for-safety.com\/fr\/sujet-du-mois\/","title":{"rendered":"Glace et \u00e0 l&rsquo;obscurit\u00e9"},"content":{"rendered":"<p>[et_pb_section fb_built=\u00a0\u00bb1&Prime; _builder_version=\u00a0\u00bb4.19.4&Prime; _module_preset=\u00a0\u00bbdefault\u00a0\u00bb background_color=\u00a0\u00bb#eaeaea\u00a0\u00bb custom_margin=\u00a0\u00bb0px|0px|0px|0px|false|false\u00a0\u00bb custom_padding=\u00a0\u00bb0px|0px|0px|0px|false|false\u00a0\u00bb animation_style=\u00a0\u00bbfade\u00a0\u00bb global_colors_info=\u00a0\u00bb{}\u00a0\u00bb][et_pb_row _builder_version=\u00a0\u00bb4.19.4&Prime; _module_preset=\u00a0\u00bbdefault\u00a0\u00bb background_color=\u00a0\u00bbRGBA(255,255,255,0)\u00a0\u00bb width=\u00a0\u00bb100%\u00a0\u00bb custom_margin=\u00a0\u00bb0px||0px||false|false\u00a0\u00bb custom_padding=\u00a0\u00bb0px||0px||false|false\u00a0\u00bb global_colors_info=\u00a0\u00bb{}\u00a0\u00bb][et_pb_column type=\u00a0\u00bb4_4&Prime; _builder_version=\u00a0\u00bb4.19.4&Prime; _module_preset=\u00a0\u00bbdefault\u00a0\u00bb background_color=\u00a0\u00bbRGBA(255,255,255,0)\u00a0\u00bb global_colors_info=\u00a0\u00bb{}\u00a0\u00bb][et_pb_image src=\u00a0\u00bbhttps:\/\/together-for-safety.com\/wp-content\/uploads\/2023\/01\/img_tdm_winter-1.jpg\u00a0\u00bb alt=\u00a0\u00bbEn-t\u00eate Th\u00e8me du mois\u00a0\u00bb title_text=\u00a0\u00bbimg_tdm_hiver\u00a0\u00bb _builder_version=\u00a0\u00bb4.19.4&Prime; _module_preset=\u00a0\u00bbdefault\u00a0\u00bb global_colors_info=\u00a0\u00bb{}\u00a0\u00bb][\/et_pb_image][\/et_pb_column][\/et_pb_row][\/et_pb_section][et_pb_section fb_built=\u00a0\u00bb1&Prime; _builder_version=\u00a0\u00bb4.19.4&Prime; _module_preset=\u00a0\u00bbdefault\u00a0\u00bb global_colors_info=\u00a0\u00bb{}\u00a0\u00bb][et_pb_row _builder_version=\u00a0\u00bb4.19.4&Prime; _module_preset=\u00a0\u00bbdefault\u00a0\u00bb custom_padding=\u00a0\u00bb0px||||false|false\u00a0\u00bb animation_style=\u00a0\u00bbfade\u00a0\u00bb global_colors_info=\u00a0\u00bb{}\u00a0\u00bb][et_pb_column type=\u00a0\u00bb4_4&Prime; _builder_version=\u00a0\u00bb4.19.4&Prime; _module_preset=\u00a0\u00bbdefault\u00a0\u00bb global_colors_info=\u00a0\u00bb{}\u00a0\u00bb][et_pb_text _builder_version=\u00a0\u00bb4.19.4&Prime; _module_preset=\u00a0\u00bbdefault\u00a0\u00bb custom_margin=\u00a0\u00bb||60px||false|false\u00a0\u00bb animation_style=\u00a0\u00bbfade\u00a0\u00bb global_colors_info=\u00a0\u00bb{}\u00a0\u00bb]<\/p>\n<h1 class=\"p1\"><span class=\"s1\" style=\"color: #392152;\">Notre dernier Point S\u00e9curit\u00e9<br \/>\n<\/span><\/h1>\n<h2 class=\"p1\"><span class=\"s1\" style=\"color: #9d2c87;\"> Gros plan sur les points noirs<\/span><\/h2>\n<p>[\/et_pb_text][et_pb_text _builder_version=\u00a0\u00bb4.19.4&Prime; _module_preset=\u00a0\u00bbdefault\u00a0\u00bb animation_style=\u00a0\u00bbfade\u00a0\u00bb global_colors_info=\u00a0\u00bb{}\u00a0\u00bb custom_css_before_last_edited=\u00a0\u00bbon|desktop\u00a0\u00bb]<\/p>\n<p class=\"p1\"><span class=\"s1\">  Notre Safety-Highlight actuel pr\u00e9sente plus en d\u00e9tail un domaine prioritaire de la s\u00e9curit\u00e9 au travail. Nous t&rsquo;expliquons en d\u00e9tail ce qu&rsquo;il faut prendre en compte pour que tu puisses travailler en toute s\u00e9curit\u00e9.  <\/span><\/p>\n<p class=\"p1\"><span class=\"s1\">  Actualit\u00e9 : Dangers en hiver !<\/span><\/p>\n<p>[\/et_pb_text][\/et_pb_column][\/et_pb_row][et_pb_row column_structure=\u00a0\u00bb1_2,1_2&Prime; _builder_version=\u00a0\u00bb4.19.4&Prime; _module_preset=\u00a0\u00bbdefault\u00a0\u00bb use_background_color_gradient=\u00a0\u00bbon\u00a0\u00bb background_color_gradient_stops=\u00a0\u00bb#eaeaea 0%|rgba(234,234,234,0.14) 98%\u00a0\u00bb custom_margin=\u00a0\u00bb||||false|false\u00a0\u00bb custom_padding=\u00a0\u00bb20px|20px|20px|20px|false|false\u00a0\u00bb animation_style=\u00a0\u00bbfade\u00a0\u00bb border_radii=\u00a0\u00bbon|10px|10px|10px|10px\u00a0\u00bb box_shadow_style=\u00a0\u00bbpreset2&Prime; box_shadow_horizontal=\u00a0\u00bb5px\u00a0\u00bb box_shadow_vertical=\u00a0\u00bb5px\u00a0\u00bb box_shadow_blur=\u00a0\u00bb9px\u00a0\u00bb box_shadow_spread=\u00a0\u00bb-8px\u00a0\u00bb global_colors_info=\u00a0\u00bb{}\u00a0\u00bb][et_pb_column type=\u00a0\u00bb1_2&Prime; _builder_version=\u00a0\u00bb4.19.4&Prime; _module_preset=\u00a0\u00bbdefault\u00a0\u00bb global_colors_info=\u00a0\u00bb{}\u00a0\u00bb][et_pb_image src=\u00a0\u00bbhttps:\/\/together-for-safety.com\/wp-content\/uploads\/2023\/01\/img_strasse_eis.jpg\u00a0\u00bb alt=\u00a0\u00bbRoute Hiver Verglas\u00a0\u00bb title_text=\u00a0\u00bbimg_route_glace\u00a0\u00bb _builder_version=\u00a0\u00bb4.19.4&Prime; _module_preset=\u00a0\u00bbdefault\u00a0\u00bb global_colors_info=\u00a0\u00bb{}\u00a0\u00bb][\/et_pb_image][\/et_pb_column][et_pb_column type=\u00a0\u00bb1_2&Prime; _builder_version=\u00a0\u00bb4.19.4&Prime; _module_preset=\u00a0\u00bbdefault\u00a0\u00bb global_colors_info=\u00a0\u00bb{}\u00a0\u00bb][et_pb_text _builder_version=\u00a0\u00bb4.19.4&Prime; _module_preset=\u00a0\u00bbdefault\u00a0\u00bb global_colors_info=\u00a0\u00bb{}\u00a0\u00bb]<\/p>\n<h6 class=\"p1\"><span class=\"s1\">  Attention \u00e0 la glace et \u00e0 l&rsquo;obscurit\u00e9 !<\/span><\/h6>\n<p class=\"p1\"><span class=\"s1\"><\/span><\/p>\n<p class=\"p1\"><span class=\"s1\">Prot\u00e9ger les autres et soi-m\u00eame ! Il est difficile de reconna\u00eetre les personnes, surtout pendant la p\u00e9riode sombre de l&rsquo;ann\u00e9e. Cela peut entra\u00eener des accidents dans lesquels non seulement toi, mais aussi tes coll\u00e8gues peuvent subir des dommages. Pour \u00e9viter cela, il est n\u00e9cessaire de porter des v\u00eatements de travail avec des r\u00e9flecteurs &#8211; en particulier une veste de s\u00e9curit\u00e9 r\u00e9fl\u00e9chissante.<\/span><\/p>\n<p>Attention au risque de glissade ! Les surfaces verglac\u00e9es ou humides sur le terrain de l&rsquo;entreprise peuvent \u00e9galement repr\u00e9senter un danger, car tu peux y glisser ou tomber. Ce sont surtout les temp\u00e9ratures froides, la neige et les pluies fr\u00e9quentes en hiver qui en font un danger quotidien. C&rsquo;est pourquoi il est obligatoire de d\u00e9gager et d&rsquo;utiliser les chemins officiels.<\/p>\n<p class=\"p1\"><span class=\"s1\">Tu trouveras ici des r\u00e8gles importantes \u00e0 respecter pour une journ\u00e9e de travail en toute s\u00e9curit\u00e9 en hiver.  <\/span><\/p>\n<p>[\/et_pb_text][\/et_pb_column][\/et_pb_row][et_pb_row _builder_version=\u00a0\u00bb4.19.4&Prime; _module_preset=\u00a0\u00bbdefault\u00a0\u00bb global_colors_info=\u00a0\u00bb{}\u00a0\u00bb][et_pb_column type=\u00a0\u00bb4_4&Prime; _builder_version=\u00a0\u00bb4.19.4&Prime; _module_preset=\u00a0\u00bbdefault\u00a0\u00bb global_colors_info=\u00a0\u00bb{}\u00a0\u00bb][et_pb_text _builder_version=\u00a0\u00bb4.19.4&Prime; _module_preset=\u00a0\u00bbdefault\u00a0\u00bb custom_margin=\u00a0\u00bb100px||0px||false|false\u00a0\u00bb animation_style=\u00a0\u00bbfade\u00a0\u00bb global_colors_info=\u00a0\u00bb{}\u00a0\u00bb]<\/p>\n<h2 class=\"p1\"><span class=\"s1\" style=\"color: #9d2c87;\">  7 r\u00e8gles pour un hiver s\u00fbr  <\/span><\/h2>\n<p>[\/et_pb_text][\/et_pb_column][\/et_pb_row][et_pb_row column_structure=\u00a0\u00bb1_3,1_3,1_3&Prime; _builder_version=\u00a0\u00bb4.19.4&Prime; _module_preset=\u00a0\u00bbdefault\u00a0\u00bb global_colors_info=\u00a0\u00bb{}\u00a0\u00bb][et_pb_column type=\u00a0\u00bb1_3&Prime; _builder_version=\u00a0\u00bb4.19.4&Prime; _module_preset=\u00a0\u00bbdefault\u00a0\u00bb global_colors_info=\u00a0\u00bb{}\u00a0\u00bb][et_pb_image src=\u00a0\u00bbhttps:\/\/together-for-safety.com\/wp-content\/uploads\/2023\/01\/Wintericon_Bleib_auf_dem_richtigen_Weg.png\u00a0\u00bb title_text=\u00a0\u00bbReste sur la bonne voie\u00a0\u00bb _builder_version=\u00a0\u00bb4.19.4&Prime; _module_preset=\u00a0\u00bbdefault\u00a0\u00bb width=\u00a0\u00bb16%\u00a0\u00bb custom_margin=\u00a0\u00bb0px||14px||false|false\u00a0\u00bb animation_style=\u00a0\u00bbfade\u00a0\u00bb global_colors_info=\u00a0\u00bb{}\u00a0\u00bb][\/et_pb_image][et_pb_text _builder_version=\u00a0\u00bb4.19.4&Prime; _module_preset=\u00a0\u00bbdefault\u00a0\u00bb animation_style=\u00a0\u00bbfade\u00a0\u00bb global_colors_info=\u00a0\u00bb{}\u00a0\u00bb]<\/p>\n<h1 class=\"p1\"><span class=\"s1\"><b>Reste sur la bonne voie<\/b><br \/><\/span><\/h1>\n<p class=\"p1\"><span class=\"s1\">L&rsquo;humidit\u00e9, la neige et la glace repr\u00e9sentent un risque de glissade accru sur le site de l&rsquo;entreprise. Fais donc particuli\u00e8rement attention aux surfaces mouill\u00e9es ou verglac\u00e9es.<\/span><\/p>\n<p>[\/et_pb_text][et_pb_image src=\u00a0\u00bbhttps:\/\/together-for-safety.com\/wp-content\/uploads\/2023\/01\/Wintericon_Stets_sichtbar_mit_Reflektoren.png\u00a0\u00bb title_text=\u00a0\u00bbToujours visible gr\u00e2ce aux r\u00e9flecteurs\u00a0\u00bb _builder_version=\u00a0\u00bb4.19.4&Prime; _module_preset=\u00a0\u00bbdefault\u00a0\u00bb width=\u00a0\u00bb17%\u00a0\u00bb custom_margin=\u00a0\u00bb0px||10px||false|false\u00a0\u00bb animation_style=\u00a0\u00bbfade\u00a0\u00bb global_colors_info=\u00a0\u00bb{}\u00a0\u00bb][\/et_pb_image][et_pb_text _builder_version=\u00a0\u00bb4.19.4&Prime; _module_preset=\u00a0\u00bbdefault\u00a0\u00bb animation_style=\u00a0\u00bbfade\u00a0\u00bb global_colors_info=\u00a0\u00bb{}\u00a0\u00bb]<\/p>\n<h1 class=\"p1\"><span class=\"s1\"><b>Toujours visible gr\u00e2ce aux r\u00e9flecteurs<\/b><\/span><\/h1>\n<p class=\"p1\"><span class=\"s1\">Ne porte pas seulement la veste de s\u00e9curit\u00e9 r\u00e9fl\u00e9chissante dans l&rsquo;exercice de tes activit\u00e9s, mais aussi \u00e0 tout moment dans tous les domaines sur le site de l&rsquo;entreprise.  <\/span><\/p>\n<p>[\/et_pb_text][et_pb_image src=\u00a0\u00bbhttps:\/\/together-for-safety.com\/wp-content\/uploads\/2023\/01\/Wintericon_Sprichs_an.png\u00a0\u00bb title_text=\u00a0\u00bbParler \u00e0\u00a0\u00bb _builder_version=\u00a0\u00bb4.19.4&Prime; _module_preset=\u00a0\u00bbdefault\u00a0\u00bb width=\u00a0\u00bb20%\u00a0\u00bb custom_margin=\u00a0\u00bb0px||10px||false|false\u00a0\u00bb animation_style=\u00a0\u00bbfade\u00a0\u00bb global_colors_info=\u00a0\u00bb{}\u00a0\u00bb][\/et_pb_image][et_pb_text _builder_version=\u00a0\u00bb4.19.4&Prime; _module_preset=\u00a0\u00bbdefault\u00a0\u00bb animation_style=\u00a0\u00bbfade\u00a0\u00bb global_colors_info=\u00a0\u00bb{}\u00a0\u00bb]<\/p>\n<h1 class=\"p1\"><span class=\"s1\"><b>Parles-en<\/b><br \/><\/span><\/h1>\n<p class=\"p1\"><span class=\"s1\">Discute avec tes coll\u00e8gues s&rsquo;ils portent mal ou pas du tout leurs v\u00eatements de protection r\u00e9fl\u00e9chissants.<\/span><\/p>\n<p>[\/et_pb_text][\/et_pb_column][et_pb_column type=\u00a0\u00bb1_3&Prime; _builder_version=\u00a0\u00bb4.19.4&Prime; _module_preset=\u00a0\u00bbdefault\u00a0\u00bb global_colors_info=\u00a0\u00bb{}\u00a0\u00bb][et_pb_image src=\u00a0\u00bbhttps:\/\/together-for-safety.com\/wp-content\/uploads\/2023\/01\/Wintericon_Behalte_den_Durchblick.png\u00a0\u00bb title_text=\u00a0\u00bbGarde une vue d&#039;ensemble\u00a0\u00bb _builder_version=\u00a0\u00bb4.19.4&Prime; _module_preset=\u00a0\u00bbdefault\u00a0\u00bb width=\u00a0\u00bb14%\u00a0\u00bb custom_margin=\u00a0\u00bb0px||10px||false|false\u00a0\u00bb animation_style=\u00a0\u00bbfade\u00a0\u00bb global_colors_info=\u00a0\u00bb{}\u00a0\u00bb][\/et_pb_image][et_pb_text _builder_version=\u00a0\u00bb4.19.4&Prime; _module_preset=\u00a0\u00bbdefault\u00a0\u00bb animation_style=\u00a0\u00bbfade\u00a0\u00bb global_colors_info=\u00a0\u00bb{}\u00a0\u00bb]<\/p>\n<h1 class=\"p1\"><span class=\"s1\"><b>Garde une vue d&rsquo;ensemble<\/b><\/span><\/h1>\n<p class=\"p1\"><span class=\"s1\">Il arrive souvent que les vitres de ton v\u00e9hicule se couvrent de givre ou de bu\u00e9e pendant la saison froide. D\u00e9barrasse le pare-brise de ton v\u00e9hicule de la glace, de la bu\u00e9e ou de la salet\u00e9 avant de prendre la route. Cela s&rsquo;applique aux v\u00e9hicules \u00e0 l&rsquo;int\u00e9rieur et \u00e0 l&rsquo;ext\u00e9rieur des locaux de l&rsquo;entreprise.<\/span><\/p>\n<p>[\/et_pb_text][et_pb_image src=\u00a0\u00bbhttps:\/\/together-for-safety.com\/wp-content\/uploads\/2023\/01\/Wintericon_ueberpruefe_Deine_Laufwege.png\u00a0\u00bb title_text=\u00a0\u00bbV\u00e9rifie ton parcours\u00a0\u00bb _builder_version=\u00a0\u00bb4.19.4&Prime; _module_preset=\u00a0\u00bbdefault\u00a0\u00bb width=\u00a0\u00bb18%\u00a0\u00bb custom_margin=\u00a0\u00bb0px||10px||false|false\u00a0\u00bb animation_style=\u00a0\u00bbfade\u00a0\u00bb global_colors_info=\u00a0\u00bb{}\u00a0\u00bb][\/et_pb_image][et_pb_text _builder_version=\u00a0\u00bb4.19.4&Prime; _module_preset=\u00a0\u00bbdefault\u00a0\u00bb animation_style=\u00a0\u00bbfade\u00a0\u00bb global_colors_info=\u00a0\u00bb{}\u00a0\u00bb]<\/p>\n<h1 class=\"p1\"><span class=\"s1\"><b>V\u00e9rifie ton parcours<\/b><\/span><\/h1>\n<p class=\"p1\"><span class=\"s1\">Avant de commencer une activit\u00e9, recherche toujours les endroits mouill\u00e9s ou verglac\u00e9s sur le parcours utilis\u00e9. \u00c9limine la neige et la glace pour \u00e9viter les accidents de glisse  <\/span><\/p>\n<p>[\/et_pb_text][\/et_pb_column][et_pb_column type=\u00a0\u00bb1_3&Prime; _builder_version=\u00a0\u00bb4.19.4&Prime; _module_preset=\u00a0\u00bbdefault\u00a0\u00bb global_colors_info=\u00a0\u00bb{}\u00a0\u00bb][et_pb_image src=\u00a0\u00bbhttps:\/\/together-for-safety.com\/wp-content\/uploads\/2023\/01\/Wintericon_Sprecht_miteinander.png\u00a0\u00bb title_text=\u00a0\u00bbParlez entre vous\u00a0\u00bb _builder_version=\u00a0\u00bb4.19.4&Prime; _module_preset=\u00a0\u00bbdefault\u00a0\u00bb width=\u00a0\u00bb17%\u00a0\u00bb custom_margin=\u00a0\u00bb0px||10px||false|false\u00a0\u00bb animation_style=\u00a0\u00bbfade\u00a0\u00bb global_colors_info=\u00a0\u00bb{}\u00a0\u00bb][\/et_pb_image][et_pb_text _builder_version=\u00a0\u00bb4.19.4&Prime; _module_preset=\u00a0\u00bbdefault\u00a0\u00bb animation_style=\u00a0\u00bbfade\u00a0\u00bb global_colors_info=\u00a0\u00bb{}\u00a0\u00bb]<\/p>\n<h1 class=\"p1\"><span class=\"s1\"><b>Parlez entre vous<\/b><\/span><\/h1>\n<p class=\"p1\"><span class=\"s1\">Lors des r\u00e9parations hivernales, de nombreux collaborateurs d&rsquo;entreprises partenaires, parlant diff\u00e9rentes langues, sont pr\u00e9sents dans l&rsquo;usine. C&rsquo;est pourquoi l&rsquo;\u00e9change commun est important afin d&rsquo;avoir le m\u00eame niveau de connaissances sur les travaux \u00e0 effectuer.  <\/span><\/p>\n<p class=\"p1\"><span class=\"s1\"> <\/span><\/p>\n<p>[\/et_pb_text][et_pb_image src=\u00a0\u00bbhttps:\/\/together-for-safety.com\/wp-content\/uploads\/2023\/01\/Wintericon_Kuemmere_Dich_um_Deine_Sicherheitsjacke.png\u00a0\u00bb title_text=\u00a0\u00bbPrends soin de ta veste de s\u00e9curit\u00e9\u00a0\u00bb _builder_version=\u00a0\u00bb4.19.4&Prime; _module_preset=\u00a0\u00bbdefault\u00a0\u00bb width=\u00a0\u00bb14%\u00a0\u00bb custom_margin=\u00a0\u00bb0px||10px||false|false\u00a0\u00bb animation_style=\u00a0\u00bbfade\u00a0\u00bb global_colors_info=\u00a0\u00bb{}\u00a0\u00bb][\/et_pb_image][et_pb_text _builder_version=\u00a0\u00bb4.19.4&Prime; _module_preset=\u00a0\u00bbdefault\u00a0\u00bb animation_style=\u00a0\u00bbfade\u00a0\u00bb global_colors_info=\u00a0\u00bb{}\u00a0\u00bb]<\/p>\n<h1 class=\"p1\"><span class=\"s1\"><b>Occupe-toi de<br \/>Ta veste de s\u00e9curit\u00e9<\/b><\/span><\/h1>\n<p class=\"p1\"><span class=\"s1\">Range ta veste de s\u00e9curit\u00e9 dans un endroit propre. Si les r\u00e9flecteurs sont sales, nettoie-les ou remplace la veste.  <\/span><\/p>\n<p>[\/et_pb_text][\/et_pb_column][\/et_pb_row][et_pb_row _builder_version=\u00a0\u00bb4.19.4&Prime; _module_preset=\u00a0\u00bbdefault\u00a0\u00bb global_colors_info=\u00a0\u00bb{}\u00a0\u00bb][et_pb_column type=\u00a0\u00bb4_4&Prime; _builder_version=\u00a0\u00bb4.19.4&Prime; _module_preset=\u00a0\u00bbdefault\u00a0\u00bb global_colors_info=\u00a0\u00bb{}\u00a0\u00bb][et_pb_text _builder_version=\u00a0\u00bb4.19.4&Prime; _module_preset=\u00a0\u00bbdefault\u00a0\u00bb custom_margin=\u00a0\u00bb100px||0px||false|false\u00a0\u00bb animation_style=\u00a0\u00bbfade\u00a0\u00bb global_colors_info=\u00a0\u00bb{}\u00a0\u00bb]<\/p>\n<h2 class=\"p1\"><span class=\"s1\" style=\"color: #9d2c87;\"> Aper\u00e7u des r\u00e9flecteurs<br \/><\/span><\/h2>\n<p>[\/et_pb_text][\/et_pb_column][\/et_pb_row][et_pb_row _builder_version=\u00a0\u00bb4.19.4&Prime; _module_preset=\u00a0\u00bbdefault\u00a0\u00bb hover_enabled=\u00a0\u00bb0&Prime; global_colors_info=\u00a0\u00bb{}\u00a0\u00bb animation_style=\u00a0\u00bbfade\u00a0\u00bb sticky_enabled=\u00a0\u00bb0&Prime;][et_pb_column type=\u00a0\u00bb4_4&Prime; _builder_version=\u00a0\u00bb4.19.4&Prime; _module_preset=\u00a0\u00bbdefault\u00a0\u00bb global_colors_info=\u00a0\u00bb{}\u00a0\u00bb][et_pb_gallery gallery_ids=\u00a0\u00bb1387,1380,1403,1396&Prime; orientation=\u00a0\u00bbportrait\u00a0\u00bb show_title_and_caption=\u00a0\u00bboff\u00a0\u00bb show_pagination=\u00a0\u00bboff\u00a0\u00bb _builder_version=\u00a0\u00bb4.19.4&Prime; _module_preset=\u00a0\u00bbdefault\u00a0\u00bb global_colors_info=\u00a0\u00bb{}\u00a0\u00bb][\/et_pb_gallery][\/et_pb_column][\/et_pb_row][\/et_pb_section]<\/p>\n","protected":false},"excerpt":{"rendered":"<p>Notre dernier Point S\u00e9curit\u00e9 Gros plan sur les points noirs Notre Safety-Highlight actuel pr\u00e9sente plus en d\u00e9tail un domaine prioritaire de la s\u00e9curit\u00e9 au travail. Nous t&rsquo;expliquons en d\u00e9tail ce qu&rsquo;il faut prendre en compte pour que tu puisses travailler en toute s\u00e9curit\u00e9. Actualit\u00e9 : Dangers en hiver ! Attention \u00e0 la glace et \u00e0 [&hellip;]<\/p>\n","protected":false},"author":2,"featured_media":0,"parent":0,"menu_order":0,"comment_status":"closed","ping_status":"closed","template":"","meta":{"_et_pb_use_builder":"on","_et_pb_old_content":"","_et_gb_content_width":"","_themeisle_gutenberg_block_has_review":false,"footnotes":""},"class_list":["post-637","page","type-page","status-publish","hentry"],"yoast_head":"<!-- This site is optimized with the Yoast SEO plugin v27.4 - https:\/\/yoast.com\/product\/yoast-seo-wordpress\/ -->\n<title>Glace et \u00e0 l&#039;obscurit\u00e9 - Together for Safety<\/title>\n<meta name=\"robots\" content=\"index, follow, max-snippet:-1, max-image-preview:large, max-video-preview:-1\" \/>\n<link rel=\"canonical\" href=\"https:\/\/together-for-safety.com\/fr\/sujet-du-mois\/\" \/>\n<meta property=\"og:locale\" content=\"fr_FR\" \/>\n<meta property=\"og:type\" content=\"article\" \/>\n<meta property=\"og:title\" content=\"Glace et \u00e0 l&#039;obscurit\u00e9 - Together for Safety\" \/>\n<meta property=\"og:description\" content=\"Notre dernier Point S\u00e9curit\u00e9 Gros plan sur les points noirs Notre Safety-Highlight actuel pr\u00e9sente plus en d\u00e9tail un domaine prioritaire de la s\u00e9curit\u00e9 au travail. Nous t&#039;expliquons en d\u00e9tail ce qu&#039;il faut prendre en compte pour que tu puisses travailler en toute s\u00e9curit\u00e9. Actualit\u00e9 : Dangers en hiver ! Attention \u00e0 la glace et \u00e0 [&hellip;]\" \/>\n<meta property=\"og:url\" content=\"https:\/\/together-for-safety.com\/fr\/sujet-du-mois\/\" \/>\n<meta property=\"og:site_name\" content=\"Together for Safety\" \/>\n<meta property=\"article:modified_time\" content=\"2023-12-08T14:58:03+00:00\" \/>\n<meta name=\"twitter:card\" content=\"summary_large_image\" \/>\n<meta name=\"twitter:label1\" content=\"Dur\u00e9e de lecture estim\u00e9e\" \/>\n\t<meta name=\"twitter:data1\" content=\"7 minutes\" \/>\n<script type=\"application\/ld+json\" class=\"yoast-schema-graph\">{\"@context\":\"https:\\\/\\\/schema.org\",\"@graph\":[{\"@type\":\"WebPage\",\"@id\":\"https:\\\/\\\/together-for-safety.com\\\/fr\\\/sujet-du-mois\\\/\",\"url\":\"https:\\\/\\\/together-for-safety.com\\\/fr\\\/sujet-du-mois\\\/\",\"name\":\"Glace et \u00e0 l'obscurit\u00e9 - Together for Safety\",\"isPartOf\":{\"@id\":\"https:\\\/\\\/together-for-safety.com\\\/fr\\\/#website\"},\"datePublished\":\"2022-12-31T10:00:26+00:00\",\"dateModified\":\"2023-12-08T14:58:03+00:00\",\"breadcrumb\":{\"@id\":\"https:\\\/\\\/together-for-safety.com\\\/fr\\\/sujet-du-mois\\\/#breadcrumb\"},\"inLanguage\":\"fr-FR\",\"potentialAction\":[{\"@type\":\"ReadAction\",\"target\":[\"https:\\\/\\\/together-for-safety.com\\\/fr\\\/sujet-du-mois\\\/\"]}]},{\"@type\":\"BreadcrumbList\",\"@id\":\"https:\\\/\\\/together-for-safety.com\\\/fr\\\/sujet-du-mois\\\/#breadcrumb\",\"itemListElement\":[{\"@type\":\"ListItem\",\"position\":1,\"name\":\"Startseite\",\"item\":\"https:\\\/\\\/together-for-safety.com\\\/fr\\\/\"},{\"@type\":\"ListItem\",\"position\":2,\"name\":\"Glace et \u00e0 l&#8217;obscurit\u00e9\"}]},{\"@type\":\"WebSite\",\"@id\":\"https:\\\/\\\/together-for-safety.com\\\/fr\\\/#website\",\"url\":\"https:\\\/\\\/together-for-safety.com\\\/fr\\\/\",\"name\":\"Together for Safety\",\"description\":\"Kampagne zur Arbeitssicherheit von Dyckerhoff\",\"potentialAction\":[{\"@type\":\"SearchAction\",\"target\":{\"@type\":\"EntryPoint\",\"urlTemplate\":\"https:\\\/\\\/together-for-safety.com\\\/fr\\\/?s={search_term_string}\"},\"query-input\":{\"@type\":\"PropertyValueSpecification\",\"valueRequired\":true,\"valueName\":\"search_term_string\"}}],\"inLanguage\":\"fr-FR\"}]}<\/script>\n<!-- \/ Yoast SEO plugin. -->","yoast_head_json":{"title":"Glace et \u00e0 l'obscurit\u00e9 - Together for Safety","robots":{"index":"index","follow":"follow","max-snippet":"max-snippet:-1","max-image-preview":"max-image-preview:large","max-video-preview":"max-video-preview:-1"},"canonical":"https:\/\/together-for-safety.com\/fr\/sujet-du-mois\/","og_locale":"fr_FR","og_type":"article","og_title":"Glace et \u00e0 l'obscurit\u00e9 - Together for Safety","og_description":"Notre dernier Point S\u00e9curit\u00e9 Gros plan sur les points noirs Notre Safety-Highlight actuel pr\u00e9sente plus en d\u00e9tail un domaine prioritaire de la s\u00e9curit\u00e9 au travail. Nous t'expliquons en d\u00e9tail ce qu'il faut prendre en compte pour que tu puisses travailler en toute s\u00e9curit\u00e9. Actualit\u00e9 : Dangers en hiver ! Attention \u00e0 la glace et \u00e0 [&hellip;]","og_url":"https:\/\/together-for-safety.com\/fr\/sujet-du-mois\/","og_site_name":"Together for Safety","article_modified_time":"2023-12-08T14:58:03+00:00","twitter_card":"summary_large_image","twitter_misc":{"Dur\u00e9e de lecture estim\u00e9e":"7 minutes"},"schema":{"@context":"https:\/\/schema.org","@graph":[{"@type":"WebPage","@id":"https:\/\/together-for-safety.com\/fr\/sujet-du-mois\/","url":"https:\/\/together-for-safety.com\/fr\/sujet-du-mois\/","name":"Glace et \u00e0 l'obscurit\u00e9 - Together for Safety","isPartOf":{"@id":"https:\/\/together-for-safety.com\/fr\/#website"},"datePublished":"2022-12-31T10:00:26+00:00","dateModified":"2023-12-08T14:58:03+00:00","breadcrumb":{"@id":"https:\/\/together-for-safety.com\/fr\/sujet-du-mois\/#breadcrumb"},"inLanguage":"fr-FR","potentialAction":[{"@type":"ReadAction","target":["https:\/\/together-for-safety.com\/fr\/sujet-du-mois\/"]}]},{"@type":"BreadcrumbList","@id":"https:\/\/together-for-safety.com\/fr\/sujet-du-mois\/#breadcrumb","itemListElement":[{"@type":"ListItem","position":1,"name":"Startseite","item":"https:\/\/together-for-safety.com\/fr\/"},{"@type":"ListItem","position":2,"name":"Glace et \u00e0 l&#8217;obscurit\u00e9"}]},{"@type":"WebSite","@id":"https:\/\/together-for-safety.com\/fr\/#website","url":"https:\/\/together-for-safety.com\/fr\/","name":"Together for Safety","description":"Kampagne zur Arbeitssicherheit von Dyckerhoff","potentialAction":[{"@type":"SearchAction","target":{"@type":"EntryPoint","urlTemplate":"https:\/\/together-for-safety.com\/fr\/?s={search_term_string}"},"query-input":{"@type":"PropertyValueSpecification","valueRequired":true,"valueName":"search_term_string"}}],"inLanguage":"fr-FR"}]}},"_links":{"self":[{"href":"https:\/\/together-for-safety.com\/fr\/wp-json\/wp\/v2\/pages\/637","targetHints":{"allow":["GET"]}}],"collection":[{"href":"https:\/\/together-for-safety.com\/fr\/wp-json\/wp\/v2\/pages"}],"about":[{"href":"https:\/\/together-for-safety.com\/fr\/wp-json\/wp\/v2\/types\/page"}],"author":[{"embeddable":true,"href":"https:\/\/together-for-safety.com\/fr\/wp-json\/wp\/v2\/users\/2"}],"replies":[{"embeddable":true,"href":"https:\/\/together-for-safety.com\/fr\/wp-json\/wp\/v2\/comments?post=637"}],"version-history":[{"count":16,"href":"https:\/\/together-for-safety.com\/fr\/wp-json\/wp\/v2\/pages\/637\/revisions"}],"predecessor-version":[{"id":7156,"href":"https:\/\/together-for-safety.com\/fr\/wp-json\/wp\/v2\/pages\/637\/revisions\/7156"}],"wp:attachment":[{"href":"https:\/\/together-for-safety.com\/fr\/wp-json\/wp\/v2\/media?parent=637"}],"curies":[{"name":"wp","href":"https:\/\/api.w.org\/{rel}","templated":true}]}}