{"id":638,"date":"2023-01-02T20:22:37","date_gmt":"2023-01-02T19:22:37","guid":{"rendered":"https:\/\/together-for-safety.com\/gegevensbescherming\/"},"modified":"2023-04-28T12:23:01","modified_gmt":"2023-04-28T10:23:01","slug":"gegevensbescherming","status":"publish","type":"page","link":"https:\/\/together-for-safety.com\/nl\/gegevensbescherming\/","title":{"rendered":"Gegevensbescherming"},"content":{"rendered":"<p>[et_pb_section fb_built=&#8221;1&#8243; _builder_version=&#8221;4.19.4&#8243; _module_preset=&#8221;default&#8221; global_colors_info=&#8221;{}&#8221;][et_pb_row _builder_version=&#8221;4.19.4&#8243; _module_preset=&#8221;default&#8221; custom_padding=&#8221;0px||||false|false&#8221; animation_style=&#8221;fade&#8221; global_colors_info=&#8221;{}&#8221;][et_pb_column type=&#8221;4_4&#8243; _builder_version=&#8221;4.19.4&#8243; _module_preset=&#8221;default&#8221; global_colors_info=&#8221;{}&#8221;][et_pb_text _builder_version=&#8221;4.19.4&#8243; _module_preset=&#8221;default&#8221; custom_margin=&#8221;||60px||false|false&#8221; animation_style=&#8221;fade&#8221; global_colors_info=&#8221;{}&#8221;]<\/p>\n<h1 class=\"p1\"><span class=\"s1\" style=\"color: #392152;\">Gegevensbescherming<\/span><\/h1>\n<h2 class=\"p1\">[\/et_pb_text][et_pb_text _builder_version=&#8221;4.21.0&#8243; _module_preset=&#8221;default&#8221; custom_padding=&#8221;||0px|||&#8221; animation_style=&#8221;fade&#8221; hover_enabled=&#8221;0&#8243; global_colors_info=&#8221;{}&#8221; custom_css_before_last_edited=&#8221;on|desktop&#8221; sticky_enabled=&#8221;0&#8243;]<\/p>\n<p class=\"p2\"><span class=\"s1\">Status: maart 2023<\/span><\/p>\n<p class=\"p3\"><strong><span style=\"font-size: 18px;\">1. toepassingsgebied<\/span><\/strong><span class=\"s1\"><\/span><\/p>\n<ul>\n<li class=\"li5\"><span class=\"s3\"><a href=\"http:\/\/www.together-for-safety.de\"><span class=\"s4\">www.together-for-safety.com<\/span><\/a><\/span><\/li>\n<li class=\"li2\"><span class=\"s2\"><\/span><span class=\"s1\">Contactverzoeken \/ feedback in het kader van <span class=\"s5\"><br \/><a href=\"http:\/\/www.together-for-safety.de\">www.together-for-safety.com<\/a><br \/><a href=\"http:\/\/www.together-for-safety.de\"><\/a><br \/><\/span> <\/span><span class=\"s1\"><span class=\"s5\"><\/span><\/span><\/li>\n<\/ul>\n<p class=\"p3\"><span style=\"font-size: 18px;\"><\/span><\/p>\n<p class=\"p3\"><strong><span style=\"font-size: 18px;\">2. verantwoordelijkheid<\/span><\/strong><span class=\"s1\"><\/span><\/p>\n<p class=\"p2\"><span class=\"s1\">Voor de verwerking van persoonsgegevens voor de technische verstrekking van <a href=\"http:\/\/www.together-for-safety.de\"><br \/><span class=\"s5\">www.together-for-safety.com<\/span><\/a>: <\/span><\/p>\n<p class=\"p6\"><span class=\"s1\">Dyckerhoff GmbH<\/span><span class=\"s6\"><br \/><\/span><span class=\"s1\">Biebricherstraat 68<\/span><span class=\"s6\"><br \/><\/span><span class=\"s1\">65203 Wiesbaden<\/span><span class=\"s6\"> <\/span><\/p>\n<p class=\"p7\"><span class=\"s1\">Tel.: 0611 6760<br \/>E-mail: <a href=\"mailto:info@dyckerhoff.com\"><br \/><span class=\"s5\">info@dyckerhoff.com<\/span><br \/><\/a><\/span><\/p>\n<p class=\"p8\"><span class=\"s1\"><\/span><\/p>\n<p class=\"p2\"><span class=\"s1\">Het bedrijf waaraan u uw vraag rechtstreeks voorlegt, is verantwoordelijk voor de verwerking van persoonsgegevens voor de afhandeling van contactvragen \/ feedback: <\/span><\/p>\n<p class=\"p6\"><span class=\"s1\">Dyckerhoff GmbH <\/span><span class=\"s6\"><br \/><\/span><span class=\"s1\">Biebricherstraat 68<\/span><span class=\"s6\"><br \/><\/span><span class=\"s1\">65203 Wiesbaden<\/span><span class=\"s6\"> <\/span><\/p>\n<p class=\"p7\"><span class=\"s1\">Tel.: 0611 6760<br \/>E-mail: <a href=\"mailto:info@dyckerhoff.com\"><br \/><span class=\"s5\">info@dyckerhoff.com<\/span><br \/><\/a><\/span><\/p>\n<p class=\"p3\"><span class=\"s1\"><\/span><\/p>\n<p class=\"p6\"><span class=\"s1\">Dyckerhoff Beton GmbH &amp; Co KG<br \/>Bierbicherstraat 68<br \/>65203 Wiesbaden <\/span><\/p>\n<p class=\"p7\"><span class=\"s1\">Tel.: 0611 6760<br \/>E-mail: <a href=\"mailto:info@dyckerhoff.com\"><br \/><span class=\"s5\">info@dyckerhoff.com<\/span><br \/><\/a><\/span><\/p>\n<p class=\"p3\"><span class=\"s1\"><\/span><\/p>\n<p class=\"p9\"><span class=\"s1\">Dyckerhoff Basal Nederland B.V.<\/span><\/p>\n<p class=\"p6\"><span class=\"s1\">Kelvinbaan 44<br \/>3439 MT Nieuwegein<\/span><\/p>\n<p class=\"p6\"><span class=\"s1\">Tel: +31 &#8211; 88 60 78 300<br \/>E-mail: info@dyckerhoff-basal.de<\/span><\/p>\n<p class=\"p10\"><span class=\"s1\"><\/span><\/p>\n<p class=\"p6\"><span class=\"s1\">Cimalux Soci\u00e9t\u00e9 anonyme<br \/>ZI rond Monkeler<br \/>L-4149 Esch-sur-Alzette<\/span><\/p>\n<p class=\"p6\"><span class=\"s1\">Tel.: +352 55 25 25 -1<br \/>E-mail: <a href=\"mailto:info@cimalux.lu\"><br \/><span class=\"s5\">info@cimalux.lu<\/span><br \/><\/a><\/span><\/p>\n<p class=\"p11\"><span class=\"s1\"><\/span><\/p>\n<p class=\"p6\"><span class=\"s1\">Cement Hranice, akciov\u00e1 spole\u010dnost<br \/>B\u011blot\u00ednsk\u00e1 288<br \/>753 01 Hranice I &#8211; M\u011bsto<br \/>Tsjechi\u00eb<\/span><\/p>\n<p class=\"p6\"><span class=\"s1\">Tel.: +420 581 829 111<br \/>E-mail: cement@cement.cz<\/span><\/p>\n<p class=\"p12\"><span class=\"s1\"><b><\/b><\/span><\/p>\n<p class=\"p7\"><span class=\"s1\">ZAPA beton a.s.<br \/>V\u00edde\u0148sk\u00e1 495<br \/>142 00 Praha 4<br \/>Tsjechi\u00eb<\/span><\/p>\n<p class=\"p7\"><span class=\"s1\">Tel.: +420 226 004 444<br \/>E-mail: <a href=\"mailto:zapa@zapa.cz\"><br \/><span class=\"s5\">zapa@zapa.cz<\/span><br \/><\/a><\/span><\/p>\n<p class=\"p10\"><span class=\"s1\"><\/span><\/p>\n<p class=\"p6\"><span class=\"s1\">Dyckerhoff Polska Sp. z o.o.<br \/>ul. Zak\u0142adowa 3<br \/>26-052 Nowiny<\/span><\/p>\n<p class=\"p6\"><span class=\"s1\">Tel: +48 41 346 60 00<br \/>E-mail: informatyka@dyckerhoff.pl<\/span><\/p>\n<p class=\"p3\"><span class=\"s1\"><\/span><\/p>\n<p class=\"p2\"><span class=\"s1\">Als u <a href=\"http:\/\/www.dyckerhoff.com\"><br \/><span class=\"s5\">www.dyckerhoff.com<\/span><br \/><\/a> Buzzi Unicem S.p.a. is verantwoordelijk voor de verwerking van persoonsgegevens voor de technische voorziening van <a href=\"http:\/\/www.dyckerhoff.com\">www.dyckerhoff.com.<\/a><\/span><\/p>\n<p class=\"p2\"><span class=\"s1\"><\/span><\/p>\n<p class=\"p2\"><span style=\"font-size: 18px;\"><\/span><\/p>\n<p class=\"p2\"><strong><span style=\"font-size: 18px;\">3. contactgegevens van de functionaris voor gegevensbescherming<\/span><\/strong><\/p>\n<p class=\"p2\"><span class=\"s1\">Dyckerhoff GmbH<br \/>Functionaris voor gegevensbescherming<br \/>Biebricher Str. 68<br \/>65203 Wiesbaden<\/span><\/p>\n<p class=\"p3\"><span class=\"s1\"><\/span><\/p>\n<p class=\"p14\"><span class=\"s6\">Tel.: 0611 6761647<br \/>E-mail: <span class=\"s7\"><br \/><a href=\"mailto:protection.data@dyckerhoff.com\">protection.data@dyckerhoff.com<\/a><br \/><a href=\"mailto:protection.data@dyckerhoff.com\"><\/a><br \/><\/span><\/span><\/p>\n<p class=\"p14\"><span class=\"s6\"><span class=\"s7\"><\/span><\/span><\/p>\n<p class=\"p15\"><span style=\"font-size: 18px;\"><\/span><\/p>\n<p class=\"p15\"><strong><span style=\"font-size: 18px;\">4. technische levering &amp; logbestanden<\/span><\/strong><span class=\"s1\"><\/span><\/p>\n<p class=\"p2\"><span class=\"s1\">Als u <a href=\"http:\/\/www.together-for-safety.de\"><br \/><span class=\"s5\">www.together-for-safety.com BEZOEKT EN GEBRUIKT.<\/span><br \/><\/a> IP-adres en andere informatie (datum en tijd van toegang,<\/span><span class=\"s8\"> <\/span><span class=\"s1\">Aanvraagmethode &amp; aangevraagde bestanden, hoeveelheid gegevens, statuscode, user agent [informatie over besturingssysteem, browsertype en -versie.<\/span><span class=\"s9\">])<\/span><span class=\"s1\"> worden verwerkt zodat de gevraagde bestanden kunnen worden afgeleverd. De toegangen worden voor controledoeleinden opgeslagen in de log- of protocolbestanden van webservers. <\/span><\/p>\n<p class=\"p2\"><span class=\"s1\">De rechtsgrondslag voor de verwerking van persoonsgegevens voor de technische levering van www.together-for-safety.de &amp; opslag in de logbestanden is art. 6 lid 1. 1 lit. f GDPR.<\/span><\/p>\n<p class=\"p2\"><span class=\"s1\">De logbestanden worden 7 dagen bewaard en automatisch gewist. <\/span><\/p>\n<p class=\"p2\"><span class=\"s1\">Webhosting www.together-for-safety.com: <\/span><\/p>\n<p class=\"p7\"><span class=\"s1\">IONOS SE<br \/>Elgendorfer Str. 57<br \/>56410 Montabeur<\/span><\/p>\n<p class=\"p7\"><span class=\"s1\"><\/span><\/p>\n<p class=\"p15\"><span style=\"font-size: 18px;\"><\/span><\/p>\n<p class=\"p15\"><strong><span style=\"font-size: 18px;\">5. koekjes<\/span><\/strong><span class=\"s1\"><\/span><\/p>\n<p class=\"p2\"><span class=\"s1\">Cookies zijn kleine bestanden die automatisch worden aangemaakt en opgeslagen in de webbrowser van de terminal van de bezoeker bij elk bezoek aan een bezochte website. Cookies kunnen bijvoorbeeld informatie opslaan over de voorkeursinstellingen, een sessie-ID om een websitebezoeker te herkennen, toegangsgegevens (gebruikersnaam \/ e-mail en wachtwoord), enz. De website op <a href=\"http:\/\/www.together-for-safety.com\"><br \/><span class=\"s5\">www.together-for-safety.com<\/span><br \/><\/a> gebruikte cookies bieden functies voor taalselectie-instellingen: <\/span><\/p>\n<p class=\"p2\"><span class=\"s1\">wp-wpml_current_language &#8211; Slaat de huidige taal op. Deze cookie is standaard ingeschakeld op sites die de functie Taalfiltering voor AJAX-bewerkingen gebruiken.<\/span><\/p>\n<p class=\"p2\"><span class=\"s1\">_icl_visitor_lang_js &#8211; Slaat de omgeleide taal op. Deze cookie is ingeschakeld voor alle bezoekers van de site als u de functie Browsertaalomleiding gebruikt.<\/span><\/p>\n<p class=\"p2\"><span class=\"s1\">wpml_browser_redirect_test &#8211; Test of cookies zijn ingeschakeld. Deze cookie is ingeschakeld voor alle bezoekers van de site als u de functie Browsertaalomleiding gebruikt.<\/span><\/p>\n<p class=\"p2\"><span class=\"s1\">Meer informatie over de gebruikte cookies vindt u op de pagina&#8217;s van de ontwikkelaar: www.wpml.org\/documentation\/support\/browser-cookies-stored-wpml\/<\/span><\/p>\n<p class=\"p2\"><span class=\"s1\">Voor zover Dyckerhoff GmbH persoonsgegevens verwerkt door middel van technisch noodzakelijke cookies in het kader van het aanbieden van www.together-for-safety.de, Art. 6 para. 1 lit. f DS-GVO is de rechtsgrondslag. Onze legitieme belangen liggen in de bovengenoemde doeleinden.<\/span><\/p>\n<p class=\"p15\"><span style=\"font-size: 18px;\"><\/span><\/p>\n<p class=\"p15\"><span style=\"font-size: 18px;\"><\/span><\/p>\n<p class=\"p15\"><strong><span style=\"font-size: 18px;\">6. contact opnemen met<\/span><\/strong><span class=\"s1\"><\/span><\/p>\n<p class=\"p2\"><span class=\"s1\">Als u contact opneemt met een bedrijf (bv. via e-mail, telefoon, contactformulier), worden uw gegevens verwerkt voor zover dat nodig is om te reageren op uw contactverzoek en de eventueel gevraagde maatregelen. De rechtsgrondslag is artikel 6, lid 1. 1 lit. b GDPR.<\/span><\/p>\n<p class=\"p2\"><span class=\"s1\">Voor zover uw verzoek om contact niet nodig is voor de uitvoering van een overeenkomst met de betrokken onderneming, noch voor de uitvoering van precontractuele maatregelen, art. 6 lid. 1 lit. f DS-GVO is de rechtsgrondslag voor de verwerking van uw gegevens. Het rechtmatige belang is gelegen in de uiteindelijke verwerking van het ontvangen bericht en het contact met u. <\/span><\/p>\n<p class=\"p2\"><span class=\"s1\">Als een bedrijf persoonsgegevens verwerkt op basis van toestemming, is artikel 6, lid 6, van toepassing. 1 lit. een DS-GVO is de rechtsgrondslag. <\/span><\/p>\n<p class=\"p2\"><span class=\"s1\">Uw bericht wordt opgeslagen totdat de verwerking is voltooid. Langere opslag vindt alleen plaats als de betreffende onderneming daartoe in individuele gevallen gerechtigd of verplicht is. <\/span><\/p>\n<p class=\"p3\"><span style=\"font-size: 18px;\"><\/span><\/p>\n<p class=\"p3\"><span style=\"font-size: 18px;\"><\/span><\/p>\n<p class=\"p3\"><strong><span style=\"font-size: 18px;\">7. uw rechten <\/span><\/strong><span class=\"s1\"><\/span><\/p>\n<p class=\"p2\"><span class=\"s1\">In overeenstemming met artikel 15 van de GDPR heeft u het recht om informatie te vragen over uw persoonsgegevens die het onderwerp zijn van verwerking.<\/span><\/p>\n<p class=\"p2\"><span class=\"s1\">Indien onjuiste persoonsgegevens worden verwerkt, heeft u recht op rectificatie overeenkomstig art. 16 DS-GVO.<\/span><\/p>\n<p class=\"p2\"><span class=\"s1\">Indien aan de wettelijke vereisten is voldaan, heeft u het recht op wissing of beperking van de verwerking van de betreffende gegevens (art. 17 en art. 18 DS-GVO).<\/span><\/p>\n<p class=\"p2\"><span class=\"s1\">Onder de voorwaarden van artikel 20 heeft u recht op gegevensoverdraagbaarheid. <\/span><\/p>\n<p class=\"p2\"><span class=\"s1\">U hebt het recht uw toestemming te allen tijde in te trekken zonder dat dit afbreuk doet aan de rechtmatigheid van de verwerking die tot de intrekking op basis van de toestemming plaatsvindt.<\/span><\/p>\n<p class=\"p2\"><span class=\"s1\">Overeenkomstig art. 21 DS-GVO heeft u het recht om bezwaar te maken tegen de verwerking van uw gegevens, die is gebaseerd op art. 6 para. 1 lit. f DS-GVO vindt plaats. Het verantwoordelijke bedrijf zal de persoonsgegevens dan niet langer verwerken, tenzij het dwingende legitieme redenen voor de verwerking kan aantonen die zwaarder wegen dan uw belangen, rechten en vrijheden, of de verwerking dient om rechtsvorderingen te doen gelden, uit te oefenen of te verdedigen. <\/span><\/p>\n<p class=\"p2\"><span class=\"s1\">Overeenkomstig artikel 77, lid 1, van het Verdrag. 1 DS-GVO, heeft u het recht van beroep bij een toezichthoudende autoriteit:<br \/>edpb.europa.eu\/about-edpb\/about-edpb\/members_en<\/span><\/p>\n<p class=\"p16\"><span class=\"s1\"><\/span><\/p>\n<p class=\"p16\"><span class=\"s1\"><\/span><\/p>\n<p class=\"p16\"><span class=\"s1\"><\/span><\/p>\n<p class=\"p16\">[\/et_pb_text][\/et_pb_column][\/et_pb_row][\/et_pb_section]<\/p>\n","protected":false},"excerpt":{"rendered":"<p>Gegevensbescherming Status: maart 2023 1. toepassingsgebied www.together-for-safety.com Contactverzoeken \/ feedback in het kader van www.together-for-safety.com 2. verantwoordelijkheid Voor de verwerking van persoonsgegevens voor de technische verstrekking van www.together-for-safety.com: Dyckerhoff GmbHBiebricherstraat 6865203 Wiesbaden Tel.: 0611 6760E-mail: info@dyckerhoff.com Het bedrijf waaraan u uw vraag rechtstreeks voorlegt, is verantwoordelijk voor de verwerking van persoonsgegevens voor de afhandeling van [&hellip;]<\/p>\n","protected":false},"author":2,"featured_media":0,"parent":0,"menu_order":0,"comment_status":"closed","ping_status":"closed","template":"","meta":{"_et_pb_use_builder":"on","_et_pb_old_content":"","_et_gb_content_width":"","_themeisle_gutenberg_block_has_review":false,"footnotes":""},"class_list":["post-638","page","type-page","status-publish","hentry"],"yoast_head":"<!-- This site is optimized with the Yoast SEO plugin v27.4 - https:\/\/yoast.com\/product\/yoast-seo-wordpress\/ -->\n<title>Gegevensbescherming - Together for Safety<\/title>\n<meta name=\"robots\" content=\"index, follow, max-snippet:-1, max-image-preview:large, max-video-preview:-1\" \/>\n<link rel=\"canonical\" href=\"https:\/\/together-for-safety.com\/nl\/gegevensbescherming\/\" \/>\n<meta property=\"og:locale\" content=\"nl_NL\" \/>\n<meta property=\"og:type\" content=\"article\" \/>\n<meta property=\"og:title\" content=\"Gegevensbescherming - Together for Safety\" \/>\n<meta property=\"og:description\" content=\"Gegevensbescherming Status: maart 2023 1. toepassingsgebied www.together-for-safety.com Contactverzoeken \/ feedback in het kader van www.together-for-safety.com 2. verantwoordelijkheid Voor de verwerking van persoonsgegevens voor de technische verstrekking van www.together-for-safety.com: Dyckerhoff GmbHBiebricherstraat 6865203 Wiesbaden Tel.: 0611 6760E-mail: info@dyckerhoff.com Het bedrijf waaraan u uw vraag rechtstreeks voorlegt, is verantwoordelijk voor de verwerking van persoonsgegevens voor de afhandeling van [&hellip;]\" \/>\n<meta property=\"og:url\" content=\"https:\/\/together-for-safety.com\/nl\/gegevensbescherming\/\" \/>\n<meta property=\"og:site_name\" content=\"Together for Safety\" \/>\n<meta property=\"article:modified_time\" content=\"2023-04-28T10:23:01+00:00\" \/>\n<meta name=\"twitter:card\" content=\"summary_large_image\" \/>\n<meta name=\"twitter:label1\" content=\"Geschatte leestijd\" \/>\n\t<meta name=\"twitter:data1\" content=\"5 minuten\" \/>\n<script type=\"application\/ld+json\" class=\"yoast-schema-graph\">{\"@context\":\"https:\\\/\\\/schema.org\",\"@graph\":[{\"@type\":\"WebPage\",\"@id\":\"https:\\\/\\\/together-for-safety.com\\\/nl\\\/gegevensbescherming\\\/\",\"url\":\"https:\\\/\\\/together-for-safety.com\\\/nl\\\/gegevensbescherming\\\/\",\"name\":\"Gegevensbescherming - Together for Safety\",\"isPartOf\":{\"@id\":\"https:\\\/\\\/together-for-safety.com\\\/nl\\\/#website\"},\"datePublished\":\"2023-01-02T19:22:37+00:00\",\"dateModified\":\"2023-04-28T10:23:01+00:00\",\"breadcrumb\":{\"@id\":\"https:\\\/\\\/together-for-safety.com\\\/nl\\\/gegevensbescherming\\\/#breadcrumb\"},\"inLanguage\":\"nl-NL\",\"potentialAction\":[{\"@type\":\"ReadAction\",\"target\":[\"https:\\\/\\\/together-for-safety.com\\\/nl\\\/gegevensbescherming\\\/\"]}]},{\"@type\":\"BreadcrumbList\",\"@id\":\"https:\\\/\\\/together-for-safety.com\\\/nl\\\/gegevensbescherming\\\/#breadcrumb\",\"itemListElement\":[{\"@type\":\"ListItem\",\"position\":1,\"name\":\"Startseite\",\"item\":\"https:\\\/\\\/together-for-safety.com\\\/nl\\\/\"},{\"@type\":\"ListItem\",\"position\":2,\"name\":\"Gegevensbescherming\"}]},{\"@type\":\"WebSite\",\"@id\":\"https:\\\/\\\/together-for-safety.com\\\/nl\\\/#website\",\"url\":\"https:\\\/\\\/together-for-safety.com\\\/nl\\\/\",\"name\":\"Together for Safety\",\"description\":\"Kampagne zur Arbeitssicherheit von Dyckerhoff\",\"potentialAction\":[{\"@type\":\"SearchAction\",\"target\":{\"@type\":\"EntryPoint\",\"urlTemplate\":\"https:\\\/\\\/together-for-safety.com\\\/nl\\\/?s={search_term_string}\"},\"query-input\":{\"@type\":\"PropertyValueSpecification\",\"valueRequired\":true,\"valueName\":\"search_term_string\"}}],\"inLanguage\":\"nl-NL\"}]}<\/script>\n<!-- \/ Yoast SEO plugin. -->","yoast_head_json":{"title":"Gegevensbescherming - Together for Safety","robots":{"index":"index","follow":"follow","max-snippet":"max-snippet:-1","max-image-preview":"max-image-preview:large","max-video-preview":"max-video-preview:-1"},"canonical":"https:\/\/together-for-safety.com\/nl\/gegevensbescherming\/","og_locale":"nl_NL","og_type":"article","og_title":"Gegevensbescherming - Together for Safety","og_description":"Gegevensbescherming Status: maart 2023 1. toepassingsgebied www.together-for-safety.com Contactverzoeken \/ feedback in het kader van www.together-for-safety.com 2. verantwoordelijkheid Voor de verwerking van persoonsgegevens voor de technische verstrekking van www.together-for-safety.com: Dyckerhoff GmbHBiebricherstraat 6865203 Wiesbaden Tel.: 0611 6760E-mail: info@dyckerhoff.com Het bedrijf waaraan u uw vraag rechtstreeks voorlegt, is verantwoordelijk voor de verwerking van persoonsgegevens voor de afhandeling van [&hellip;]","og_url":"https:\/\/together-for-safety.com\/nl\/gegevensbescherming\/","og_site_name":"Together for Safety","article_modified_time":"2023-04-28T10:23:01+00:00","twitter_card":"summary_large_image","twitter_misc":{"Geschatte leestijd":"5 minuten"},"schema":{"@context":"https:\/\/schema.org","@graph":[{"@type":"WebPage","@id":"https:\/\/together-for-safety.com\/nl\/gegevensbescherming\/","url":"https:\/\/together-for-safety.com\/nl\/gegevensbescherming\/","name":"Gegevensbescherming - Together for Safety","isPartOf":{"@id":"https:\/\/together-for-safety.com\/nl\/#website"},"datePublished":"2023-01-02T19:22:37+00:00","dateModified":"2023-04-28T10:23:01+00:00","breadcrumb":{"@id":"https:\/\/together-for-safety.com\/nl\/gegevensbescherming\/#breadcrumb"},"inLanguage":"nl-NL","potentialAction":[{"@type":"ReadAction","target":["https:\/\/together-for-safety.com\/nl\/gegevensbescherming\/"]}]},{"@type":"BreadcrumbList","@id":"https:\/\/together-for-safety.com\/nl\/gegevensbescherming\/#breadcrumb","itemListElement":[{"@type":"ListItem","position":1,"name":"Startseite","item":"https:\/\/together-for-safety.com\/nl\/"},{"@type":"ListItem","position":2,"name":"Gegevensbescherming"}]},{"@type":"WebSite","@id":"https:\/\/together-for-safety.com\/nl\/#website","url":"https:\/\/together-for-safety.com\/nl\/","name":"Together for Safety","description":"Kampagne zur Arbeitssicherheit von Dyckerhoff","potentialAction":[{"@type":"SearchAction","target":{"@type":"EntryPoint","urlTemplate":"https:\/\/together-for-safety.com\/nl\/?s={search_term_string}"},"query-input":{"@type":"PropertyValueSpecification","valueRequired":true,"valueName":"search_term_string"}}],"inLanguage":"nl-NL"}]}},"_links":{"self":[{"href":"https:\/\/together-for-safety.com\/nl\/wp-json\/wp\/v2\/pages\/638","targetHints":{"allow":["GET"]}}],"collection":[{"href":"https:\/\/together-for-safety.com\/nl\/wp-json\/wp\/v2\/pages"}],"about":[{"href":"https:\/\/together-for-safety.com\/nl\/wp-json\/wp\/v2\/types\/page"}],"author":[{"embeddable":true,"href":"https:\/\/together-for-safety.com\/nl\/wp-json\/wp\/v2\/users\/2"}],"replies":[{"embeddable":true,"href":"https:\/\/together-for-safety.com\/nl\/wp-json\/wp\/v2\/comments?post=638"}],"version-history":[{"count":9,"href":"https:\/\/together-for-safety.com\/nl\/wp-json\/wp\/v2\/pages\/638\/revisions"}],"predecessor-version":[{"id":4447,"href":"https:\/\/together-for-safety.com\/nl\/wp-json\/wp\/v2\/pages\/638\/revisions\/4447"}],"wp:attachment":[{"href":"https:\/\/together-for-safety.com\/nl\/wp-json\/wp\/v2\/media?parent=638"}],"curies":[{"name":"wp","href":"https:\/\/api.w.org\/{rel}","templated":true}]}}