{"id":582,"date":"2022-12-31T10:48:35","date_gmt":"2022-12-31T09:48:35","guid":{"rendered":"https:\/\/together-for-safety.com\/strona-glowna\/"},"modified":"2024-06-27T13:49:51","modified_gmt":"2024-06-27T11:49:51","slug":"strona-glowna","status":"publish","type":"page","link":"https:\/\/together-for-safety.com\/pl\/","title":{"rendered":"Strona g\u0142\u00f3wna"},"content":{"rendered":"<p>[et_pb_section fb_built=&#8221;1&#8243; _builder_version=&#8221;4.19.4&#8243; _module_preset=&#8221;default&#8221; background_color=&#8221;#eaeaea&#8221; custom_margin=&#8221;0px|0px|0px|0px|false|false&#8221; custom_padding=&#8221;0px|0px|0px|0px|false|false&#8221; global_colors_info=&#8221;{}&#8221;][et_pb_row _builder_version=&#8221;4.19.4&#8243; _module_preset=&#8221;default&#8221; background_color=&#8221;RGBA(255,255,255,0)&#8221; width=&#8221;100%&#8221; custom_margin=&#8221;0px||0px||false|false&#8221; custom_padding=&#8221;0px||0px||false|false&#8221; global_colors_info=&#8221;{}&#8221;][et_pb_column type=&#8221;4_4&#8243; _builder_version=&#8221;4.19.4&#8243; _module_preset=&#8221;default&#8221; background_color=&#8221;RGBA(255,255,255,0)&#8221; global_colors_info=&#8221;{}&#8221;][et_pb_slider use_bg_overlay=&#8221;off&#8221; _builder_version=&#8221;4.19.5&#8243; _module_preset=&#8221;default&#8221; header_text_color=&#8221;#1D776E&#8221; header_font_size=&#8221;37px&#8221; body_text_align=&#8221;right&#8221; body_text_color=&#8221;#392152&#8243; body_line_height=&#8221;1.3em&#8221; custom_button=&#8221;on&#8221; button_text_size=&#8221;1px&#8221; button_text_color=&#8221;RGBA(255,255,255,0)&#8221; button_border_width=&#8221;0px&#8221; button_use_icon=&#8221;off&#8221; text_orientation=&#8221;right&#8221; content_width_tablet=&#8221;&#8221; content_width_phone=&#8221;&#8221; content_width_last_edited=&#8221;on|phone&#8221; content_max_width_tablet=&#8221;&#8221; content_max_width_phone=&#8221;&#8221; content_max_width_last_edited=&#8221;on|phone&#8221; height_tablet=&#8221;300px&#8221; height_phone=&#8221;200px&#8221; height_last_edited=&#8221;on|phone&#8221; custom_margin=&#8221;|0px|||false|false&#8221; custom_padding=&#8221;|0px|5%|30%|false|false&#8221; animation_style=&#8221;fade&#8221; auto=&#8221;on&#8221; body_font_size_tablet=&#8221;12px&#8221; body_font_size_phone=&#8221;8px&#8221; body_font_size_last_edited=&#8221;on|tablet&#8221; global_colors_info=&#8221;{}&#8221;][et_pb_slide _builder_version=&#8221;4.19.4&#8243; _module_preset=&#8221;default&#8221; header_level=&#8221;h3&#8243; header_text_color=&#8221;#9D2C87&#8243; header_font_size=&#8221;22px&#8221; body_text_align=&#8221;left&#8221; body_text_color=&#8221;#000000&#8243; background_image=&#8221;https:\/\/together-for-safety.com\/wp-content\/uploads\/2022\/12\/img_zitat_beese.jpg&#8221; background_enable_image=&#8221;on&#8221; text_orientation=&#8221;right&#8221; background_layout=&#8221;light&#8221; global_colors_info=&#8221;{}&#8221; sticky_transition=&#8221;on&#8221;]<\/p>\n<h6 class=\"p1\" style=\"text-align: right;\"><span class=\"s1\">\u00bbDyckerhoff, w zakresie <\/span><span class=\"s1\">bezpiecze\u0144stwa pracy <\/span> <span class=\"s1\">pnie si\u0119 do g\u00f3ry i jest ju\u017c na wysokim poziomie. Widzimy jednak, \u017ce liczba wypadk\u00f3w pracownik\u00f3w naszej firmy, a tak\u017ce pracownik\u00f3w firm zewn\u0119trznych w naszych lokalizacjach w Europie Wschodniej i Zachodniej utrzymuje si\u0119 na pewnym poziomie. Musimy prze\u0142ama\u0107 ten impas\u00ab.<\/span><\/h6>\n<p class=\"p2\" style=\"text-align: right;\"><span class=\"s1\">Dirk Beese, Dyrektor Zarz\u0105dzaj\u0105cy<\/span><\/p>\n<p>[\/et_pb_slide][et_pb_slide _builder_version=&#8221;4.19.4&#8243; _module_preset=&#8221;default&#8221; header_level=&#8221;h3&#8243; header_text_color=&#8221;#FFFFFF&#8221; header_font_size=&#8221;22px&#8221; body_text_align=&#8221;left&#8221; body_text_color=&#8221;#FFFFFF&#8221; background_image=&#8221;https:\/\/together-for-safety.com\/wp-content\/uploads\/2022\/12\/img_zitat_guenther.jpg&#8221; background_enable_image=&#8221;on&#8221; text_orientation=&#8221;right&#8221; width=&#8221;100%&#8221; custom_padding=&#8221;||||false|false&#8221; global_colors_info=&#8221;{}&#8221; sticky_transition=&#8221;on&#8221;]<\/p>\n<h6 class=\"p1\" style=\"text-align: right;\"><span class=\"s1\">\u00bbKampania na rzecz bezpiecze\u0144stwa pracy powinna pom\u00f3c nam w tym, aby\u015bmy zn\u00f3w wi\u0119cej rozmawiali o bezpiecze\u0144stwie pracy i zwi\u0119kszali swoj\u0105 \u015bwiadomo\u015b\u0107\u00ab.<\/span><\/h6>\n<p class=\"p2\" style=\"text-align: right;\"><span class=\"s1\">Dr Thomas G\u00fcnther, dyrektor cementowni Deuna<\/span><\/p>\n<p>[\/et_pb_slide][et_pb_slide _builder_version=&#8221;4.19.4&#8243; _module_preset=&#8221;default&#8221; header_level=&#8221;h3&#8243; header_text_color=&#8221;#9D2C87&#8243; header_font_size=&#8221;22px&#8221; body_text_align=&#8221;left&#8221; body_text_color=&#8221;#000000&#8243; background_image=&#8221;https:\/\/together-for-safety.com\/wp-content\/uploads\/2023\/01\/img_zitat_paolozelano.jpg&#8221; background_enable_image=&#8221;on&#8221; text_orientation=&#8221;right&#8221; background_layout=&#8221;light&#8221; width=&#8221;81%&#8221; max_width=&#8221;100%&#8221; global_colors_info=&#8221;{}&#8221; sticky_transition=&#8221;on&#8221;]<\/p>\n<h6 class=\"p1\" style=\"text-align: right;\"><span class=\"s1\">\u00bbBezpiecze\u0144stwo pracy to temat numer jeden w naszej agendzie \u2013 w ka\u017cdym kraju, w kt\u00f3rym dzia\u0142amy\u00ab.<\/span><\/h6>\n<p class=\"p2\" style=\"text-align: right;\"><span class=\"s1\"> Paolo Zelano, Dyrektor Pionu Biznesowego Europa \u015arodkowa-Wsch\u00f3d <\/span><\/p>\n<p>[\/et_pb_slide][et_pb_slide _builder_version=&#8221;4.19.4&#8243; _module_preset=&#8221;default&#8221; header_level=&#8221;h3&#8243; header_text_color=&#8221;#9D2C87&#8243; header_font_size=&#8221;22px&#8221; body_text_align=&#8221;left&#8221; body_text_color=&#8221;#000000&#8243; background_image=&#8221;https:\/\/together-for-safety.com\/wp-content\/uploads\/2023\/01\/img_zitat_banse.jpg&#8221; background_enable_image=&#8221;on&#8221; text_orientation=&#8221;right&#8221; width=&#8221;81%&#8221; max_width=&#8221;100%&#8221; global_colors_info=&#8221;{}&#8221; sticky_transition=&#8221;on&#8221;]<\/p>\n<h6 class=\"p1\" style=\"text-align: right;\"><span class=\"s1\">&#8222;Cieszymy si\u0119, \u017ce rozpoczynamy jedn\u0105 z najwi\u0119kszych kampanii bezpiecze\u0144stwa pracy w Dyckerhoff. Jest to pierwsza kampania na rzecz bezpiecze\u0144stwa pracy, kt\u00f3ra zosta\u0142a wdro\u017cona w skali mi\u0119dzynarodowej w ka\u017cdym z naszych zak\u0142ad\u00f3w.&#8221;<\/span><\/h6>\n<p class=\"p2\" style=\"text-align: right;\"><span class=\"s1\">  Viktoria Banse, cz\u0142onek Komitetu Steruj\u0105cego Kampanii na rzecz Bezpiecze\u0144stwa Pracy<\/span><\/p>\n<p>[\/et_pb_slide][\/et_pb_slider][\/et_pb_column][\/et_pb_row][\/et_pb_section][et_pb_section fb_built=&#8221;1&#8243; _builder_version=&#8221;4.19.4&#8243; _module_preset=&#8221;default&#8221; global_colors_info=&#8221;{}&#8221;][et_pb_row _builder_version=&#8221;4.19.4&#8243; _module_preset=&#8221;default&#8221; animation_style=&#8221;fade&#8221; global_colors_info=&#8221;{}&#8221;][et_pb_column type=&#8221;4_4&#8243; _builder_version=&#8221;4.19.4&#8243; _module_preset=&#8221;default&#8221; global_colors_info=&#8221;{}&#8221;][et_pb_button button_url=&#8221;@ET-DC@eyJkeW5hbWljIjp0cnVlLCJjb250ZW50IjoicG9zdF9saW5rX3VybF9wYWdlIiwic2V0dGluZ3MiOnsicG9zdF9pZCI6IjI0In19@&#8221; button_text=&#8221;Bezpiecze\u0144stwo pracy w skr\u00f3cie&#8221; button_alignment=&#8221;right&#8221; _builder_version=&#8221;4.19.4&#8243; _dynamic_attributes=&#8221;button_url&#8221; _module_preset=&#8221;default&#8221; global_colors_info=&#8221;{}&#8221;][\/et_pb_button][et_pb_text _builder_version=&#8221;4.19.4&#8243; _module_preset=&#8221;default&#8221; custom_margin=&#8221;||100px||false|false&#8221; global_colors_info=&#8221;{}&#8221;]<\/p>\n<h1><span style=\"color: #392152;\">Razem dla bezpiecze\u0144stwa<\/span><\/h1>\n<h2><span style=\"color: #9d2c87;\">Witamy po bezpiecznej stronie!<\/span><\/h2>\n<p class=\"p1\"><span class=\"s1\">Tutaj znajdziesz informacje na temat bezpiecze\u0144stwa pracy w firmie Dyckerhoff i zwi\u0105zanej z tym kampanii.<\/span><\/p>\n<p>[\/et_pb_text][\/et_pb_column][\/et_pb_row][et_pb_row column_structure=&#8221;1_2,1_2&#8243; _builder_version=&#8221;4.19.4&#8243; _module_preset=&#8221;default&#8221; background_color=&#8221;#eaeaea&#8221; custom_margin=&#8221;40px||0px||false|false&#8221; custom_padding=&#8221;0px||0px||false|false&#8221; animation_style=&#8221;fade&#8221; border_radii=&#8221;on|14px|14px|14px|14px&#8221; border_radii_last_edited=&#8221;off|desktop&#8221; global_colors_info=&#8221;{}&#8221;][et_pb_column type=&#8221;1_2&#8243; _builder_version=&#8221;4.19.4&#8243; _module_preset=&#8221;default&#8221; global_colors_info=&#8221;{}&#8221;][et_pb_text _builder_version=&#8221;4.21.0&#8243; _module_preset=&#8221;default&#8221; custom_margin=&#8221;||||false|false&#8221; custom_padding=&#8221;30px|0px|30px|30px|false|false&#8221; custom_padding_tablet=&#8221;20px|20px|10px|20px|false|false&#8221; custom_padding_phone=&#8221;20px|20px|10px|20px|false|false&#8221; custom_padding_last_edited=&#8221;on|desktop&#8221; border_radii=&#8221;on|14px|14px|14px|14px&#8221; global_colors_info=&#8221;{}&#8221;]<\/p>\n<p class=\"p1\"><span class=\"s1\"><b>KAMPANIA<\/b><\/span><\/p>\n<h6 class=\"p1\"><span class=\"s1\">Razem pracujemy bezpiecznie \u2013 Nasza kampania na rzecz bezpiecze\u0144stwa pracy<\/span><\/h6>\n<p class=\"p1\"><span class=\"s1\">\u201ePopatrz, pomy\u015bl, zr\u00f3b to lepiej\u201d lub \u201ePopatrz, pomy\u015bl, powiedz\u201d: to has\u0142a kampanii bezpiecze\u0144stwa pracy realizowanej przez Dyckerhoff GmbH. Za pomoc\u0105 plakat\u00f3w, baner\u00f3w, upomink\u00f3w i wielu innych materia\u0142\u00f3w chcemy (ponownie) uwra\u017cliwi\u0107 wszystkich pracownik\u00f3w, a tak\u017ce pracownik\u00f3w naszych firm obcych na temat bezpiecze\u0144stwa pracy. Dowiedz si\u0119 wi\u0119cej o celu, procesie i realizacji kampanii w niemieckich i mi\u0119dzynarodowych lokalizacjach Dyckerhoff.<\/span><\/p>\n<p>[\/et_pb_text][\/et_pb_column][et_pb_column type=&#8221;1_2&#8243; _builder_version=&#8221;4.19.4&#8243; _module_preset=&#8221;default&#8221; custom_padding=&#8221;||||false|false&#8221; global_colors_info=&#8221;{}&#8221;][et_pb_image src=&#8221;https:\/\/together-for-safety.com\/wp-content\/uploads\/2023\/07\/Bild-PL-1.jpg&#8221; alt=&#8221;Dyckerhoff Bezpiecze\u0144stwo pracy&#8221; title_text=&#8221;Bild PL&#8221; url=&#8221;@ET-DC@eyJkeW5hbWljIjp0cnVlLCJjb250ZW50IjoicG9zdF9saW5rX3VybF9wYWdlIiwic2V0dGluZ3MiOnsicG9zdF9pZCI6IjI2In19@&#8221; use_overlay=&#8221;on&#8221; overlay_icon_color=&#8221;#4BB8A7&#8243; hover_overlay_color=&#8221;rgba(75,184,167,0.2)&#8221; hover_icon=&#8221;&#xe046;||divi||400&#8243; _builder_version=&#8221;4.21.0&#8243; _dynamic_attributes=&#8221;url&#8221; _module_preset=&#8221;default&#8221; border_radii=&#8221;off||||&#8221; border_radii_tablet=&#8221;off|||14px|14px&#8221; border_radii_phone=&#8221;off|||14px|14px&#8221; border_radii_last_edited=&#8221;on|tablet&#8221; global_colors_info=&#8221;{}&#8221;][\/et_pb_image][\/et_pb_column][\/et_pb_row][et_pb_row column_structure=&#8221;1_2,1_2&#8243; _builder_version=&#8221;4.19.4&#8243; _module_preset=&#8221;default&#8221; background_color=&#8221;#eaeaea&#8221; custom_margin=&#8221;40px||0px||false|false&#8221; custom_padding=&#8221;0px||0px||false|false&#8221; animation_style=&#8221;fade&#8221; border_radii=&#8221;on|14px|14px|14px|14px&#8221; border_radii_last_edited=&#8221;off|desktop&#8221; global_colors_info=&#8221;{}&#8221;][et_pb_column type=&#8221;1_2&#8243; _builder_version=&#8221;4.19.4&#8243; _module_preset=&#8221;default&#8221; global_colors_info=&#8221;{}&#8221;][et_pb_image src=&#8221;https:\/\/together-for-safety.com\/wp-content\/uploads\/2023\/05\/home_teaser_hauptdarsteller.jpg&#8221; alt=&#8221;Firmy partnerskie Dyckerhoff w zakresie bezpiecze\u0144stwa pracy&#8221; title_text=&#8221;home_teaser_hauptdarsteller&#8221; url=&#8221;@ET-DC@eyJkeW5hbWljIjp0cnVlLCJjb250ZW50IjoicG9zdF9saW5rX3VybF9wYWdlIiwic2V0dGluZ3MiOnsicG9zdF9pZCI6IjQ1NTUifX0=@&#8221; use_overlay=&#8221;on&#8221; overlay_icon_color=&#8221;#149AD7&#8243; hover_overlay_color=&#8221;rgba(170,108,15,0.14)&#8221; hover_icon=&#8221;&#xe046;||divi||400&#8243; _builder_version=&#8221;4.21.0&#8243; _dynamic_attributes=&#8221;url&#8221; _module_preset=&#8221;default&#8221; border_radii=&#8221;off|14px|||14px&#8221; border_radii_tablet=&#8221;off|14px|14px||0px&#8221; border_radii_phone=&#8221;off|14px|14px||0px&#8221; border_radii_last_edited=&#8221;on|tablet&#8221; global_colors_info=&#8221;{}&#8221;][\/et_pb_image][\/et_pb_column][et_pb_column type=&#8221;1_2&#8243; _builder_version=&#8221;4.19.4&#8243; _module_preset=&#8221;default&#8221; custom_padding=&#8221;||||false|false&#8221; global_colors_info=&#8221;{}&#8221;][et_pb_text _builder_version=&#8221;4.21.0&#8243; _module_preset=&#8221;default&#8221; custom_margin=&#8221;||||false|false&#8221; custom_padding=&#8221;30px|30px|30px||false|false&#8221; custom_padding_tablet=&#8221;0px|20px|20px|20px|false|false&#8221; custom_padding_phone=&#8221;0px|20px|20px|20px|false|false&#8221; custom_padding_last_edited=&#8221;on|desktop&#8221; border_radii=&#8221;on|14px|14px|14px|14px&#8221; global_colors_info=&#8221;{}&#8221;]<\/p>\n<p class=\"p1\"><strong><span class=\"s1\">NASI G\u0141\u00d3WNI AKTORZY<\/span><\/strong><\/p>\n<h6 class=\"p1\"><span class=\"s1\">Poznaj g\u0142\u00f3wnych aktor\u00f3w kampanii<\/span><\/h6>\n<p class=\"p1\"><span class=\"s1\">Motywy na banerach i plakatach naszej kampanii na rzecz bezpiecze\u0144stwa pracy przedstawiaj\u0105 prawdziwych koleg\u00f3w w sytuacjach zwi\u0105zanych z bezpiecze\u0144stwem. Mo\u017cesz dowiedzie\u0107 si\u0119, co robi\u0105 poza prac\u0105 jako modelki kampanii faktycznie tutaj.<\/span><\/p>\n<p>[\/et_pb_text][\/et_pb_column][\/et_pb_row][et_pb_row column_structure=&#8221;1_2,1_2&#8243; _builder_version=&#8221;4.19.4&#8243; _module_preset=&#8221;default&#8221; background_color=&#8221;#eaeaea&#8221; custom_margin=&#8221;40px||0px||false|false&#8221; custom_padding=&#8221;0px||0px||false|false&#8221; animation_style=&#8221;fade&#8221; border_radii=&#8221;on|14px|14px|14px|14px&#8221; border_radii_last_edited=&#8221;off|desktop&#8221; global_colors_info=&#8221;{}&#8221;][et_pb_column type=&#8221;1_2&#8243; _builder_version=&#8221;4.19.4&#8243; _module_preset=&#8221;default&#8221; global_colors_info=&#8221;{}&#8221;][et_pb_text _builder_version=&#8221;4.21.0&#8243; _module_preset=&#8221;default&#8221; custom_margin=&#8221;||||false|false&#8221; custom_margin_tablet=&#8221;||||false|false&#8221; custom_margin_phone=&#8221;||||false|false&#8221; custom_margin_last_edited=&#8221;on|tablet&#8221; custom_padding=&#8221;30px|10px|30px|30px|false|false&#8221; custom_padding_tablet=&#8221;20px|20px|0px|20px|false|false&#8221; custom_padding_phone=&#8221;0px|20px|20px|20px|false|false&#8221; custom_padding_last_edited=&#8221;on|tablet&#8221; border_radii=&#8221;on|14px|14px|14px|14px&#8221; global_colors_info=&#8221;{}&#8221;]<\/p>\n<p class=\"p1\"><span class=\"s1\"><b>DLA NASZYCH FIRM PARTNERSKICH<\/b><\/span><\/p>\n<h6 class=\"p1\"><span class=\"s1\">Niezawodny partner r\u00f3wnie\u017c w kwestiach bezpiecze\u0144stwa <\/span><\/h6>\n<p class=\"p1\"><span class=\"s1\">Pracownicy z firm obcych s\u0105 integraln\u0105 cz\u0119\u015bci\u0105 naszego zespo\u0142u. Dlatego te\u017c podwykonawcy s\u0105 cz\u0119\u015bci\u0105 naszej kampanii, a tak\u017ce maj\u0105 \u015bcis\u0142y udzia\u0142 w kwestiach dotycz\u0105cych bezpiecze\u0144stwa pracy. <\/span><\/p>\n<p>[\/et_pb_text][\/et_pb_column][et_pb_column type=&#8221;1_2&#8243; _builder_version=&#8221;4.21.0&#8243; _module_preset=&#8221;default&#8221; global_colors_info=&#8221;{}&#8221;][et_pb_image src=&#8221;https:\/\/together-for-safety.com\/wp-content\/uploads\/2023\/07\/Bild-CZ.jpg&#8221; alt=&#8221;Firmy partnerskie Dyckerhoff w zakresie bezpiecze\u0144stwa pracy&#8221; title_text=&#8221;Bild CZ&#8221; url=&#8221;@ET-DC@eyJkeW5hbWljIjp0cnVlLCJjb250ZW50IjoicG9zdF9saW5rX3VybF9wYWdlIiwic2V0dGluZ3MiOnsicG9zdF9pZCI6IjMxIn19@&#8221; use_overlay=&#8221;on&#8221; overlay_icon_color=&#8221;#149AD7&#8243; hover_overlay_color=&#8221;rgba(20,154,215,0.21)&#8221; hover_icon=&#8221;&#xe046;||divi||400&#8243; _builder_version=&#8221;4.21.0&#8243; _dynamic_attributes=&#8221;url&#8221; _module_preset=&#8221;default&#8221; custom_padding_tablet=&#8221;&#8221; custom_padding_phone=&#8221;&#8221; custom_padding_last_edited=&#8221;on|desktop&#8221; border_radii=&#8221;off||14px|14px|&#8221; border_radii_tablet=&#8221;off|0px|0px||14px&#8221; border_radii_phone=&#8221;off|0px||14px|14px&#8221; border_radii_last_edited=&#8221;on|tablet&#8221; global_colors_info=&#8221;{}&#8221;][\/et_pb_image][\/et_pb_column][\/et_pb_row][et_pb_row column_structure=&#8221;1_2,1_2&#8243; _builder_version=&#8221;4.19.4&#8243; _module_preset=&#8221;default&#8221; background_color=&#8221;#eaeaea&#8221; custom_margin=&#8221;40px||0px||false|false&#8221; custom_padding=&#8221;0px||0px||false|false&#8221; animation_style=&#8221;fade&#8221; border_radii=&#8221;on|14px|14px|14px|14px&#8221; border_radii_last_edited=&#8221;off|desktop&#8221; global_colors_info=&#8221;{}&#8221;][et_pb_column type=&#8221;1_2&#8243; _builder_version=&#8221;4.19.4&#8243; _module_preset=&#8221;default&#8221; global_colors_info=&#8221;{}&#8221;][et_pb_image src=&#8221;https:\/\/together-for-safety.com\/wp-content\/uploads\/2023\/01\/home_ap.jpg&#8221; alt=&#8221;Dyckerhoff Bezpiecze\u0144stwo pracy&#8221; title_text=&#8221;Kontakt&#8221; url=&#8221;@ET-DC@eyJkeW5hbWljIjp0cnVlLCJjb250ZW50IjoicG9zdF9saW5rX3VybF9wYWdlIiwic2V0dGluZ3MiOnsicG9zdF9pZCI6IjIyMSJ9fQ==@&#8221; use_overlay=&#8221;on&#8221; overlay_icon_color=&#8221;#4BB8A7&#8243; hover_overlay_color=&#8221;rgba(7,183,157,0.4)&#8221; hover_icon=&#8221;&#xe046;||divi||400&#8243; _builder_version=&#8221;4.21.0&#8243; _dynamic_attributes=&#8221;url&#8221; _module_preset=&#8221;default&#8221; border_radii=&#8221;off||||&#8221; border_radii_tablet=&#8221;off||||&#8221; border_radii_phone=&#8221;off||||&#8221; border_radii_last_edited=&#8221;on|desktop&#8221; global_colors_info=&#8221;{}&#8221;][\/et_pb_image][\/et_pb_column][et_pb_column type=&#8221;1_2&#8243; _builder_version=&#8221;4.19.4&#8243; _module_preset=&#8221;default&#8221; custom_padding=&#8221;||||false|false&#8221; global_colors_info=&#8221;{}&#8221;][et_pb_text _builder_version=&#8221;4.21.0&#8243; _module_preset=&#8221;default&#8221; custom_margin=&#8221;||||false|false&#8221; custom_margin_tablet=&#8221;||||false|false&#8221; custom_margin_phone=&#8221;||||false|false&#8221; custom_margin_last_edited=&#8221;on|tablet&#8221; custom_padding=&#8221;30px|30px|30px||false|false&#8221; custom_padding_tablet=&#8221;0px|20px|20px|20px|false|false&#8221; custom_padding_phone=&#8221;20px|20px|10px|20px|false|false&#8221; custom_padding_last_edited=&#8221;on|phone&#8221; border_radii=&#8221;on|14px|14px|14px|14px&#8221; global_colors_info=&#8221;{}&#8221;]<\/p>\n<p class=\"p1\"><span class=\"s1\"><b>KONTAKT<\/b><\/span><\/p>\n<h6 class=\"p1\"><span class=\"s1\">Masz pytania? <\/span><\/h6>\n<h6 class=\"p1\"><span class=\"s1\">Skontaktuj si\u0119 z nami!<\/span><\/h6>\n<p class=\"p1\"><span class=\"s1\">Lista os\u00f3b do kontaktu:. <\/span><span class=\"s1\">Viktoria Banse, Uwe Lawatsch (oboje Cement Niemcy), J\u00f6rg Wild (Beton Europa Wschodnia), Thomas Lutter (Cement Niemcy), Johann Nieschwietz (Cement Europa Wschodnia), Katja G\u00e4rtner (Komunikacja i Marketing), <\/span><span class=\"s1\">Sebastian Schrankel (Beton Niemcy), Rens de Jong (Beton Holanida), Markus Irouschek (Beton Niemcy) <\/span><\/p>\n<p>[\/et_pb_text][\/et_pb_column][\/et_pb_row][\/et_pb_section][et_pb_section fb_built=&#8221;1&#8243; fullwidth=&#8221;on&#8221; _builder_version=&#8221;4.19.4&#8243; _module_preset=&#8221;default&#8221; global_colors_info=&#8221;{}&#8221;][\/et_pb_section]<\/p>\n","protected":false},"excerpt":{"rendered":"<p>\u00bbDyckerhoff, w zakresie bezpiecze\u0144stwa pracy pnie si\u0119 do g\u00f3ry i jest ju\u017c na wysokim poziomie. Widzimy jednak, \u017ce liczba wypadk\u00f3w pracownik\u00f3w naszej firmy, a tak\u017ce pracownik\u00f3w firm zewn\u0119trznych w naszych lokalizacjach w Europie Wschodniej i Zachodniej utrzymuje si\u0119 na pewnym poziomie. Musimy prze\u0142ama\u0107 ten impas\u00ab. Dirk Beese, Dyrektor Zarz\u0105dzaj\u0105cy\u00bbKampania na rzecz bezpiecze\u0144stwa pracy powinna pom\u00f3c [&hellip;]<\/p>\n","protected":false},"author":2,"featured_media":0,"parent":0,"menu_order":0,"comment_status":"closed","ping_status":"closed","template":"","meta":{"_et_pb_use_builder":"on","_et_pb_old_content":"","_et_gb_content_width":"","_themeisle_gutenberg_block_has_review":false,"footnotes":""},"class_list":["post-582","page","type-page","status-publish","hentry"],"yoast_head":"<!-- This site is optimized with the Yoast SEO plugin v27.4 - https:\/\/yoast.com\/product\/yoast-seo-wordpress\/ -->\n<title>Strona g\u0142\u00f3wna - Together for Safety<\/title>\n<meta name=\"robots\" content=\"index, follow, max-snippet:-1, max-image-preview:large, max-video-preview:-1\" \/>\n<link rel=\"canonical\" href=\"https:\/\/together-for-safety.com\/pl\/\" \/>\n<meta property=\"og:locale\" content=\"pl_PL\" \/>\n<meta property=\"og:type\" content=\"article\" \/>\n<meta property=\"og:title\" content=\"Strona g\u0142\u00f3wna - Together for Safety\" \/>\n<meta property=\"og:description\" content=\"\u00bbDyckerhoff, w zakresie bezpiecze\u0144stwa pracy pnie si\u0119 do g\u00f3ry i jest ju\u017c na wysokim poziomie. Widzimy jednak, \u017ce liczba wypadk\u00f3w pracownik\u00f3w naszej firmy, a tak\u017ce pracownik\u00f3w firm zewn\u0119trznych w naszych lokalizacjach w Europie Wschodniej i Zachodniej utrzymuje si\u0119 na pewnym poziomie. Musimy prze\u0142ama\u0107 ten impas\u00ab. Dirk Beese, Dyrektor Zarz\u0105dzaj\u0105cy\u00bbKampania na rzecz bezpiecze\u0144stwa pracy powinna pom\u00f3c [&hellip;]\" \/>\n<meta property=\"og:url\" content=\"https:\/\/together-for-safety.com\/pl\/\" \/>\n<meta property=\"og:site_name\" content=\"Together for Safety\" \/>\n<meta property=\"article:modified_time\" content=\"2024-06-27T11:49:51+00:00\" \/>\n<meta name=\"twitter:card\" content=\"summary_large_image\" \/>\n<meta name=\"twitter:label1\" content=\"Szacowany czas czytania\" \/>\n\t<meta name=\"twitter:data1\" content=\"10 minut\" \/>\n<script type=\"application\/ld+json\" class=\"yoast-schema-graph\">{\"@context\":\"https:\\\/\\\/schema.org\",\"@graph\":[{\"@type\":\"WebPage\",\"@id\":\"https:\\\/\\\/together-for-safety.com\\\/pl\\\/\",\"url\":\"https:\\\/\\\/together-for-safety.com\\\/pl\\\/\",\"name\":\"Strona g\u0142\u00f3wna - Together for Safety\",\"isPartOf\":{\"@id\":\"https:\\\/\\\/together-for-safety.com\\\/pl\\\/#website\"},\"datePublished\":\"2022-12-31T09:48:35+00:00\",\"dateModified\":\"2024-06-27T11:49:51+00:00\",\"breadcrumb\":{\"@id\":\"https:\\\/\\\/together-for-safety.com\\\/pl\\\/#breadcrumb\"},\"inLanguage\":\"pl-PL\",\"potentialAction\":[{\"@type\":\"ReadAction\",\"target\":[\"https:\\\/\\\/together-for-safety.com\\\/pl\\\/\"]}]},{\"@type\":\"BreadcrumbList\",\"@id\":\"https:\\\/\\\/together-for-safety.com\\\/pl\\\/#breadcrumb\",\"itemListElement\":[{\"@type\":\"ListItem\",\"position\":1,\"name\":\"Startseite\",\"item\":\"https:\\\/\\\/together-for-safety.com\\\/pl\\\/\"},{\"@type\":\"ListItem\",\"position\":2,\"name\":\"Strona g\u0142\u00f3wna\"}]},{\"@type\":\"WebSite\",\"@id\":\"https:\\\/\\\/together-for-safety.com\\\/pl\\\/#website\",\"url\":\"https:\\\/\\\/together-for-safety.com\\\/pl\\\/\",\"name\":\"Together for Safety\",\"description\":\"Kampagne zur Arbeitssicherheit von Dyckerhoff\",\"potentialAction\":[{\"@type\":\"SearchAction\",\"target\":{\"@type\":\"EntryPoint\",\"urlTemplate\":\"https:\\\/\\\/together-for-safety.com\\\/pl\\\/?s={search_term_string}\"},\"query-input\":{\"@type\":\"PropertyValueSpecification\",\"valueRequired\":true,\"valueName\":\"search_term_string\"}}],\"inLanguage\":\"pl-PL\"}]}<\/script>\n<!-- \/ Yoast SEO plugin. -->","yoast_head_json":{"title":"Strona g\u0142\u00f3wna - Together for Safety","robots":{"index":"index","follow":"follow","max-snippet":"max-snippet:-1","max-image-preview":"max-image-preview:large","max-video-preview":"max-video-preview:-1"},"canonical":"https:\/\/together-for-safety.com\/pl\/","og_locale":"pl_PL","og_type":"article","og_title":"Strona g\u0142\u00f3wna - Together for Safety","og_description":"\u00bbDyckerhoff, w zakresie bezpiecze\u0144stwa pracy pnie si\u0119 do g\u00f3ry i jest ju\u017c na wysokim poziomie. Widzimy jednak, \u017ce liczba wypadk\u00f3w pracownik\u00f3w naszej firmy, a tak\u017ce pracownik\u00f3w firm zewn\u0119trznych w naszych lokalizacjach w Europie Wschodniej i Zachodniej utrzymuje si\u0119 na pewnym poziomie. Musimy prze\u0142ama\u0107 ten impas\u00ab. Dirk Beese, Dyrektor Zarz\u0105dzaj\u0105cy\u00bbKampania na rzecz bezpiecze\u0144stwa pracy powinna pom\u00f3c [&hellip;]","og_url":"https:\/\/together-for-safety.com\/pl\/","og_site_name":"Together for Safety","article_modified_time":"2024-06-27T11:49:51+00:00","twitter_card":"summary_large_image","twitter_misc":{"Szacowany czas czytania":"10 minut"},"schema":{"@context":"https:\/\/schema.org","@graph":[{"@type":"WebPage","@id":"https:\/\/together-for-safety.com\/pl\/","url":"https:\/\/together-for-safety.com\/pl\/","name":"Strona g\u0142\u00f3wna - Together for Safety","isPartOf":{"@id":"https:\/\/together-for-safety.com\/pl\/#website"},"datePublished":"2022-12-31T09:48:35+00:00","dateModified":"2024-06-27T11:49:51+00:00","breadcrumb":{"@id":"https:\/\/together-for-safety.com\/pl\/#breadcrumb"},"inLanguage":"pl-PL","potentialAction":[{"@type":"ReadAction","target":["https:\/\/together-for-safety.com\/pl\/"]}]},{"@type":"BreadcrumbList","@id":"https:\/\/together-for-safety.com\/pl\/#breadcrumb","itemListElement":[{"@type":"ListItem","position":1,"name":"Startseite","item":"https:\/\/together-for-safety.com\/pl\/"},{"@type":"ListItem","position":2,"name":"Strona g\u0142\u00f3wna"}]},{"@type":"WebSite","@id":"https:\/\/together-for-safety.com\/pl\/#website","url":"https:\/\/together-for-safety.com\/pl\/","name":"Together for Safety","description":"Kampagne zur Arbeitssicherheit von Dyckerhoff","potentialAction":[{"@type":"SearchAction","target":{"@type":"EntryPoint","urlTemplate":"https:\/\/together-for-safety.com\/pl\/?s={search_term_string}"},"query-input":{"@type":"PropertyValueSpecification","valueRequired":true,"valueName":"search_term_string"}}],"inLanguage":"pl-PL"}]}},"_links":{"self":[{"href":"https:\/\/together-for-safety.com\/pl\/wp-json\/wp\/v2\/pages\/582","targetHints":{"allow":["GET"]}}],"collection":[{"href":"https:\/\/together-for-safety.com\/pl\/wp-json\/wp\/v2\/pages"}],"about":[{"href":"https:\/\/together-for-safety.com\/pl\/wp-json\/wp\/v2\/types\/page"}],"author":[{"embeddable":true,"href":"https:\/\/together-for-safety.com\/pl\/wp-json\/wp\/v2\/users\/2"}],"replies":[{"embeddable":true,"href":"https:\/\/together-for-safety.com\/pl\/wp-json\/wp\/v2\/comments?post=582"}],"version-history":[{"count":83,"href":"https:\/\/together-for-safety.com\/pl\/wp-json\/wp\/v2\/pages\/582\/revisions"}],"predecessor-version":[{"id":7238,"href":"https:\/\/together-for-safety.com\/pl\/wp-json\/wp\/v2\/pages\/582\/revisions\/7238"}],"wp:attachment":[{"href":"https:\/\/together-for-safety.com\/pl\/wp-json\/wp\/v2\/media?parent=582"}],"curies":[{"name":"wp","href":"https:\/\/api.w.org\/{rel}","templated":true}]}}