{"id":608,"date":"2022-12-31T11:00:10","date_gmt":"2022-12-31T10:00:10","guid":{"rendered":"https:\/\/together-for-safety.com\/informacje-dla-firm-partnerskich\/"},"modified":"2023-07-27T14:32:53","modified_gmt":"2023-07-27T12:32:53","slug":"informacje-dla-firm-partnerskich","status":"publish","type":"page","link":"https:\/\/together-for-safety.com\/pl\/informacje-dla-firm-partnerskich\/","title":{"rendered":"Informacje dla firm partnerskich"},"content":{"rendered":"<p>[et_pb_section fb_built=&#8221;1&#8243; _builder_version=&#8221;4.19.4&#8243; _module_preset=&#8221;default&#8221; background_color=&#8221;#eaeaea&#8221; custom_margin=&#8221;0px|0px|0px|0px|false|false&#8221; custom_padding=&#8221;0px|0px|0px|0px|false|false&#8221; animation_style=&#8221;fade&#8221; global_colors_info=&#8221;{}&#8221;][et_pb_row _builder_version=&#8221;4.19.4&#8243; _module_preset=&#8221;default&#8221; background_color=&#8221;RGBA(255,255,255,0)&#8221; width=&#8221;100%&#8221; custom_margin=&#8221;0px||0px||false|false&#8221; custom_padding=&#8221;0px||0px||false|false&#8221; global_colors_info=&#8221;{}&#8221;][et_pb_column type=&#8221;4_4&#8243; _builder_version=&#8221;4.19.4&#8243; _module_preset=&#8221;default&#8221; background_color=&#8221;RGBA(255,255,255,0)&#8221; global_colors_info=&#8221;{}&#8221;][et_pb_image src=&#8221;https:\/\/together-for-safety.com\/wp-content\/uploads\/2023\/07\/Bild-CZ-schmal.jpg&#8221; alt=&#8221;Firmy partnerskie Dyckerhoffa w zakresie bezpiecze\u0144stwa pracy&#8221; title_text=&#8221;Bild CZ schmal&#8221; _builder_version=&#8221;4.21.0&#8243; _module_preset=&#8221;default&#8221; hover_enabled=&#8221;0&#8243; global_colors_info=&#8221;{}&#8221; sticky_enabled=&#8221;0&#8243;][\/et_pb_image][\/et_pb_column][\/et_pb_row][\/et_pb_section][et_pb_section fb_built=&#8221;1&#8243; _builder_version=&#8221;4.19.4&#8243; _module_preset=&#8221;default&#8221; global_colors_info=&#8221;{}&#8221;][et_pb_row _builder_version=&#8221;4.19.4&#8243; _module_preset=&#8221;default&#8221; custom_padding=&#8221;0px||||false|false&#8221; animation_style=&#8221;fade&#8221; global_colors_info=&#8221;{}&#8221;][et_pb_column type=&#8221;4_4&#8243; _builder_version=&#8221;4.19.4&#8243; _module_preset=&#8221;default&#8221; global_colors_info=&#8221;{}&#8221;][et_pb_text _builder_version=&#8221;4.19.5&#8243; _module_preset=&#8221;default&#8221; custom_margin=&#8221;||60px||false|false&#8221; animation_style=&#8221;fade&#8221; global_colors_info=&#8221;{}&#8221;]<\/p>\n<h1 class=\"p1\"><span class=\"s1\" style=\"color: #392152;\">Partner w bezpiecze\u0144stwie<br \/><\/span><\/h1>\n<h2 class=\"p1\"><span class=\"s1\" style=\"color: #9d2c87;\">  Informacje dla naszych kontrahent\u00f3w  <\/span><\/h2>\n<p>[\/et_pb_text][et_pb_text _builder_version=&#8221;4.19.5&#8243; _module_preset=&#8221;default&#8221; animation_style=&#8221;fade&#8221; global_colors_info=&#8221;{}&#8221; custom_css_before_last_edited=&#8221;on|desktop&#8221;]<\/p>\n<p class=\"p1\"><span class=\"s1\">Dla nas bezpiecze\u0144stwo pracy nie ko\u0144czy si\u0119 na zobowi\u0105zaniu wobec w\u0142asnych pracownik\u00f3w. Wp\u0142ywamy r\u00f3wnie\u017c na naszych dostawc\u00f3w i kontrahent\u00f3w, aby promowa\u0107 bezpieczn\u0105 prac\u0119 r\u00f3wnie\u017c w\u015br\u00f3d wykonawc\u00f3w. Dlatego pracownicy naszych kontrahent\u00f3w s\u0105 r\u00f3wnie\u017c wa\u017cn\u0105 grup\u0105 docelow\u0105 kampanii bezpiecze\u0144stwa pracy i s\u0105 przez nas postrzegani jako jej naturalny element. Zar\u00f3wno oni, jak i ka\u017cdy pracownik Dyckerhoff powinni czu\u0107 si\u0119 adresatami tre\u015bci zwi\u0105zanych z bezpiecze\u0144stwem, kt\u00f3re uwidaczniamy na terenie przedsi\u0119biorstwa za pomoc\u0105 plakat\u00f3w, baner\u00f3w i innych materia\u0142\u00f3w. Ponadto, w szczeg\u00f3lno\u015bci firmy dzia\u0142aj\u0105ce na terenie naszej firmy s\u0105 umownie zobowi\u0105zane do przestrzegania naszych standard\u00f3w bezpiecze\u0144stwa pracy i zwi\u0105zanych z nimi \u015brodk\u00f3w.  <\/span><\/p>\n<p class=\"p1\"><span class=\"s1\">Aby zapewni\u0107 pracownikom naszych kontrahent\u00f3w mo\u017cliwie najlepsze informacje, zebrali\u015bmy tutaj wszystkie dokumenty dotycz\u0105ce bezpiecze\u0144stwa.  <\/span><\/p>\n<p>[\/et_pb_text][et_pb_text _builder_version=&#8221;4.19.5&#8243; _module_preset=&#8221;default&#8221; custom_margin=&#8221;80px||0px||false|false&#8221; animation_style=&#8221;fade&#8221; global_colors_info=&#8221;{}&#8221;]<\/p>\n<h2 class=\"p1\"><span class=\"s1\" style=\"color: #9d2c87;\"> Ulotki dla firm zewn\u0119trznych<\/span><\/h2>\n<p>[\/et_pb_text][et_pb_text _builder_version=&#8221;4.19.5&#8243; _module_preset=&#8221;default&#8221; custom_margin=&#8221;20px||0px||false|false&#8221; custom_padding=&#8221;||||false|false&#8221; global_colors_info=&#8221;{}&#8221;]<\/p>\n<p class=\"p1\"><span class=\"s1\">Karty informacyjne dla firm zewn\u0119trznych s\u0105 dost\u0119pne do pobrania poni\u017cej.<\/span><\/p>\n<p class=\"p1\">[\/et_pb_text][\/et_pb_column][\/et_pb_row][et_pb_row column_structure=&#8221;1_3,2_3&#8243; custom_padding_last_edited=&#8221;on|desktop&#8221; _builder_version=&#8221;4.19.5&#8243; _module_preset=&#8221;default&#8221; background_color=&#8221;#eaeaea&#8221; custom_padding=&#8221;||||false|false&#8221; custom_padding_tablet=&#8221;|20px||20px|false|false&#8221; custom_padding_phone=&#8221;|20px||20px|false|false&#8221; animation_style=&#8221;fade&#8221; border_radii=&#8221;on|20px|20px|20px|20px&#8221; global_colors_info=&#8221;{}&#8221;][et_pb_column type=&#8221;1_3&#8243; _builder_version=&#8221;4.19.5&#8243; _module_preset=&#8221;default&#8221; global_colors_info=&#8221;{}&#8221;][et_pb_icon font_icon=&#8221;&#xf1c1;||fa||400&#8243; icon_color=&#8221;#cc3942&#8243; icon_width=&#8221;68px&#8221; _builder_version=&#8221;4.19.5&#8243; _module_preset=&#8221;default&#8221; global_colors_info=&#8221;{}&#8221;][\/et_pb_icon][\/et_pb_column][et_pb_column type=&#8221;2_3&#8243; _builder_version=&#8221;4.19.5&#8243; _module_preset=&#8221;default&#8221; global_colors_info=&#8221;{}&#8221;][et_pb_text _builder_version=&#8221;4.20.4&#8243; _module_preset=&#8221;default&#8221; global_colors_info=&#8221;{}&#8221;]<\/p>\n<p><a href=\"https:\/\/together-for-safety.com\/wp-content\/uploads\/2023\/04\/I_Zasady-funkcjonowania-firm-obcych.pdf\" rel=\"attachment wp-att-3899\">I_Zasady funkcjonowania firm obcych<\/a><a href=\"https:\/\/together-for-safety.com\/wp-content\/uploads\/2023\/02\/160a_AnhangAMerkblatt_Fremdfirmen_DE.pdf\" target=\"_blank\" rel=\"noopener\"><\/a>\u00a0(PDF, 220 KB)<\/p>\n<p><a href=\"https:\/\/together-for-safety.com\/wp-content\/uploads\/2023\/02\/160a_AnhangAMerkblatt_Fremdfirmen-EN.pdf\"><\/a><a href=\"https:\/\/together-for-safety.com\/wp-content\/uploads\/2023\/04\/Ulotka-beton.pdf\" rel=\"attachment wp-att-3906\">Ulotka beton<\/a><a href=\"https:\/\/together-for-safety.com\/wp-content\/uploads\/2023\/02\/160a_AnhangAMerkblatt_Fremdfirmen-EN.pdf\"><\/a> (PDF, 150 KB)<\/p>\n<p>[\/et_pb_text][\/et_pb_column][\/et_pb_row][et_pb_row _builder_version=&#8221;4.19.4&#8243; _module_preset=&#8221;default&#8221; global_colors_info=&#8221;{}&#8221;][et_pb_column type=&#8221;4_4&#8243; _builder_version=&#8221;4.19.4&#8243; _module_preset=&#8221;default&#8221; global_colors_info=&#8221;{}&#8221;][et_pb_text _builder_version=&#8221;4.19.5&#8243; _module_preset=&#8221;default&#8221; custom_margin=&#8221;80px||0px||false|false&#8221; animation_style=&#8221;fade&#8221; global_colors_info=&#8221;{}&#8221;]<\/p>\n<h2 class=\"p1\"><span class=\"s1\" style=\"color: #9d2c87;\"> Kontakt<\/span><\/h2>\n<p>[\/et_pb_text][et_pb_text _builder_version=&#8221;4.19.5&#8243; _module_preset=&#8221;default&#8221; animation_style=&#8221;fade&#8221; global_colors_info=&#8221;{}&#8221;]<\/p>\n<p class=\"p1\"><span class=\"s1\">W przypadku pyta\u0144 dotycz\u0105cych bezpiecze\u0144stwa i higieny pracy w firmie Dyckerhoff prosimy o kontakt:<\/span><span class=\"s1\"><a href=\"mailto:gabriele.woska@dyckerhoff.com\"><\/a><\/span><\/p>\n<p>[\/et_pb_text][\/et_pb_column][\/et_pb_row][et_pb_row column_structure=&#8221;1_2,1_2&#8243; _builder_version=&#8221;4.19.5&#8243; _module_preset=&#8221;default&#8221; global_colors_info=&#8221;{}&#8221;][et_pb_column type=&#8221;1_2&#8243; _builder_version=&#8221;4.19.5&#8243; _module_preset=&#8221;default&#8221; global_colors_info=&#8221;{}&#8221;][et_pb_text _builder_version=&#8221;4.20.0&#8243; _module_preset=&#8221;default&#8221; animation_style=&#8221;fade&#8221; global_colors_info=&#8221;{}&#8221;]<\/p>\n<p class=\"p1\"><span class=\"s1\"><b>Dyckerhoff Polska<\/b><\/span><\/p>\n<p class=\"p1\"><span class=\"s1\">Jacek Starula<b><br \/><\/b>Telefon: +48 41 346-6561<br \/>E-mail: <a href=\"mailto:jacek.starula@dyckerhoff.com\">Jacek.starula@dyckerhoff.com<\/a><\/span><\/p>\n<p class=\"p1\">[\/et_pb_text][\/et_pb_column][et_pb_column type=&#8221;1_2&#8243; _builder_version=&#8221;4.19.5&#8243; _module_preset=&#8221;default&#8221; global_colors_info=&#8221;{}&#8221;][et_pb_text _builder_version=&#8221;4.20.0&#8243; _module_preset=&#8221;default&#8221; animation_style=&#8221;fade&#8221; global_colors_info=&#8221;{}&#8221;][\/et_pb_text][\/et_pb_column][\/et_pb_row][\/et_pb_section]<\/p>\n","protected":false},"excerpt":{"rendered":"<p>Partner w bezpiecze\u0144stwie Informacje dla naszych kontrahent\u00f3w Dla nas bezpiecze\u0144stwo pracy nie ko\u0144czy si\u0119 na zobowi\u0105zaniu wobec w\u0142asnych pracownik\u00f3w. Wp\u0142ywamy r\u00f3wnie\u017c na naszych dostawc\u00f3w i kontrahent\u00f3w, aby promowa\u0107 bezpieczn\u0105 prac\u0119 r\u00f3wnie\u017c w\u015br\u00f3d wykonawc\u00f3w. Dlatego pracownicy naszych kontrahent\u00f3w s\u0105 r\u00f3wnie\u017c wa\u017cn\u0105 grup\u0105 docelow\u0105 kampanii bezpiecze\u0144stwa pracy i s\u0105 przez nas postrzegani jako jej naturalny element. Zar\u00f3wno [&hellip;]<\/p>\n","protected":false},"author":2,"featured_media":0,"parent":0,"menu_order":0,"comment_status":"closed","ping_status":"closed","template":"","meta":{"_et_pb_use_builder":"on","_et_pb_old_content":"","_et_gb_content_width":"","_themeisle_gutenberg_block_has_review":false,"footnotes":""},"class_list":["post-608","page","type-page","status-publish","hentry"],"yoast_head":"<!-- This site is optimized with the Yoast SEO plugin v27.4 - https:\/\/yoast.com\/product\/yoast-seo-wordpress\/ -->\n<title>Informacje dla firm partnerskich - Together for Safety<\/title>\n<meta name=\"robots\" content=\"index, follow, max-snippet:-1, max-image-preview:large, max-video-preview:-1\" \/>\n<link rel=\"canonical\" href=\"https:\/\/together-for-safety.com\/pl\/informacje-dla-firm-partnerskich\/\" \/>\n<meta property=\"og:locale\" content=\"pl_PL\" \/>\n<meta property=\"og:type\" content=\"article\" \/>\n<meta property=\"og:title\" content=\"Informacje dla firm partnerskich - Together for Safety\" \/>\n<meta property=\"og:description\" content=\"Partner w bezpiecze\u0144stwie Informacje dla naszych kontrahent\u00f3w Dla nas bezpiecze\u0144stwo pracy nie ko\u0144czy si\u0119 na zobowi\u0105zaniu wobec w\u0142asnych pracownik\u00f3w. Wp\u0142ywamy r\u00f3wnie\u017c na naszych dostawc\u00f3w i kontrahent\u00f3w, aby promowa\u0107 bezpieczn\u0105 prac\u0119 r\u00f3wnie\u017c w\u015br\u00f3d wykonawc\u00f3w. Dlatego pracownicy naszych kontrahent\u00f3w s\u0105 r\u00f3wnie\u017c wa\u017cn\u0105 grup\u0105 docelow\u0105 kampanii bezpiecze\u0144stwa pracy i s\u0105 przez nas postrzegani jako jej naturalny element. Zar\u00f3wno [&hellip;]\" \/>\n<meta property=\"og:url\" content=\"https:\/\/together-for-safety.com\/pl\/informacje-dla-firm-partnerskich\/\" \/>\n<meta property=\"og:site_name\" content=\"Together for Safety\" \/>\n<meta property=\"article:modified_time\" content=\"2023-07-27T12:32:53+00:00\" \/>\n<meta name=\"twitter:card\" content=\"summary_large_image\" \/>\n<meta name=\"twitter:label1\" content=\"Szacowany czas czytania\" \/>\n\t<meta name=\"twitter:data1\" content=\"4 minuty\" \/>\n<script type=\"application\/ld+json\" class=\"yoast-schema-graph\">{\"@context\":\"https:\\\/\\\/schema.org\",\"@graph\":[{\"@type\":\"WebPage\",\"@id\":\"https:\\\/\\\/together-for-safety.com\\\/pl\\\/informacje-dla-firm-partnerskich\\\/\",\"url\":\"https:\\\/\\\/together-for-safety.com\\\/pl\\\/informacje-dla-firm-partnerskich\\\/\",\"name\":\"Informacje dla firm partnerskich - Together for Safety\",\"isPartOf\":{\"@id\":\"https:\\\/\\\/together-for-safety.com\\\/pl\\\/#website\"},\"datePublished\":\"2022-12-31T10:00:10+00:00\",\"dateModified\":\"2023-07-27T12:32:53+00:00\",\"breadcrumb\":{\"@id\":\"https:\\\/\\\/together-for-safety.com\\\/pl\\\/informacje-dla-firm-partnerskich\\\/#breadcrumb\"},\"inLanguage\":\"pl-PL\",\"potentialAction\":[{\"@type\":\"ReadAction\",\"target\":[\"https:\\\/\\\/together-for-safety.com\\\/pl\\\/informacje-dla-firm-partnerskich\\\/\"]}]},{\"@type\":\"BreadcrumbList\",\"@id\":\"https:\\\/\\\/together-for-safety.com\\\/pl\\\/informacje-dla-firm-partnerskich\\\/#breadcrumb\",\"itemListElement\":[{\"@type\":\"ListItem\",\"position\":1,\"name\":\"Startseite\",\"item\":\"https:\\\/\\\/together-for-safety.com\\\/pl\\\/\"},{\"@type\":\"ListItem\",\"position\":2,\"name\":\"Informacje dla firm partnerskich\"}]},{\"@type\":\"WebSite\",\"@id\":\"https:\\\/\\\/together-for-safety.com\\\/pl\\\/#website\",\"url\":\"https:\\\/\\\/together-for-safety.com\\\/pl\\\/\",\"name\":\"Together for Safety\",\"description\":\"Kampagne zur Arbeitssicherheit von Dyckerhoff\",\"potentialAction\":[{\"@type\":\"SearchAction\",\"target\":{\"@type\":\"EntryPoint\",\"urlTemplate\":\"https:\\\/\\\/together-for-safety.com\\\/pl\\\/?s={search_term_string}\"},\"query-input\":{\"@type\":\"PropertyValueSpecification\",\"valueRequired\":true,\"valueName\":\"search_term_string\"}}],\"inLanguage\":\"pl-PL\"}]}<\/script>\n<!-- \/ Yoast SEO plugin. -->","yoast_head_json":{"title":"Informacje dla firm partnerskich - Together for Safety","robots":{"index":"index","follow":"follow","max-snippet":"max-snippet:-1","max-image-preview":"max-image-preview:large","max-video-preview":"max-video-preview:-1"},"canonical":"https:\/\/together-for-safety.com\/pl\/informacje-dla-firm-partnerskich\/","og_locale":"pl_PL","og_type":"article","og_title":"Informacje dla firm partnerskich - Together for Safety","og_description":"Partner w bezpiecze\u0144stwie Informacje dla naszych kontrahent\u00f3w Dla nas bezpiecze\u0144stwo pracy nie ko\u0144czy si\u0119 na zobowi\u0105zaniu wobec w\u0142asnych pracownik\u00f3w. Wp\u0142ywamy r\u00f3wnie\u017c na naszych dostawc\u00f3w i kontrahent\u00f3w, aby promowa\u0107 bezpieczn\u0105 prac\u0119 r\u00f3wnie\u017c w\u015br\u00f3d wykonawc\u00f3w. Dlatego pracownicy naszych kontrahent\u00f3w s\u0105 r\u00f3wnie\u017c wa\u017cn\u0105 grup\u0105 docelow\u0105 kampanii bezpiecze\u0144stwa pracy i s\u0105 przez nas postrzegani jako jej naturalny element. Zar\u00f3wno [&hellip;]","og_url":"https:\/\/together-for-safety.com\/pl\/informacje-dla-firm-partnerskich\/","og_site_name":"Together for Safety","article_modified_time":"2023-07-27T12:32:53+00:00","twitter_card":"summary_large_image","twitter_misc":{"Szacowany czas czytania":"4 minuty"},"schema":{"@context":"https:\/\/schema.org","@graph":[{"@type":"WebPage","@id":"https:\/\/together-for-safety.com\/pl\/informacje-dla-firm-partnerskich\/","url":"https:\/\/together-for-safety.com\/pl\/informacje-dla-firm-partnerskich\/","name":"Informacje dla firm partnerskich - Together for Safety","isPartOf":{"@id":"https:\/\/together-for-safety.com\/pl\/#website"},"datePublished":"2022-12-31T10:00:10+00:00","dateModified":"2023-07-27T12:32:53+00:00","breadcrumb":{"@id":"https:\/\/together-for-safety.com\/pl\/informacje-dla-firm-partnerskich\/#breadcrumb"},"inLanguage":"pl-PL","potentialAction":[{"@type":"ReadAction","target":["https:\/\/together-for-safety.com\/pl\/informacje-dla-firm-partnerskich\/"]}]},{"@type":"BreadcrumbList","@id":"https:\/\/together-for-safety.com\/pl\/informacje-dla-firm-partnerskich\/#breadcrumb","itemListElement":[{"@type":"ListItem","position":1,"name":"Startseite","item":"https:\/\/together-for-safety.com\/pl\/"},{"@type":"ListItem","position":2,"name":"Informacje dla firm partnerskich"}]},{"@type":"WebSite","@id":"https:\/\/together-for-safety.com\/pl\/#website","url":"https:\/\/together-for-safety.com\/pl\/","name":"Together for Safety","description":"Kampagne zur Arbeitssicherheit von Dyckerhoff","potentialAction":[{"@type":"SearchAction","target":{"@type":"EntryPoint","urlTemplate":"https:\/\/together-for-safety.com\/pl\/?s={search_term_string}"},"query-input":{"@type":"PropertyValueSpecification","valueRequired":true,"valueName":"search_term_string"}}],"inLanguage":"pl-PL"}]}},"_links":{"self":[{"href":"https:\/\/together-for-safety.com\/pl\/wp-json\/wp\/v2\/pages\/608","targetHints":{"allow":["GET"]}}],"collection":[{"href":"https:\/\/together-for-safety.com\/pl\/wp-json\/wp\/v2\/pages"}],"about":[{"href":"https:\/\/together-for-safety.com\/pl\/wp-json\/wp\/v2\/types\/page"}],"author":[{"embeddable":true,"href":"https:\/\/together-for-safety.com\/pl\/wp-json\/wp\/v2\/users\/2"}],"replies":[{"embeddable":true,"href":"https:\/\/together-for-safety.com\/pl\/wp-json\/wp\/v2\/comments?post=608"}],"version-history":[{"count":31,"href":"https:\/\/together-for-safety.com\/pl\/wp-json\/wp\/v2\/pages\/608\/revisions"}],"predecessor-version":[{"id":5485,"href":"https:\/\/together-for-safety.com\/pl\/wp-json\/wp\/v2\/pages\/608\/revisions\/5485"}],"wp:attachment":[{"href":"https:\/\/together-for-safety.com\/pl\/wp-json\/wp\/v2\/media?parent=608"}],"curies":[{"name":"wp","href":"https:\/\/api.w.org\/{rel}","templated":true}]}}