{"id":617,"date":"2023-01-02T20:22:16","date_gmt":"2023-01-02T19:22:16","guid":{"rendered":"https:\/\/together-for-safety.com\/nadruk\/"},"modified":"2023-02-21T12:09:43","modified_gmt":"2023-02-21T11:09:43","slug":"nadruk","status":"publish","type":"page","link":"https:\/\/together-for-safety.com\/pl\/nadruk\/","title":{"rendered":"Nadruk"},"content":{"rendered":"<p>[et_pb_section fb_built=&#8221;1&#8243; _builder_version=&#8221;4.19.4&#8243; _module_preset=&#8221;default&#8221; global_colors_info=&#8221;{}&#8221;][et_pb_row _builder_version=&#8221;4.19.4&#8243; _module_preset=&#8221;default&#8221; custom_padding=&#8221;0px||||false|false&#8221; animation_style=&#8221;fade&#8221; global_colors_info=&#8221;{}&#8221;][et_pb_column type=&#8221;4_4&#8243; _builder_version=&#8221;4.19.4&#8243; _module_preset=&#8221;default&#8221; global_colors_info=&#8221;{}&#8221;][et_pb_text _builder_version=&#8221;4.20.0&#8243; _module_preset=&#8221;default&#8221; custom_margin=&#8221;||60px||false|false&#8221; animation_style=&#8221;fade&#8221; hover_enabled=&#8221;0&#8243; global_colors_info=&#8221;{}&#8221; sticky_enabled=&#8221;0&#8243;]<\/p>\n<h1 class=\"p1\"><span class=\"s1\" style=\"color: #392152;\"> Informacje o firmie <\/span><\/h1>\n<p>[\/et_pb_text][et_pb_text _builder_version=&#8221;4.20.0&#8243; _module_preset=&#8221;default&#8221; animation_style=&#8221;fade&#8221; hover_enabled=&#8221;0&#8243; global_colors_info=&#8221;{}&#8221; custom_css_before_last_edited=&#8221;on|desktop&#8221; sticky_enabled=&#8221;0&#8243;]<\/p>\n<p>Dyckerhoff GmbH (<span class=\"s1\">sp\u00f3\u0142ka z ograniczon\u0105 odpowiedzialno\u015bci\u0105<\/span>)<br \/>Biebricher Strasse 68<br \/>65203 Wiesbaden<br \/>PO Box 22 47<br \/>65012 Wiesbaden<\/p>\n<p>Centrala:<br \/>Telefon: +49 611 676-0<br \/>Faks: +49 611 676-10 40<br \/>E-mail:<span> <\/span><a href=\"mailto:info@dyckerhoff.com\">info@dyckerhoff.com<\/a><\/p>\n<p class=\"p1\"><span class=\"s1\">Reprezentowana przez dyrektor\u00f3w zarz\u0105dzaj\u0105cych: <\/span>Dirk Beese, Luigi (Gigi) Buzzi<\/p>\n<p class=\"p1\"><span class=\"s1\">S\u0105d Rejestrowy Wiesbaden HRB 27594 Numer identyfikacji podatkowej<\/span>: DE 113 822 533<\/p>\n<p class=\"p1\"><span class=\"s1\"><\/span><\/p>\n<p>[\/et_pb_text][\/et_pb_column][\/et_pb_row][\/et_pb_section]<\/p>\n","protected":false},"excerpt":{"rendered":"<p>Informacje o firmie Dyckerhoff GmbH (sp\u00f3\u0142ka z ograniczon\u0105 odpowiedzialno\u015bci\u0105)Biebricher Strasse 6865203 WiesbadenPO Box 22 4765012 Wiesbaden Centrala:Telefon: +49 611 676-0Faks: +49 611 676-10 40E-mail: info@dyckerhoff.com Reprezentowana przez dyrektor\u00f3w zarz\u0105dzaj\u0105cych: Dirk Beese, Luigi (Gigi) Buzzi S\u0105d Rejestrowy Wiesbaden HRB 27594 Numer identyfikacji podatkowej: DE 113 822 533<\/p>\n","protected":false},"author":2,"featured_media":0,"parent":0,"menu_order":0,"comment_status":"closed","ping_status":"closed","template":"","meta":{"_et_pb_use_builder":"on","_et_pb_old_content":"","_et_gb_content_width":"","_themeisle_gutenberg_block_has_review":false,"footnotes":""},"class_list":["post-617","page","type-page","status-publish","hentry"],"yoast_head":"<!-- This site is optimized with the Yoast SEO plugin v27.4 - https:\/\/yoast.com\/product\/yoast-seo-wordpress\/ -->\n<title>Nadruk - Together for Safety<\/title>\n<meta name=\"robots\" content=\"index, follow, max-snippet:-1, max-image-preview:large, max-video-preview:-1\" \/>\n<link rel=\"canonical\" href=\"https:\/\/together-for-safety.com\/pl\/nadruk\/\" \/>\n<meta property=\"og:locale\" content=\"pl_PL\" \/>\n<meta property=\"og:type\" content=\"article\" \/>\n<meta property=\"og:title\" content=\"Nadruk - Together for Safety\" \/>\n<meta property=\"og:description\" content=\"Informacje o firmie Dyckerhoff GmbH (sp\u00f3\u0142ka z ograniczon\u0105 odpowiedzialno\u015bci\u0105)Biebricher Strasse 6865203 WiesbadenPO Box 22 4765012 Wiesbaden Centrala:Telefon: +49 611 676-0Faks: +49 611 676-10 40E-mail: info@dyckerhoff.com Reprezentowana przez dyrektor\u00f3w zarz\u0105dzaj\u0105cych: Dirk Beese, Luigi (Gigi) Buzzi S\u0105d Rejestrowy Wiesbaden HRB 27594 Numer identyfikacji podatkowej: DE 113 822 533\" \/>\n<meta property=\"og:url\" content=\"https:\/\/together-for-safety.com\/pl\/nadruk\/\" \/>\n<meta property=\"og:site_name\" content=\"Together for Safety\" \/>\n<meta property=\"article:modified_time\" content=\"2023-02-21T11:09:43+00:00\" \/>\n<meta name=\"twitter:card\" content=\"summary_large_image\" \/>\n<meta name=\"twitter:label1\" content=\"Szacowany czas czytania\" \/>\n\t<meta name=\"twitter:data1\" content=\"1 minuta\" \/>\n<script type=\"application\/ld+json\" class=\"yoast-schema-graph\">{\"@context\":\"https:\\\/\\\/schema.org\",\"@graph\":[{\"@type\":\"WebPage\",\"@id\":\"https:\\\/\\\/together-for-safety.com\\\/pl\\\/nadruk\\\/\",\"url\":\"https:\\\/\\\/together-for-safety.com\\\/pl\\\/nadruk\\\/\",\"name\":\"Nadruk - Together for Safety\",\"isPartOf\":{\"@id\":\"https:\\\/\\\/together-for-safety.com\\\/pl\\\/#website\"},\"datePublished\":\"2023-01-02T19:22:16+00:00\",\"dateModified\":\"2023-02-21T11:09:43+00:00\",\"breadcrumb\":{\"@id\":\"https:\\\/\\\/together-for-safety.com\\\/pl\\\/nadruk\\\/#breadcrumb\"},\"inLanguage\":\"pl-PL\",\"potentialAction\":[{\"@type\":\"ReadAction\",\"target\":[\"https:\\\/\\\/together-for-safety.com\\\/pl\\\/nadruk\\\/\"]}]},{\"@type\":\"BreadcrumbList\",\"@id\":\"https:\\\/\\\/together-for-safety.com\\\/pl\\\/nadruk\\\/#breadcrumb\",\"itemListElement\":[{\"@type\":\"ListItem\",\"position\":1,\"name\":\"Startseite\",\"item\":\"https:\\\/\\\/together-for-safety.com\\\/pl\\\/\"},{\"@type\":\"ListItem\",\"position\":2,\"name\":\"Nadruk\"}]},{\"@type\":\"WebSite\",\"@id\":\"https:\\\/\\\/together-for-safety.com\\\/pl\\\/#website\",\"url\":\"https:\\\/\\\/together-for-safety.com\\\/pl\\\/\",\"name\":\"Together for Safety\",\"description\":\"Kampagne zur Arbeitssicherheit von Dyckerhoff\",\"potentialAction\":[{\"@type\":\"SearchAction\",\"target\":{\"@type\":\"EntryPoint\",\"urlTemplate\":\"https:\\\/\\\/together-for-safety.com\\\/pl\\\/?s={search_term_string}\"},\"query-input\":{\"@type\":\"PropertyValueSpecification\",\"valueRequired\":true,\"valueName\":\"search_term_string\"}}],\"inLanguage\":\"pl-PL\"}]}<\/script>\n<!-- \/ Yoast SEO plugin. -->","yoast_head_json":{"title":"Nadruk - Together for Safety","robots":{"index":"index","follow":"follow","max-snippet":"max-snippet:-1","max-image-preview":"max-image-preview:large","max-video-preview":"max-video-preview:-1"},"canonical":"https:\/\/together-for-safety.com\/pl\/nadruk\/","og_locale":"pl_PL","og_type":"article","og_title":"Nadruk - Together for Safety","og_description":"Informacje o firmie Dyckerhoff GmbH (sp\u00f3\u0142ka z ograniczon\u0105 odpowiedzialno\u015bci\u0105)Biebricher Strasse 6865203 WiesbadenPO Box 22 4765012 Wiesbaden Centrala:Telefon: +49 611 676-0Faks: +49 611 676-10 40E-mail: info@dyckerhoff.com Reprezentowana przez dyrektor\u00f3w zarz\u0105dzaj\u0105cych: Dirk Beese, Luigi (Gigi) Buzzi S\u0105d Rejestrowy Wiesbaden HRB 27594 Numer identyfikacji podatkowej: DE 113 822 533","og_url":"https:\/\/together-for-safety.com\/pl\/nadruk\/","og_site_name":"Together for Safety","article_modified_time":"2023-02-21T11:09:43+00:00","twitter_card":"summary_large_image","twitter_misc":{"Szacowany czas czytania":"1 minuta"},"schema":{"@context":"https:\/\/schema.org","@graph":[{"@type":"WebPage","@id":"https:\/\/together-for-safety.com\/pl\/nadruk\/","url":"https:\/\/together-for-safety.com\/pl\/nadruk\/","name":"Nadruk - Together for Safety","isPartOf":{"@id":"https:\/\/together-for-safety.com\/pl\/#website"},"datePublished":"2023-01-02T19:22:16+00:00","dateModified":"2023-02-21T11:09:43+00:00","breadcrumb":{"@id":"https:\/\/together-for-safety.com\/pl\/nadruk\/#breadcrumb"},"inLanguage":"pl-PL","potentialAction":[{"@type":"ReadAction","target":["https:\/\/together-for-safety.com\/pl\/nadruk\/"]}]},{"@type":"BreadcrumbList","@id":"https:\/\/together-for-safety.com\/pl\/nadruk\/#breadcrumb","itemListElement":[{"@type":"ListItem","position":1,"name":"Startseite","item":"https:\/\/together-for-safety.com\/pl\/"},{"@type":"ListItem","position":2,"name":"Nadruk"}]},{"@type":"WebSite","@id":"https:\/\/together-for-safety.com\/pl\/#website","url":"https:\/\/together-for-safety.com\/pl\/","name":"Together for Safety","description":"Kampagne zur Arbeitssicherheit von Dyckerhoff","potentialAction":[{"@type":"SearchAction","target":{"@type":"EntryPoint","urlTemplate":"https:\/\/together-for-safety.com\/pl\/?s={search_term_string}"},"query-input":{"@type":"PropertyValueSpecification","valueRequired":true,"valueName":"search_term_string"}}],"inLanguage":"pl-PL"}]}},"_links":{"self":[{"href":"https:\/\/together-for-safety.com\/pl\/wp-json\/wp\/v2\/pages\/617","targetHints":{"allow":["GET"]}}],"collection":[{"href":"https:\/\/together-for-safety.com\/pl\/wp-json\/wp\/v2\/pages"}],"about":[{"href":"https:\/\/together-for-safety.com\/pl\/wp-json\/wp\/v2\/types\/page"}],"author":[{"embeddable":true,"href":"https:\/\/together-for-safety.com\/pl\/wp-json\/wp\/v2\/users\/2"}],"replies":[{"embeddable":true,"href":"https:\/\/together-for-safety.com\/pl\/wp-json\/wp\/v2\/comments?post=617"}],"version-history":[{"count":4,"href":"https:\/\/together-for-safety.com\/pl\/wp-json\/wp\/v2\/pages\/617\/revisions"}],"predecessor-version":[{"id":3417,"href":"https:\/\/together-for-safety.com\/pl\/wp-json\/wp\/v2\/pages\/617\/revisions\/3417"}],"wp:attachment":[{"href":"https:\/\/together-for-safety.com\/pl\/wp-json\/wp\/v2\/media?parent=617"}],"curies":[{"name":"wp","href":"https:\/\/api.w.org\/{rel}","templated":true}]}}