{"id":619,"date":"2023-01-02T20:22:37","date_gmt":"2023-01-02T19:22:37","guid":{"rendered":"https:\/\/together-for-safety.com\/ochrona-danych\/"},"modified":"2023-04-28T12:24:09","modified_gmt":"2023-04-28T10:24:09","slug":"ochrona-danych","status":"publish","type":"page","link":"https:\/\/together-for-safety.com\/pl\/ochrona-danych\/","title":{"rendered":"Ochrona danych"},"content":{"rendered":"<p>[et_pb_section fb_built=&#8221;1&#8243; _builder_version=&#8221;4.19.4&#8243; _module_preset=&#8221;default&#8221; global_colors_info=&#8221;{}&#8221;][et_pb_row _builder_version=&#8221;4.19.4&#8243; _module_preset=&#8221;default&#8221; custom_padding=&#8221;0px||||false|false&#8221; animation_style=&#8221;fade&#8221; global_colors_info=&#8221;{}&#8221;][et_pb_column type=&#8221;4_4&#8243; _builder_version=&#8221;4.19.4&#8243; _module_preset=&#8221;default&#8221; global_colors_info=&#8221;{}&#8221;][et_pb_text _builder_version=&#8221;4.19.4&#8243; _module_preset=&#8221;default&#8221; custom_margin=&#8221;||60px||false|false&#8221; animation_style=&#8221;fade&#8221; global_colors_info=&#8221;{}&#8221;]<\/p>\n<h1 class=\"p1\"><span class=\"s1\" style=\"color: #392152;\">Ochrona danych<\/span><\/h1>\n<h2 class=\"p1\">[\/et_pb_text][et_pb_text _builder_version=&#8221;4.21.0&#8243; _module_preset=&#8221;default&#8221; custom_padding=&#8221;||0px|||&#8221; animation_style=&#8221;fade&#8221; hover_enabled=&#8221;0&#8243; global_colors_info=&#8221;{}&#8221; custom_css_before_last_edited=&#8221;on|desktop&#8221; sticky_enabled=&#8221;0&#8243;]<\/p>\n<p class=\"p2\"><span class=\"s1\">Status: marzec 2023 r.<\/span><\/p>\n<p class=\"p3\"><strong><span style=\"font-size: 18px;\">1. zakres stosowania<\/span><\/strong><span class=\"s1\"><\/span><\/p>\n<ul>\n<li class=\"li5\"><span class=\"s3\"><a href=\"http:\/\/www.together-for-safety.de\"><span class=\"s4\">www.together-for-safety.com<\/span><\/a><\/span><\/li>\n<li class=\"li2\"><span class=\"s2\"><\/span><span class=\"s1\">Pro\u015bby o kontakt \/ opinie w kontek\u015bcie <span class=\"s5\"><br \/><a href=\"http:\/\/www.together-for-safety.de\">www.together-for-safety.com<\/a><br \/><a href=\"http:\/\/www.together-for-safety.de\"><\/a><br \/><\/span> <\/span><span class=\"s1\"><span class=\"s5\"><\/span><\/span><\/li>\n<\/ul>\n<p class=\"p3\"><span style=\"font-size: 18px;\"><\/span><\/p>\n<p class=\"p3\"><strong><span style=\"font-size: 18px;\">2. odpowiedzialno\u015b\u0107<\/span><\/strong><span class=\"s1\"><\/span><\/p>\n<p class=\"p2\"><span class=\"s1\">Do przetwarzania danych osobowych w celu technicznego zapewnienia <a href=\"http:\/\/www.together-for-safety.de\"><br \/><span class=\"s5\">www.together-for-safety.com<\/span><\/a>: <\/span><\/p>\n<p class=\"p6\"><span class=\"s1\">Dyckerhoff GmbH<\/span><span class=\"s6\"><br \/><\/span><span class=\"s1\">Ulica Biebricher 68<\/span><span class=\"s6\"><br \/><\/span><span class=\"s1\">65203 Wiesbaden<\/span><span class=\"s6\"> <\/span><\/p>\n<p class=\"p7\"><span class=\"s1\">Tel.: 0611 6760<br \/>E-mail: <a href=\"mailto:info@dyckerhoff.com\"><br \/><span class=\"s5\">info@dyckerhoff.com<\/span><br \/><\/a><\/span><\/p>\n<p class=\"p8\"><span class=\"s1\"><\/span><\/p>\n<p class=\"p2\"><span class=\"s1\">Za przetwarzanie danych osobowych w celu obs\u0142ugi zapyta\u0144 kontaktowych \/ opinii odpowiedzialna jest firma, do kt\u00f3rej bezpo\u015brednio przekazujesz zapytanie: <\/span><\/p>\n<p class=\"p6\"><span class=\"s1\">Dyckerhoff GmbH <\/span><span class=\"s6\"><br \/><\/span><span class=\"s1\">Ulica Biebricher 68<\/span><span class=\"s6\"><br \/><\/span><span class=\"s1\">65203 Wiesbaden<\/span><span class=\"s6\"> <\/span><\/p>\n<p class=\"p7\"><span class=\"s1\">Tel.: 0611 6760<br \/>E-mail: <a href=\"mailto:info@dyckerhoff.com\"><br \/><span class=\"s5\">info@dyckerhoff.com<\/span><br \/><\/a><\/span><\/p>\n<p class=\"p3\"><span class=\"s1\"><\/span><\/p>\n<p class=\"p6\"><span class=\"s1\">Dyckerhoff Beton GmbH &amp; Co KG<br \/>ul. Bierbicher 68<br \/>65203 Wiesbaden <\/span><\/p>\n<p class=\"p7\"><span class=\"s1\">Tel.: 0611 6760<br \/>E-mail: <a href=\"mailto:info@dyckerhoff.com\"><br \/><span class=\"s5\">info@dyckerhoff.com<\/span><br \/><\/a><\/span><\/p>\n<p class=\"p3\"><span class=\"s1\"><\/span><\/p>\n<p class=\"p9\"><span class=\"s1\">Dyckerhoff Basal Nederland B.V.<\/span><\/p>\n<p class=\"p6\"><span class=\"s1\">Kelvinbaan 44<br \/>3439 MT Nieuwegein<\/span><\/p>\n<p class=\"p6\"><span class=\"s1\">Tel: +31 &#8211; 88 60 78 300<br \/>E-mail: info@dyckerhoff-basal.de<\/span><\/p>\n<p class=\"p10\"><span class=\"s1\"><\/span><\/p>\n<p class=\"p6\"><span class=\"s1\">Cimalux Soci\u00e9t\u00e9 anonyme<br \/>ZI Wok\u00f3\u0142 Monkeler<br \/>L-4149 Esch-sur-Alzette<\/span><\/p>\n<p class=\"p6\"><span class=\"s1\">Tel.: +352 55 25 -1<br \/>E-mail: <a href=\"mailto:info@cimalux.lu\"><br \/><span class=\"s5\">info@cimalux.lu<\/span><br \/><\/a><\/span><\/p>\n<p class=\"p11\"><span class=\"s1\"><\/span><\/p>\n<p class=\"p6\"><span class=\"s1\">Cement Hranice, akciov\u00e1 spole\u010dnost<br \/>B\u011blot\u00ednsk\u00e1 288<br \/>753 01 Hranice I &#8211; M\u011bsto<br \/>Czechy<\/span><\/p>\n<p class=\"p6\"><span class=\"s1\">Tel.: +420 581 829 111<br \/>E-mail: cement@cement.cz<\/span><\/p>\n<p class=\"p12\"><span class=\"s1\"><b><\/b><\/span><\/p>\n<p class=\"p7\"><span class=\"s1\">ZAPA concrete a.s.<br \/>V\u00edde\u0148sk\u00e1 495<br \/>142 00 Praha 4<br \/>Czechy<\/span><\/p>\n<p class=\"p7\"><span class=\"s1\">Tel.: +420 226 004 444<br \/>E-mail: <a href=\"mailto:zapa@zapa.cz\"><br \/><span class=\"s5\">zapa@zapa.cz<\/span><br \/><\/a><\/span><\/p>\n<p class=\"p10\"><span class=\"s1\"><\/span><\/p>\n<p class=\"p6\"><span class=\"s1\">Dyckerhoff Polska Sp. z o.o.<br \/>ul. Zak\u0142adowa 3<br \/>26-052 Nowiny<\/span><\/p>\n<p class=\"p6\"><span class=\"s1\">Tel: +48 41 346 60 00<br \/>E-mail: informatyka@dyckerhoff.pl<\/span><\/p>\n<p class=\"p3\"><span class=\"s1\"><\/span><\/p>\n<p class=\"p2\"><span class=\"s1\">Je\u015bli <a href=\"http:\/\/www.dyckerhoff.com\"><br \/><span class=\"s5\">www.dyckerhoff.com<\/span><br \/><\/a> Buzzi Unicem S.p.a. odpowiada za przetwarzanie danych osobowych w celu technicznego udost\u0119pnienia strony <a href=\"http:\/\/www.dyckerhoff.com\">www.dyckerhoff.com<\/a>.<\/span><\/p>\n<p class=\"p2\"><span class=\"s1\"><\/span><\/p>\n<p class=\"p2\"><span style=\"font-size: 18px;\"><\/span><\/p>\n<p class=\"p2\"><strong><span style=\"font-size: 18px;\">3. dane kontaktowe inspektora ochrony danych<\/span><\/strong><\/p>\n<p class=\"p2\"><span class=\"s1\">Dyckerhoff GmbH<br \/>Inspektor ochrony danych<br \/>Biebricher Str. 68<br \/>65203 Wiesbaden<\/span><\/p>\n<p class=\"p3\"><span class=\"s1\"><\/span><\/p>\n<p class=\"p14\"><span class=\"s6\">Tel.: 0611 6761647<br \/>E-mail: <span class=\"s7\"><br \/><a href=\"mailto:protection.data@dyckerhoff.com\">protection.data@dyckerhoff.com<\/a><br \/><a href=\"mailto:protection.data@dyckerhoff.com\"><\/a><br \/><\/span><\/span><\/p>\n<p class=\"p14\"><span class=\"s6\"><span class=\"s7\"><\/span><\/span><\/p>\n<p class=\"p15\"><span style=\"font-size: 18px;\"><\/span><\/p>\n<p class=\"p15\"><strong><span style=\"font-size: 18px;\">4. dostawa techniczna i pliki dziennika<\/span><\/strong><span class=\"s1\"><\/span><\/p>\n<p class=\"p2\"><span class=\"s1\">Je\u015bli <a href=\"http:\/\/www.together-for-safety.de\"><br \/><span class=\"s5\">ODWIEDZA I KORZYSTA Z WITRYNY www.together-for-safety.com<\/span><br \/><\/a> Adres IP i inne informacje (data i godzina dost\u0119pu,<\/span><span class=\"s8\"> <\/span><span class=\"s1\">Request method &amp; requested files, ilo\u015b\u0107 danych, kod statusu, user agent [informacje o systemie operacyjnym, typie i wersji przegl\u0105darki.<\/span><span class=\"s9\">])<\/span><span class=\"s1\"> zostanie przetworzony, aby mo\u017cna by\u0142o dostarczy\u0107 \u017c\u0105dane pliki. Dost\u0119py s\u0105 zapisywane w plikach dziennika lub protoko\u0142u serwer\u00f3w internetowych w celach kontrolnych. <\/span><\/p>\n<p class=\"p2\"><span class=\"s1\">Podstaw\u0105 prawn\u0105 przetwarzania danych osobowych w celu technicznego dostarczenia www.together-for-safety.de &amp; przechowywania w plikach dziennika jest art. 6 ust. 1 lit. f GDPR.<\/span><\/p>\n<p class=\"p2\"><span class=\"s1\">Pliki dziennika s\u0105 przechowywane przez 7 dni i automatycznie usuwane. <\/span><\/p>\n<p class=\"p2\"><span class=\"s1\">Hosting stron internetowych www.together-for-safety.com: <\/span><\/p>\n<p class=\"p7\"><span class=\"s1\">IONOS SE<br \/>Elgendorfer Str. 57<br \/>56410 Montabeur<\/span><\/p>\n<p class=\"p7\"><span class=\"s1\"><\/span><\/p>\n<p class=\"p15\"><span style=\"font-size: 18px;\"><\/span><\/p>\n<p class=\"p15\"><strong><span style=\"font-size: 18px;\">5. ciasteczka<\/span><\/strong><span class=\"s1\"><\/span><\/p>\n<p class=\"p2\"><span class=\"s1\">Cookies to ma\u0142e pliki, kt\u00f3re s\u0105 automatycznie tworzone i przechowywane w przegl\u0105darce internetowej terminala odwiedzaj\u0105cego ka\u017cdorazowo odwiedzan\u0105 stron\u0119 internetow\u0105. Pliki cookie mog\u0105 na przyk\u0142ad przechowywa\u0107 informacje o preferowanych ustawieniach, identyfikator sesji w celu rozpoznania osoby odwiedzaj\u0105cej stron\u0119 internetow\u0105, dane dost\u0119powe (nazwa u\u017cytkownika \/ e-mail i has\u0142o) itp. Strona internetowa pod adresem. <a href=\"http:\/\/www.together-for-safety.com\"><br \/><span class=\"s5\">www.together-for-safety.com<\/span><br \/><\/a> stosowane pliki cookies zapewniaj\u0105 funkcje ustawie\u0144 wyboru j\u0119zyka: <\/span><\/p>\n<p class=\"p2\"><span class=\"s1\">wp-wpml_current_language &#8211; Przechowuje aktualny j\u0119zyk. Ten plik cookie jest domy\u015blnie w\u0142\u0105czony w witrynach, kt\u00f3re korzystaj\u0105 z funkcji filtrowania j\u0119zyka dla operacji AJAX.<\/span><\/p>\n<p class=\"p2\"><span class=\"s1\">_icl_visitor_lang_js &#8211; Przechowuje przekierowany j\u0119zyk. Ten plik cookie jest w\u0142\u0105czony dla wszystkich odwiedzaj\u0105cych stron\u0119, je\u015bli u\u017cywasz funkcji przekierowania j\u0119zyka przegl\u0105darki.<\/span><\/p>\n<p class=\"p2\"><span class=\"s1\">wpml_browser_redirect_test &#8211; Testuje czy ciasteczka s\u0105 w\u0142\u0105czone. Ten plik cookie jest w\u0142\u0105czony dla wszystkich odwiedzaj\u0105cych stron\u0119, je\u015bli u\u017cywasz funkcji przekierowania j\u0119zyka przegl\u0105darki.<\/span><\/p>\n<p class=\"p2\"><span class=\"s1\">Wi\u0119cej informacji na temat stosowanych plik\u00f3w cookie mo\u017cna znale\u017a\u0107 na stronach deweloperskich: www.wpml.org\/documentation\/support\/browser-cookies-stored-wpml\/<\/span><\/p>\n<p class=\"p2\"><span class=\"s1\">O ile Dyckerhoff GmbH przetwarza dane osobowe za pomoc\u0105 technicznie wymaganych plik\u00f3w cookie w ramach udost\u0119pniania strony www.together-for-safety.de, art. 6 ust. 1 lit. f DS-GVO jest podstaw\u0105 prawn\u0105. Nasze uzasadnione interesy polegaj\u0105 na realizacji wy\u017cej wymienionych cel\u00f3w.<\/span><\/p>\n<p class=\"p15\"><span style=\"font-size: 18px;\"><\/span><\/p>\n<p class=\"p15\"><span style=\"font-size: 18px;\"><\/span><\/p>\n<p class=\"p15\"><strong><span style=\"font-size: 18px;\">6. kontaktowanie si\u0119<\/span><\/strong><span class=\"s1\"><\/span><\/p>\n<p class=\"p2\"><span class=\"s1\">Je\u015bli skontaktujesz si\u0119 z firm\u0105 (np. poprzez e-mail, telefon, formularz kontaktowy), Twoje dane b\u0119d\u0105 przetwarzane w zakresie, w jakim jest to konieczne, aby odpowiedzie\u0107 na Twoje zapytanie o kontakt i wszelkie \u017c\u0105dane \u015brodki. Podstaw\u0105 prawn\u0105 jest art. 6 par. 1 lit. b GDPR.<\/span><\/p>\n<p class=\"p2\"><span class=\"s1\">O ile Pa\u0144stwa pro\u015bba o kontakt nie jest wymagana ani do wype\u0142nienia umowy z dan\u0105 firm\u0105, ani do realizacji dzia\u0142a\u0144 przedumownych, art. 6 ust. 1 lit. f DS-GVO jest podstaw\u0105 prawn\u0105 przetwarzania Pa\u0144stwa danych. Uzasadniony interes polega na ostatecznym przetworzeniu otrzymanej wiadomo\u015bci i skontaktowaniu si\u0119 z Pa\u0144stwem na zewn\u0105trz. <\/span><\/p>\n<p class=\"p2\"><span class=\"s1\">Je\u015bli firma przetwarza dane osobowe na podstawie zgody, art. 6 par. 1 lit. DS-GVO jest podstaw\u0105 prawn\u0105. <\/span><\/p>\n<p class=\"p2\"><span class=\"s1\">Twoja wiadomo\u015b\u0107 b\u0119dzie przechowywana do czasu zako\u0144czenia przetwarzania. D\u0142u\u017csze przechowywanie ma miejsce tylko wtedy, gdy dana firma jest do tego uprawniona lub zobowi\u0105zana w indywidualnych przypadkach. <\/span><\/p>\n<p class=\"p3\"><span style=\"font-size: 18px;\"><\/span><\/p>\n<p class=\"p3\"><span style=\"font-size: 18px;\"><\/span><\/p>\n<p class=\"p3\"><strong><span style=\"font-size: 18px;\">7. Twoje prawa <\/span><\/strong><span class=\"s1\"><\/span><\/p>\n<p class=\"p2\"><span class=\"s1\">Zgodnie z art. 15 GDPR, maj\u0105 Pa\u0144stwo prawo za\u017c\u0105da\u0107 informacji o swoich danych osobowych, kt\u00f3re s\u0105 przedmiotem przetwarzania.<\/span><\/p>\n<p class=\"p2\"><span class=\"s1\">W przypadku przetwarzania niedok\u0142adnych danych osobowych przys\u0142uguje Pa\u0144stwu prawo do sprostowania zgodnie z art. 16 DS-GVO.<\/span><\/p>\n<p class=\"p2\"><span class=\"s1\">Je\u015bli spe\u0142nione s\u0105 wymogi prawne, maj\u0105 Pa\u0144stwo prawo do usuni\u0119cia lub ograniczenia przetwarzania danych, kt\u00f3rych to dotyczy (art. 17 i art. 18 DS-GVO).<\/span><\/p>\n<p class=\"p2\"><span class=\"s1\">Zgodnie z warunkami okre\u015blonymi w art. 20 przys\u0142uguje Pa\u0144stwu prawo do przenoszenia danych. <\/span><\/p>\n<p class=\"p2\"><span class=\"s1\">Maj\u0105 Pa\u0144stwo prawo do cofni\u0119cia zgody w dowolnym momencie bez wp\u0142ywu na zgodno\u015b\u0107 z prawem przetwarzania, kt\u00f3rego dokonano na podstawie zgody do momentu jej cofni\u0119cia.<\/span><\/p>\n<p class=\"p2\"><span class=\"s1\">Zgodnie z art. 21 DS-GVO maj\u0105 Pa\u0144stwo prawo do wniesienia sprzeciwu wobec przetwarzania Pa\u0144stwa danych, kt\u00f3re odbywa si\u0119 na podstawie art. 6 par. 1 lit. f DS-GVO ma miejsce. Odpowiedzialna firma nie b\u0119dzie ju\u017c wtedy przetwarza\u0107 danych osobowych, chyba \u017ce b\u0119dzie w stanie wykaza\u0107 istotne uzasadnione podstawy przetwarzania, kt\u00f3re s\u0105 nadrz\u0119dne wobec Pa\u0144stwa interes\u00f3w, praw i wolno\u015bci, lub przetwarzanie s\u0142u\u017cy dochodzeniu, wykonywaniu lub obronie roszcze\u0144 prawnych. <\/span><\/p>\n<p class=\"p2\"><span class=\"s1\">Zgodnie z art. 77 par. 1 DS-GVO, przys\u0142uguje Pa\u0144stwu prawo do odwo\u0142ania si\u0119 do organu nadzorczego:<br \/>edpb.europa.eu\/about-edpb\/about-edpb\/members_en<\/span><\/p>\n<p class=\"p16\"><span class=\"s1\"><\/span><\/p>\n<p class=\"p16\"><span class=\"s1\"><\/span><\/p>\n<p class=\"p16\"><span class=\"s1\"><\/span><\/p>\n<p class=\"p16\">[\/et_pb_text][\/et_pb_column][\/et_pb_row][\/et_pb_section]<\/p>\n","protected":false},"excerpt":{"rendered":"<p>Ochrona danych Status: marzec 2023 r. 1. zakres stosowania www.together-for-safety.com Pro\u015bby o kontakt \/ opinie w kontek\u015bcie www.together-for-safety.com 2. odpowiedzialno\u015b\u0107 Do przetwarzania danych osobowych w celu technicznego zapewnienia www.together-for-safety.com: Dyckerhoff GmbHUlica Biebricher 6865203 Wiesbaden Tel.: 0611 6760E-mail: info@dyckerhoff.com Za przetwarzanie danych osobowych w celu obs\u0142ugi zapyta\u0144 kontaktowych \/ opinii odpowiedzialna jest firma, do kt\u00f3rej bezpo\u015brednio [&hellip;]<\/p>\n","protected":false},"author":2,"featured_media":0,"parent":0,"menu_order":0,"comment_status":"closed","ping_status":"closed","template":"","meta":{"_et_pb_use_builder":"on","_et_pb_old_content":"","_et_gb_content_width":"","_themeisle_gutenberg_block_has_review":false,"footnotes":""},"class_list":["post-619","page","type-page","status-publish","hentry"],"yoast_head":"<!-- This site is optimized with the Yoast SEO plugin v27.4 - https:\/\/yoast.com\/product\/yoast-seo-wordpress\/ -->\n<title>Ochrona danych - Together for Safety<\/title>\n<meta name=\"robots\" content=\"index, follow, max-snippet:-1, max-image-preview:large, max-video-preview:-1\" \/>\n<link rel=\"canonical\" href=\"https:\/\/together-for-safety.com\/pl\/ochrona-danych\/\" \/>\n<meta property=\"og:locale\" content=\"pl_PL\" \/>\n<meta property=\"og:type\" content=\"article\" \/>\n<meta property=\"og:title\" content=\"Ochrona danych - Together for Safety\" \/>\n<meta property=\"og:description\" content=\"Ochrona danych Status: marzec 2023 r. 1. zakres stosowania www.together-for-safety.com Pro\u015bby o kontakt \/ opinie w kontek\u015bcie www.together-for-safety.com 2. odpowiedzialno\u015b\u0107 Do przetwarzania danych osobowych w celu technicznego zapewnienia www.together-for-safety.com: Dyckerhoff GmbHUlica Biebricher 6865203 Wiesbaden Tel.: 0611 6760E-mail: info@dyckerhoff.com Za przetwarzanie danych osobowych w celu obs\u0142ugi zapyta\u0144 kontaktowych \/ opinii odpowiedzialna jest firma, do kt\u00f3rej bezpo\u015brednio [&hellip;]\" \/>\n<meta property=\"og:url\" content=\"https:\/\/together-for-safety.com\/pl\/ochrona-danych\/\" \/>\n<meta property=\"og:site_name\" content=\"Together for Safety\" \/>\n<meta property=\"article:modified_time\" content=\"2023-04-28T10:24:09+00:00\" \/>\n<meta name=\"twitter:card\" content=\"summary_large_image\" \/>\n<meta name=\"twitter:label1\" content=\"Szacowany czas czytania\" \/>\n\t<meta name=\"twitter:data1\" content=\"5 minut\" \/>\n<script type=\"application\/ld+json\" class=\"yoast-schema-graph\">{\"@context\":\"https:\\\/\\\/schema.org\",\"@graph\":[{\"@type\":\"WebPage\",\"@id\":\"https:\\\/\\\/together-for-safety.com\\\/pl\\\/ochrona-danych\\\/\",\"url\":\"https:\\\/\\\/together-for-safety.com\\\/pl\\\/ochrona-danych\\\/\",\"name\":\"Ochrona danych - Together for Safety\",\"isPartOf\":{\"@id\":\"https:\\\/\\\/together-for-safety.com\\\/pl\\\/#website\"},\"datePublished\":\"2023-01-02T19:22:37+00:00\",\"dateModified\":\"2023-04-28T10:24:09+00:00\",\"breadcrumb\":{\"@id\":\"https:\\\/\\\/together-for-safety.com\\\/pl\\\/ochrona-danych\\\/#breadcrumb\"},\"inLanguage\":\"pl-PL\",\"potentialAction\":[{\"@type\":\"ReadAction\",\"target\":[\"https:\\\/\\\/together-for-safety.com\\\/pl\\\/ochrona-danych\\\/\"]}]},{\"@type\":\"BreadcrumbList\",\"@id\":\"https:\\\/\\\/together-for-safety.com\\\/pl\\\/ochrona-danych\\\/#breadcrumb\",\"itemListElement\":[{\"@type\":\"ListItem\",\"position\":1,\"name\":\"Startseite\",\"item\":\"https:\\\/\\\/together-for-safety.com\\\/pl\\\/\"},{\"@type\":\"ListItem\",\"position\":2,\"name\":\"Ochrona danych\"}]},{\"@type\":\"WebSite\",\"@id\":\"https:\\\/\\\/together-for-safety.com\\\/pl\\\/#website\",\"url\":\"https:\\\/\\\/together-for-safety.com\\\/pl\\\/\",\"name\":\"Together for Safety\",\"description\":\"Kampagne zur Arbeitssicherheit von Dyckerhoff\",\"potentialAction\":[{\"@type\":\"SearchAction\",\"target\":{\"@type\":\"EntryPoint\",\"urlTemplate\":\"https:\\\/\\\/together-for-safety.com\\\/pl\\\/?s={search_term_string}\"},\"query-input\":{\"@type\":\"PropertyValueSpecification\",\"valueRequired\":true,\"valueName\":\"search_term_string\"}}],\"inLanguage\":\"pl-PL\"}]}<\/script>\n<!-- \/ Yoast SEO plugin. -->","yoast_head_json":{"title":"Ochrona danych - Together for Safety","robots":{"index":"index","follow":"follow","max-snippet":"max-snippet:-1","max-image-preview":"max-image-preview:large","max-video-preview":"max-video-preview:-1"},"canonical":"https:\/\/together-for-safety.com\/pl\/ochrona-danych\/","og_locale":"pl_PL","og_type":"article","og_title":"Ochrona danych - Together for Safety","og_description":"Ochrona danych Status: marzec 2023 r. 1. zakres stosowania www.together-for-safety.com Pro\u015bby o kontakt \/ opinie w kontek\u015bcie www.together-for-safety.com 2. odpowiedzialno\u015b\u0107 Do przetwarzania danych osobowych w celu technicznego zapewnienia www.together-for-safety.com: Dyckerhoff GmbHUlica Biebricher 6865203 Wiesbaden Tel.: 0611 6760E-mail: info@dyckerhoff.com Za przetwarzanie danych osobowych w celu obs\u0142ugi zapyta\u0144 kontaktowych \/ opinii odpowiedzialna jest firma, do kt\u00f3rej bezpo\u015brednio [&hellip;]","og_url":"https:\/\/together-for-safety.com\/pl\/ochrona-danych\/","og_site_name":"Together for Safety","article_modified_time":"2023-04-28T10:24:09+00:00","twitter_card":"summary_large_image","twitter_misc":{"Szacowany czas czytania":"5 minut"},"schema":{"@context":"https:\/\/schema.org","@graph":[{"@type":"WebPage","@id":"https:\/\/together-for-safety.com\/pl\/ochrona-danych\/","url":"https:\/\/together-for-safety.com\/pl\/ochrona-danych\/","name":"Ochrona danych - Together for Safety","isPartOf":{"@id":"https:\/\/together-for-safety.com\/pl\/#website"},"datePublished":"2023-01-02T19:22:37+00:00","dateModified":"2023-04-28T10:24:09+00:00","breadcrumb":{"@id":"https:\/\/together-for-safety.com\/pl\/ochrona-danych\/#breadcrumb"},"inLanguage":"pl-PL","potentialAction":[{"@type":"ReadAction","target":["https:\/\/together-for-safety.com\/pl\/ochrona-danych\/"]}]},{"@type":"BreadcrumbList","@id":"https:\/\/together-for-safety.com\/pl\/ochrona-danych\/#breadcrumb","itemListElement":[{"@type":"ListItem","position":1,"name":"Startseite","item":"https:\/\/together-for-safety.com\/pl\/"},{"@type":"ListItem","position":2,"name":"Ochrona danych"}]},{"@type":"WebSite","@id":"https:\/\/together-for-safety.com\/pl\/#website","url":"https:\/\/together-for-safety.com\/pl\/","name":"Together for Safety","description":"Kampagne zur Arbeitssicherheit von Dyckerhoff","potentialAction":[{"@type":"SearchAction","target":{"@type":"EntryPoint","urlTemplate":"https:\/\/together-for-safety.com\/pl\/?s={search_term_string}"},"query-input":{"@type":"PropertyValueSpecification","valueRequired":true,"valueName":"search_term_string"}}],"inLanguage":"pl-PL"}]}},"_links":{"self":[{"href":"https:\/\/together-for-safety.com\/pl\/wp-json\/wp\/v2\/pages\/619","targetHints":{"allow":["GET"]}}],"collection":[{"href":"https:\/\/together-for-safety.com\/pl\/wp-json\/wp\/v2\/pages"}],"about":[{"href":"https:\/\/together-for-safety.com\/pl\/wp-json\/wp\/v2\/types\/page"}],"author":[{"embeddable":true,"href":"https:\/\/together-for-safety.com\/pl\/wp-json\/wp\/v2\/users\/2"}],"replies":[{"embeddable":true,"href":"https:\/\/together-for-safety.com\/pl\/wp-json\/wp\/v2\/comments?post=619"}],"version-history":[{"count":9,"href":"https:\/\/together-for-safety.com\/pl\/wp-json\/wp\/v2\/pages\/619\/revisions"}],"predecessor-version":[{"id":4448,"href":"https:\/\/together-for-safety.com\/pl\/wp-json\/wp\/v2\/pages\/619\/revisions\/4448"}],"wp:attachment":[{"href":"https:\/\/together-for-safety.com\/pl\/wp-json\/wp\/v2\/media?parent=619"}],"curies":[{"name":"wp","href":"https:\/\/api.w.org\/{rel}","templated":true}]}}