{"id":641,"date":"2022-12-31T11:00:26","date_gmt":"2022-12-31T10:00:26","guid":{"rendered":"https:\/\/together-for-safety.com\/temat-miesiaca\/"},"modified":"2023-12-08T15:58:03","modified_gmt":"2023-12-08T14:58:03","slug":"temat-miesiaca","status":"publish","type":"page","link":"https:\/\/together-for-safety.com\/pl\/temat-miesiaca\/","title":{"rendered":"Lodu i ciemno\u015bci"},"content":{"rendered":"<p>[et_pb_section fb_built=&#8221;1&#8243; _builder_version=&#8221;4.19.4&#8243; _module_preset=&#8221;default&#8221; background_color=&#8221;#eaeaea&#8221; custom_margin=&#8221;0px|0px|0px|0px|false|false&#8221; custom_padding=&#8221;0px|0px|0px|0px|false|false&#8221; animation_style=&#8221;fade&#8221; global_colors_info=&#8221;{}&#8221;][et_pb_row _builder_version=&#8221;4.19.4&#8243; _module_preset=&#8221;default&#8221; background_color=&#8221;RGBA(255,255,255,0)&#8221; width=&#8221;100%&#8221; custom_margin=&#8221;0px||0px||false|false&#8221; custom_padding=&#8221;0px||0px||false|false&#8221; global_colors_info=&#8221;{}&#8221;][et_pb_column type=&#8221;4_4&#8243; _builder_version=&#8221;4.19.4&#8243; _module_preset=&#8221;default&#8221; background_color=&#8221;RGBA(255,255,255,0)&#8221; global_colors_info=&#8221;{}&#8221;][et_pb_image src=&#8221;https:\/\/together-for-safety.com\/wp-content\/uploads\/2023\/01\/img_tdm_winter-1.jpg&#8221; alt=&#8221;Nag\u0142\u00f3wek Temat miesi\u0105ca&#8221; title_text=&#8221;img_tdm_winter&#8221; _builder_version=&#8221;4.19.4&#8243; _module_preset=&#8221;default&#8221; global_colors_info=&#8221;{}&#8221;][\/et_pb_image][\/et_pb_column][\/et_pb_row][\/et_pb_section][et_pb_section fb_built=&#8221;1&#8243; _builder_version=&#8221;4.19.4&#8243; _module_preset=&#8221;default&#8221; global_colors_info=&#8221;{}&#8221;][et_pb_row _builder_version=&#8221;4.19.4&#8243; _module_preset=&#8221;default&#8221; custom_padding=&#8221;0px||||false|false&#8221; animation_style=&#8221;fade&#8221; global_colors_info=&#8221;{}&#8221;][et_pb_column type=&#8221;4_4&#8243; _builder_version=&#8221;4.19.4&#8243; _module_preset=&#8221;default&#8221; global_colors_info=&#8221;{}&#8221;][et_pb_text _builder_version=&#8221;4.19.4&#8243; _module_preset=&#8221;default&#8221; custom_margin=&#8221;||60px||false|false&#8221; animation_style=&#8221;fade&#8221; global_colors_info=&#8221;{}&#8221;]<\/p>\n<h1 class=\"p1\"><span class=\"s1\" style=\"color: #392152;\">Nasz aktualny dzia\u0142 po\u015bwi\u0119cony bezpiecze\u0144stwu<br \/>\n<\/span><\/h1>\n<h2 class=\"p1\"><span class=\"s1\" style=\"color: #9d2c87;\">  Skup si\u0119 na czarnych punktach wypadk\u00f3w<\/span><\/h2>\n<p>[\/et_pb_text][et_pb_text _builder_version=&#8221;4.19.4&#8243; _module_preset=&#8221;default&#8221; animation_style=&#8221;fade&#8221; global_colors_info=&#8221;{}&#8221; custom_css_before_last_edited=&#8221;on|desktop&#8221;]<\/p>\n<p class=\"p1\"><span class=\"s1\">  Nasza aktualna atrakcja dotycz\u0105ca bezpiecze\u0144stwa przedstawia bardziej szczeg\u00f3\u0142owo kluczowy obszar bezpiecze\u0144stwa pracy. Wyja\u015bniamy szczeg\u00f3\u0142owo, na co nale\u017cy zwr\u00f3ci\u0107 uwag\u0119 w tym zakresie, aby\u015b m\u00f3g\u0142 bezpiecznie przej\u015b\u0107 przez sw\u00f3j dzie\u0144 pracy.  <\/span><\/p>\n<p class=\"p1\"><span class=\"s1\">  Aktualno\u015b\u0107: Niebezpiecze\u0144stwa w zimie!<\/span><\/p>\n<p>[\/et_pb_text][\/et_pb_column][\/et_pb_row][et_pb_row column_structure=&#8221;1_2,1_2&#8243; _builder_version=&#8221;4.19.4&#8243; _module_preset=&#8221;default&#8221; use_background_color_gradient=&#8221;on&#8221; background_color_gradient_stops=&#8221;#eaeaea 0%|rgba(234,234,234,0.14) 98%&#8221; custom_margin=&#8221;||||false|false&#8221; custom_padding=&#8221;20px|20px|20px|20px|false|false&#8221; animation_style=&#8221;fade&#8221; border_radii=&#8221;on|10px|10px|10px|10px&#8221; box_shadow_style=&#8221;preset2&#8243; box_shadow_horizontal=&#8221;5px&#8221; box_shadow_vertical=&#8221;5px&#8221; box_shadow_blur=&#8221;9px&#8221; box_shadow_spread=&#8221;-8px&#8221; global_colors_info=&#8221;{}&#8221;][et_pb_column type=&#8221;1_2&#8243; _builder_version=&#8221;4.19.4&#8243; _module_preset=&#8221;default&#8221; global_colors_info=&#8221;{}&#8221;][et_pb_image src=&#8221;https:\/\/together-for-safety.com\/wp-content\/uploads\/2023\/01\/img_strasse_eis.jpg&#8221; alt=&#8221;Droga Zimowy l\u00f3d&#8221; title_text=&#8221;img_street_ice&#8221; _builder_version=&#8221;4.19.4&#8243; _module_preset=&#8221;default&#8221; global_colors_info=&#8221;{}&#8221;][\/et_pb_image][\/et_pb_column][et_pb_column type=&#8221;1_2&#8243; _builder_version=&#8221;4.19.4&#8243; _module_preset=&#8221;default&#8221; global_colors_info=&#8221;{}&#8221;][et_pb_text _builder_version=&#8221;4.19.4&#8243; _module_preset=&#8221;default&#8221; global_colors_info=&#8221;{}&#8221;]<\/p>\n<h6 class=\"p1\"><span class=\"s1\">  Strze\u017ccie si\u0119 lodu i ciemno\u015bci!<\/span><\/h6>\n<p class=\"p1\"><span class=\"s1\"><\/span><\/p>\n<p class=\"p1\"><span class=\"s1\">Chro\u0144 innych i siebie! Szczeg\u00f3lnie w ciemnej porze roku trudno rozpozna\u0107 ludzi. Mo\u017ce to prowadzi\u0107 do wypadk\u00f3w, w kt\u00f3rych poszkodowani mog\u0105 by\u0107 nie tylko Pa\u0144stwo, ale r\u00f3wnie\u017c Pa\u0144stwa wsp\u00f3\u0142pracownicy. Aby tego unikn\u0105\u0107, konieczne jest noszenie odzie\u017cy roboczej z odblaskami &#8211; zw\u0142aszcza odblaskowej kurtki ochronnej.<\/span><\/p>\n<p>Uwaga na niebezpiecze\u0144stwo po\u015blizgni\u0119cia si\u0119! Oblodzone i mokre powierzchnie na terenie posesji r\u00f3wnie\u017c mog\u0105 by\u0107 niebezpieczne, gdy\u017c mo\u017cna si\u0119 na nich po\u015blizgn\u0105\u0107 lub upa\u015b\u0107. Szczeg\u00f3lnie niskie temperatury, \u015bnieg i cz\u0119ste opady w zimie sprawiaj\u0105, \u017ce jest to codzienne zagro\u017cenie. Dlatego oczyszczanie i korzystanie z dr\u00f3g urz\u0119dowych jest obowi\u0105zkowe.<\/p>\n<p class=\"p1\"><span class=\"s1\">Tutaj znajdziesz wa\u017cne zasady, kt\u00f3rych musisz przestrzega\u0107, aby bezpiecznie pracowa\u0107 zim\u0105.  <\/span><\/p>\n<p>[\/et_pb_text][\/et_pb_column][\/et_pb_row][et_pb_row _builder_version=&#8221;4.19.4&#8243; _module_preset=&#8221;default&#8221; global_colors_info=&#8221;{}&#8221;][et_pb_column type=&#8221;4_4&#8243; _builder_version=&#8221;4.19.4&#8243; _module_preset=&#8221;default&#8221; global_colors_info=&#8221;{}&#8221;][et_pb_text _builder_version=&#8221;4.19.4&#8243; _module_preset=&#8221;default&#8221; custom_margin=&#8221;100px||0px||false|false&#8221; animation_style=&#8221;fade&#8221; global_colors_info=&#8221;{}&#8221;]<\/p>\n<h2 class=\"p1\"><span class=\"s1\" style=\"color: #9d2c87;\">  7 zasad bezpiecznej zimy  <\/span><\/h2>\n<p>[\/et_pb_text][\/et_pb_column][\/et_pb_row][et_pb_row column_structure=&#8221;1_3,1_3,1_3&#8243; _builder_version=&#8221;4.19.4&#8243; _module_preset=&#8221;default&#8221; global_colors_info=&#8221;{}&#8221;][et_pb_column type=&#8221;1_3&#8243; _builder_version=&#8221;4.19.4&#8243; _module_preset=&#8221;default&#8221; global_colors_info=&#8221;{}&#8221;][et_pb_image src=&#8221;https:\/\/together-for-safety.com\/wp-content\/uploads\/2023\/01\/Wintericon_Bleib_auf_dem_richtigen_Weg.png&#8221; title_text=&#8221;Pozosta\u0144 na w\u0142a\u015bciwej drodze&#8221; _builder_version=&#8221;4.19.4&#8243; _module_preset=&#8221;default&#8221; width=&#8221;16%&#8221; custom_margin=&#8221;0px||14px||false|false&#8221; animation_style=&#8221;fade&#8221; global_colors_info=&#8221;{}&#8221;][\/et_pb_image][et_pb_text _builder_version=&#8221;4.19.4&#8243; _module_preset=&#8221;default&#8221; animation_style=&#8221;fade&#8221; global_colors_info=&#8221;{}&#8221;]<\/p>\n<h1 class=\"p1\"><span class=\"s1\"><b>Pozosta\u0144 na w\u0142a\u015bciwej drodze<\/b><br \/><\/span><\/h1>\n<p class=\"p1\"><span class=\"s1\">Mokro\u015b\u0107, \u015bnieg i l\u00f3d stwarzaj\u0105 zwi\u0119kszone ryzyko po\u015blizgni\u0119cia si\u0119 na terenie obiektu. Dlatego zwr\u00f3\u0107 szczeg\u00f3ln\u0105 uwag\u0119 na mokre lub oblodzone powierzchnie.<\/span><\/p>\n<p>[\/et_pb_text][et_pb_image src=&#8221;https:\/\/together-for-safety.com\/wp-content\/uploads\/2023\/01\/Wintericon_Stets_sichtbar_mit_Reflektoren.png&#8221; title_text=&#8221;Zawsze widoczny dzi\u0119ki odblaskom&#8221; _builder_version=&#8221;4.19.4&#8243; _module_preset=&#8221;default&#8221; width=&#8221;17%&#8221; custom_margin=&#8221;0px||10px||false|false&#8221; animation_style=&#8221;fade&#8221; global_colors_info=&#8221;{}&#8221;][\/et_pb_image][et_pb_text _builder_version=&#8221;4.19.4&#8243; _module_preset=&#8221;default&#8221; animation_style=&#8221;fade&#8221; global_colors_info=&#8221;{}&#8221;]<\/p>\n<h1 class=\"p1\"><span class=\"s1\"><b>Zawsze widoczny dzi\u0119ki odblaskom<\/b><\/span><\/h1>\n<p class=\"p1\"><span class=\"s1\">No\u015b odblaskow\u0105 kamizelk\u0119 ochronn\u0105 nie tylko podczas wykonywania czynno\u015bci, ale przez ca\u0142y czas we wszystkich miejscach na terenie obiektu.  <\/span><\/p>\n<p>[\/et_pb_text][et_pb_image src=&#8221;https:\/\/together-for-safety.com\/wp-content\/uploads\/2023\/01\/Wintericon_Sprichs_an.png&#8221; title_text=&#8221;M\u00f3wi\u0107 do&#8221; _builder_version=&#8221;4.19.4&#8243; _module_preset=&#8221;default&#8221; width=&#8221;20%&#8221; custom_margin=&#8221;0px||10px||false|false&#8221; animation_style=&#8221;fade&#8221; global_colors_info=&#8221;{}&#8221;][\/et_pb_image][et_pb_text _builder_version=&#8221;4.19.4&#8243; _module_preset=&#8221;default&#8221; animation_style=&#8221;fade&#8221; global_colors_info=&#8221;{}&#8221;]<\/p>\n<h1 class=\"p1\"><span class=\"s1\"><b>M\u00f3w o tym<\/b><br \/><\/span><\/h1>\n<p class=\"p1\"><span class=\"s1\">Porozmawiaj z kolegami, je\u015bli nosz\u0105 swoj\u0105 odblaskow\u0105 odzie\u017c ochronn\u0105 nieprawid\u0142owo lub wcale.<\/span><\/p>\n<p>[\/et_pb_text][\/et_pb_column][et_pb_column type=&#8221;1_3&#8243; _builder_version=&#8221;4.19.4&#8243; _module_preset=&#8221;default&#8221; global_colors_info=&#8221;{}&#8221;][et_pb_image src=&#8221;https:\/\/together-for-safety.com\/wp-content\/uploads\/2023\/01\/Wintericon_Behalte_den_Durchblick.png&#8221; title_text=&#8221;Zachowaj perspektyw\u0119&#8221; _builder_version=&#8221;4.19.4&#8243; _module_preset=&#8221;default&#8221; width=&#8221;14%&#8221; custom_margin=&#8221;0px||10px||false|false&#8221; animation_style=&#8221;fade&#8221; global_colors_info=&#8221;{}&#8221;][\/et_pb_image][et_pb_text _builder_version=&#8221;4.19.4&#8243; _module_preset=&#8221;default&#8221; animation_style=&#8221;fade&#8221; global_colors_info=&#8221;{}&#8221;]<\/p>\n<h1 class=\"p1\"><span class=\"s1\"><b>Zachowaj perspektyw\u0119<\/b><\/span><\/h1>\n<p class=\"p1\"><span class=\"s1\">W zimnych porach roku szyby w Twoim poje\u017adzie cz\u0119sto obladzaj\u0105 si\u0119 lub zaparowuj\u0105. Przed rozpocz\u0119ciem jazdy oczy\u015b\u0107 przedni\u0105 szyb\u0119 z lodu, mg\u0142y lub zanieczyszcze\u0144. Dotyczy to pojazd\u00f3w znajduj\u0105cych si\u0119 na terenie zak\u0142adu i poza nim.<\/span><\/p>\n<p>[\/et_pb_text][et_pb_image src=&#8221;https:\/\/together-for-safety.com\/wp-content\/uploads\/2023\/01\/Wintericon_ueberpruefe_Deine_Laufwege.png&#8221; title_text=&#8221;Sprawd\u017a swoje trasy spacerowe&#8221; _builder_version=&#8221;4.19.4&#8243; _module_preset=&#8221;default&#8221; width=&#8221;18%&#8221; custom_margin=&#8221;0px||10px||false|false&#8221; animation_style=&#8221;fade&#8221; global_colors_info=&#8221;{}&#8221;][\/et_pb_image][et_pb_text _builder_version=&#8221;4.19.4&#8243; _module_preset=&#8221;default&#8221; animation_style=&#8221;fade&#8221; global_colors_info=&#8221;{}&#8221;]<\/p>\n<h1 class=\"p1\"><span class=\"s1\"><b>Sprawd\u017a swoje trasy spacerowe<\/b><\/span><\/h1>\n<p class=\"p1\"><span class=\"s1\">Zawsze przed rozpocz\u0119ciem aktywno\u015bci sprawd\u017a, czy \u015bcie\u017cka, z kt\u00f3rej korzystasz, nie jest mokra lub oblodzona. Usu\u0144 \u015bnieg i l\u00f3d, aby zapobiec wypadkom zwi\u0105zanym z po\u015blizgni\u0119ciem.  <\/span><\/p>\n<p>[\/et_pb_text][\/et_pb_column][et_pb_column type=&#8221;1_3&#8243; _builder_version=&#8221;4.19.4&#8243; _module_preset=&#8221;default&#8221; global_colors_info=&#8221;{}&#8221;][et_pb_image src=&#8221;https:\/\/together-for-safety.com\/wp-content\/uploads\/2023\/01\/Wintericon_Sprecht_miteinander.png&#8221; title_text=&#8221;Rozmawiajcie ze sob\u0105&#8221; _builder_version=&#8221;4.19.4&#8243; _module_preset=&#8221;default&#8221; width=&#8221;17%&#8221; custom_margin=&#8221;0px||10px||false|false&#8221; animation_style=&#8221;fade&#8221; global_colors_info=&#8221;{}&#8221;][\/et_pb_image][et_pb_text _builder_version=&#8221;4.19.4&#8243; _module_preset=&#8221;default&#8221; animation_style=&#8221;fade&#8221; global_colors_info=&#8221;{}&#8221;]<\/p>\n<h1 class=\"p1\"><span class=\"s1\"><b>Rozmawiajcie ze sob\u0105<\/b><\/span><\/h1>\n<p class=\"p1\"><span class=\"s1\">W przypadku napraw zimowych w zak\u0142adzie przebywa wielu pracownik\u00f3w z firm partnerskich, kt\u00f3rzy m\u00f3wi\u0105 r\u00f3\u017cnymi j\u0119zykami. Dlatego wsp\u00f3lna wymiana jest wa\u017cna, aby mie\u0107 ten sam poziom wiedzy o pracy, kt\u00f3ra ma by\u0107 wykonana.  <\/span><\/p>\n<p class=\"p1\"><span class=\"s1\"> <\/span><\/p>\n<p>[\/et_pb_text][et_pb_image src=&#8221;https:\/\/together-for-safety.com\/wp-content\/uploads\/2023\/01\/Wintericon_Kuemmere_Dich_um_Deine_Sicherheitsjacke.png&#8221; title_text=&#8221;Zadbaj o swoj\u0105 kurtk\u0119 ochronn\u0105&#8221; _builder_version=&#8221;4.19.4&#8243; _module_preset=&#8221;default&#8221; width=&#8221;14%&#8221; custom_margin=&#8221;0px||10px||false|false&#8221; animation_style=&#8221;fade&#8221; global_colors_info=&#8221;{}&#8221;][\/et_pb_image][et_pb_text _builder_version=&#8221;4.19.4&#8243; _module_preset=&#8221;default&#8221; animation_style=&#8221;fade&#8221; global_colors_info=&#8221;{}&#8221;]<\/p>\n<h1 class=\"p1\"><span class=\"s1\"><b>Dbaj o<br \/>Twoja kurtka ochronna<\/b><\/span><\/h1>\n<p class=\"p1\"><span class=\"s1\">Kurtk\u0119 ochronn\u0105 nale\u017cy przechowywa\u0107 w czystym miejscu. Je\u015bli odblaski s\u0105 zabrudzone, nale\u017cy je wyczy\u015bci\u0107 lub wymieni\u0107 kurtk\u0119.  <\/span><\/p>\n<p>[\/et_pb_text][\/et_pb_column][\/et_pb_row][et_pb_row _builder_version=&#8221;4.19.4&#8243; _module_preset=&#8221;default&#8221; global_colors_info=&#8221;{}&#8221;][et_pb_column type=&#8221;4_4&#8243; _builder_version=&#8221;4.19.4&#8243; _module_preset=&#8221;default&#8221; global_colors_info=&#8221;{}&#8221;][et_pb_text _builder_version=&#8221;4.19.4&#8243; _module_preset=&#8221;default&#8221; custom_margin=&#8221;100px||0px||false|false&#8221; animation_style=&#8221;fade&#8221; global_colors_info=&#8221;{}&#8221;]<\/p>\n<h2 class=\"p1\"><span class=\"s1\" style=\"color: #9d2c87;\"> Odblaski w skr\u00f3cie<br \/><\/span><\/h2>\n<p>[\/et_pb_text][\/et_pb_column][\/et_pb_row][et_pb_row _builder_version=&#8221;4.19.4&#8243; _module_preset=&#8221;default&#8221; hover_enabled=&#8221;0&#8243; global_colors_info=&#8221;{}&#8221; animation_style=&#8221;fade&#8221; sticky_enabled=&#8221;0&#8243;][et_pb_column type=&#8221;4_4&#8243; _builder_version=&#8221;4.19.4&#8243; _module_preset=&#8221;default&#8221; global_colors_info=&#8221;{}&#8221;][et_pb_gallery gallery_ids=&#8221;1387,1380,1403,1396&#8243; orientation=&#8221;portrait&#8221; show_title_and_caption=&#8221;off&#8221; show_pagination=&#8221;off&#8221; _builder_version=&#8221;4.19.4&#8243; _module_preset=&#8221;default&#8221; global_colors_info=&#8221;{}&#8221;][\/et_pb_gallery][\/et_pb_column][\/et_pb_row][\/et_pb_section]<\/p>\n","protected":false},"excerpt":{"rendered":"<p>Nasz aktualny dzia\u0142 po\u015bwi\u0119cony bezpiecze\u0144stwu Skup si\u0119 na czarnych punktach wypadk\u00f3w Nasza aktualna atrakcja dotycz\u0105ca bezpiecze\u0144stwa przedstawia bardziej szczeg\u00f3\u0142owo kluczowy obszar bezpiecze\u0144stwa pracy. Wyja\u015bniamy szczeg\u00f3\u0142owo, na co nale\u017cy zwr\u00f3ci\u0107 uwag\u0119 w tym zakresie, aby\u015b m\u00f3g\u0142 bezpiecznie przej\u015b\u0107 przez sw\u00f3j dzie\u0144 pracy. Aktualno\u015b\u0107: Niebezpiecze\u0144stwa w zimie! Strze\u017ccie si\u0119 lodu i ciemno\u015bci! Chro\u0144 innych i siebie! Szczeg\u00f3lnie [&hellip;]<\/p>\n","protected":false},"author":2,"featured_media":0,"parent":0,"menu_order":0,"comment_status":"closed","ping_status":"closed","template":"","meta":{"_et_pb_use_builder":"on","_et_pb_old_content":"","_et_gb_content_width":"","_themeisle_gutenberg_block_has_review":false,"footnotes":""},"class_list":["post-641","page","type-page","status-publish","hentry"],"yoast_head":"<!-- This site is optimized with the Yoast SEO plugin v27.4 - https:\/\/yoast.com\/product\/yoast-seo-wordpress\/ -->\n<title>Lodu i ciemno\u015bci - Together for Safety<\/title>\n<meta name=\"robots\" content=\"index, follow, max-snippet:-1, max-image-preview:large, max-video-preview:-1\" \/>\n<link rel=\"canonical\" href=\"https:\/\/together-for-safety.com\/pl\/temat-miesiaca\/\" \/>\n<meta property=\"og:locale\" content=\"pl_PL\" \/>\n<meta property=\"og:type\" content=\"article\" \/>\n<meta property=\"og:title\" content=\"Lodu i ciemno\u015bci - Together for Safety\" \/>\n<meta property=\"og:description\" content=\"Nasz aktualny dzia\u0142 po\u015bwi\u0119cony bezpiecze\u0144stwu Skup si\u0119 na czarnych punktach wypadk\u00f3w Nasza aktualna atrakcja dotycz\u0105ca bezpiecze\u0144stwa przedstawia bardziej szczeg\u00f3\u0142owo kluczowy obszar bezpiecze\u0144stwa pracy. Wyja\u015bniamy szczeg\u00f3\u0142owo, na co nale\u017cy zwr\u00f3ci\u0107 uwag\u0119 w tym zakresie, aby\u015b m\u00f3g\u0142 bezpiecznie przej\u015b\u0107 przez sw\u00f3j dzie\u0144 pracy. Aktualno\u015b\u0107: Niebezpiecze\u0144stwa w zimie! Strze\u017ccie si\u0119 lodu i ciemno\u015bci! Chro\u0144 innych i siebie! Szczeg\u00f3lnie [&hellip;]\" \/>\n<meta property=\"og:url\" content=\"https:\/\/together-for-safety.com\/pl\/temat-miesiaca\/\" \/>\n<meta property=\"og:site_name\" content=\"Together for Safety\" \/>\n<meta property=\"article:modified_time\" content=\"2023-12-08T14:58:03+00:00\" \/>\n<meta name=\"twitter:card\" content=\"summary_large_image\" \/>\n<meta name=\"twitter:label1\" content=\"Szacowany czas czytania\" \/>\n\t<meta name=\"twitter:data1\" content=\"7 minut\" \/>\n<script type=\"application\/ld+json\" class=\"yoast-schema-graph\">{\"@context\":\"https:\\\/\\\/schema.org\",\"@graph\":[{\"@type\":\"WebPage\",\"@id\":\"https:\\\/\\\/together-for-safety.com\\\/pl\\\/temat-miesiaca\\\/\",\"url\":\"https:\\\/\\\/together-for-safety.com\\\/pl\\\/temat-miesiaca\\\/\",\"name\":\"Lodu i ciemno\u015bci - Together for Safety\",\"isPartOf\":{\"@id\":\"https:\\\/\\\/together-for-safety.com\\\/pl\\\/#website\"},\"datePublished\":\"2022-12-31T10:00:26+00:00\",\"dateModified\":\"2023-12-08T14:58:03+00:00\",\"breadcrumb\":{\"@id\":\"https:\\\/\\\/together-for-safety.com\\\/pl\\\/temat-miesiaca\\\/#breadcrumb\"},\"inLanguage\":\"pl-PL\",\"potentialAction\":[{\"@type\":\"ReadAction\",\"target\":[\"https:\\\/\\\/together-for-safety.com\\\/pl\\\/temat-miesiaca\\\/\"]}]},{\"@type\":\"BreadcrumbList\",\"@id\":\"https:\\\/\\\/together-for-safety.com\\\/pl\\\/temat-miesiaca\\\/#breadcrumb\",\"itemListElement\":[{\"@type\":\"ListItem\",\"position\":1,\"name\":\"Startseite\",\"item\":\"https:\\\/\\\/together-for-safety.com\\\/pl\\\/\"},{\"@type\":\"ListItem\",\"position\":2,\"name\":\"Lodu i ciemno\u015bci\"}]},{\"@type\":\"WebSite\",\"@id\":\"https:\\\/\\\/together-for-safety.com\\\/pl\\\/#website\",\"url\":\"https:\\\/\\\/together-for-safety.com\\\/pl\\\/\",\"name\":\"Together for Safety\",\"description\":\"Kampagne zur Arbeitssicherheit von Dyckerhoff\",\"potentialAction\":[{\"@type\":\"SearchAction\",\"target\":{\"@type\":\"EntryPoint\",\"urlTemplate\":\"https:\\\/\\\/together-for-safety.com\\\/pl\\\/?s={search_term_string}\"},\"query-input\":{\"@type\":\"PropertyValueSpecification\",\"valueRequired\":true,\"valueName\":\"search_term_string\"}}],\"inLanguage\":\"pl-PL\"}]}<\/script>\n<!-- \/ Yoast SEO plugin. -->","yoast_head_json":{"title":"Lodu i ciemno\u015bci - Together for Safety","robots":{"index":"index","follow":"follow","max-snippet":"max-snippet:-1","max-image-preview":"max-image-preview:large","max-video-preview":"max-video-preview:-1"},"canonical":"https:\/\/together-for-safety.com\/pl\/temat-miesiaca\/","og_locale":"pl_PL","og_type":"article","og_title":"Lodu i ciemno\u015bci - Together for Safety","og_description":"Nasz aktualny dzia\u0142 po\u015bwi\u0119cony bezpiecze\u0144stwu Skup si\u0119 na czarnych punktach wypadk\u00f3w Nasza aktualna atrakcja dotycz\u0105ca bezpiecze\u0144stwa przedstawia bardziej szczeg\u00f3\u0142owo kluczowy obszar bezpiecze\u0144stwa pracy. Wyja\u015bniamy szczeg\u00f3\u0142owo, na co nale\u017cy zwr\u00f3ci\u0107 uwag\u0119 w tym zakresie, aby\u015b m\u00f3g\u0142 bezpiecznie przej\u015b\u0107 przez sw\u00f3j dzie\u0144 pracy. Aktualno\u015b\u0107: Niebezpiecze\u0144stwa w zimie! Strze\u017ccie si\u0119 lodu i ciemno\u015bci! Chro\u0144 innych i siebie! Szczeg\u00f3lnie [&hellip;]","og_url":"https:\/\/together-for-safety.com\/pl\/temat-miesiaca\/","og_site_name":"Together for Safety","article_modified_time":"2023-12-08T14:58:03+00:00","twitter_card":"summary_large_image","twitter_misc":{"Szacowany czas czytania":"7 minut"},"schema":{"@context":"https:\/\/schema.org","@graph":[{"@type":"WebPage","@id":"https:\/\/together-for-safety.com\/pl\/temat-miesiaca\/","url":"https:\/\/together-for-safety.com\/pl\/temat-miesiaca\/","name":"Lodu i ciemno\u015bci - Together for Safety","isPartOf":{"@id":"https:\/\/together-for-safety.com\/pl\/#website"},"datePublished":"2022-12-31T10:00:26+00:00","dateModified":"2023-12-08T14:58:03+00:00","breadcrumb":{"@id":"https:\/\/together-for-safety.com\/pl\/temat-miesiaca\/#breadcrumb"},"inLanguage":"pl-PL","potentialAction":[{"@type":"ReadAction","target":["https:\/\/together-for-safety.com\/pl\/temat-miesiaca\/"]}]},{"@type":"BreadcrumbList","@id":"https:\/\/together-for-safety.com\/pl\/temat-miesiaca\/#breadcrumb","itemListElement":[{"@type":"ListItem","position":1,"name":"Startseite","item":"https:\/\/together-for-safety.com\/pl\/"},{"@type":"ListItem","position":2,"name":"Lodu i ciemno\u015bci"}]},{"@type":"WebSite","@id":"https:\/\/together-for-safety.com\/pl\/#website","url":"https:\/\/together-for-safety.com\/pl\/","name":"Together for Safety","description":"Kampagne zur Arbeitssicherheit von Dyckerhoff","potentialAction":[{"@type":"SearchAction","target":{"@type":"EntryPoint","urlTemplate":"https:\/\/together-for-safety.com\/pl\/?s={search_term_string}"},"query-input":{"@type":"PropertyValueSpecification","valueRequired":true,"valueName":"search_term_string"}}],"inLanguage":"pl-PL"}]}},"_links":{"self":[{"href":"https:\/\/together-for-safety.com\/pl\/wp-json\/wp\/v2\/pages\/641","targetHints":{"allow":["GET"]}}],"collection":[{"href":"https:\/\/together-for-safety.com\/pl\/wp-json\/wp\/v2\/pages"}],"about":[{"href":"https:\/\/together-for-safety.com\/pl\/wp-json\/wp\/v2\/types\/page"}],"author":[{"embeddable":true,"href":"https:\/\/together-for-safety.com\/pl\/wp-json\/wp\/v2\/users\/2"}],"replies":[{"embeddable":true,"href":"https:\/\/together-for-safety.com\/pl\/wp-json\/wp\/v2\/comments?post=641"}],"version-history":[{"count":16,"href":"https:\/\/together-for-safety.com\/pl\/wp-json\/wp\/v2\/pages\/641\/revisions"}],"predecessor-version":[{"id":7157,"href":"https:\/\/together-for-safety.com\/pl\/wp-json\/wp\/v2\/pages\/641\/revisions\/7157"}],"wp:attachment":[{"href":"https:\/\/together-for-safety.com\/pl\/wp-json\/wp\/v2\/media?parent=641"}],"curies":[{"name":"wp","href":"https:\/\/api.w.org\/{rel}","templated":true}]}}